{"id":13,"date":"2019-05-28T01:17:46","date_gmt":"2019-05-27T23:17:46","guid":{"rendered":"https:\/\/www.selleriesaft.com\/?page_id=13"},"modified":"2025-10-18T23:55:23","modified_gmt":"2025-10-18T21:55:23","slug":"imprint","status":"publish","type":"page","link":"https:\/\/www.selleriesaft.com\/en\/impressum\/","title":{"rendered":"imprint"},"content":{"rendered":"<div data-elementor-type=\"wp-page\" data-elementor-id=\"13\" class=\"elementor elementor-13\" data-elementor-post-type=\"page\">\n\t\t\t\t<div class=\"elementor-element elementor-element-d422765 e-flex e-con-boxed e-con e-parent\" data-id=\"d422765\" data-element_type=\"container\" data-e-type=\"container\" data-settings=\"{&quot;background_background&quot;:&quot;classic&quot;}\">\n\t\t\t\t\t<div class=\"e-con-inner\">\n\t\t\t\t<div class=\"elementor-element elementor-element-0dcc007 elementor-widget elementor-widget-text-editor\" data-id=\"0dcc007\" data-element_type=\"widget\" data-e-type=\"widget\" data-widget_type=\"text-editor.default\">\n\t\t\t\t\t\t\t\t\t<h1>imprint<\/h1><p><b>Accor\u00adding to \u00a7 5&nbsp;TMG<\/b><\/p><p>Meli\u00adke Ill\u00adner<br>Rin\u00adnen\u00adbach\u00adstras\u00adse 16\/1<br>73760 Ost\u00adfil\u00addern<\/p><p><b>Cont\u00adact<\/b><\/p><p>Email: moin@selleriesaft.com<\/p><p><strong>VAT ID&nbsp;No.<\/strong><\/p><p>DE452435743<\/p><h2>Dis\u00adclai\u00admer<\/h2><p><strong>Lia\u00adbi\u00adli\u00adty for content<\/strong><\/p><p>As a ser\u00advice pro\u00advi\u00adder, we are respon\u00adsi\u00adble for our own con\u00adtent on the\u00adse pages in accordance with gene\u00adral laws in accordance with Sec\u00adtion 7 Para\u00adgraph 1 TMG. Howe\u00adver, accor\u00adding to Sec\u00adtions 8 to 10 TMG, as a ser\u00advice pro\u00advi\u00adder we are not obli\u00adged to moni\u00adtor trans\u00admit\u00adted or stored third-par\u00adty infor\u00adma\u00adti\u00adon or to inves\u00adti\u00adga\u00adte cir\u00adcum\u00ads\u00adtances that indi\u00adca\u00adte ille\u00adgal activity.<\/p><p>Obli\u00adga\u00adti\u00adons to remo\u00adve or block the use of infor\u00adma\u00adti\u00adon in accordance with gene\u00adral law remain unaf\u00adfec\u00adted. Howe\u00adver, lia\u00adbi\u00adli\u00adty in this regard is only pos\u00adsi\u00adble from the time of know\u00adledge of a spe\u00adci\u00adfic legal vio\u00adla\u00adti\u00adon. If we beco\u00adme awa\u00adre of any cor\u00adre\u00adspon\u00adding legal vio\u00adla\u00adti\u00adons, we will imme\u00addia\u00adte\u00adly remo\u00adve this content.<\/p><p><strong>Lia\u00adbi\u00adli\u00adty for&nbsp;links<\/strong><\/p><p>Our offer con\u00adta\u00adins links to exter\u00adnal third-par\u00adty web\u00adsites over who\u00adse con\u00adtent we have no influence. We the\u00adr\u00ade\u00adfo\u00adre can\u00adnot assu\u00adme any lia\u00adbi\u00adli\u00adty for this exter\u00adnal con\u00adtent. The respec\u00adti\u00adve pro\u00advi\u00adder or ope\u00adra\u00adtor of the pages is always respon\u00adsi\u00adble for the con\u00adtent of the lin\u00adked pages. The lin\u00adked pages were che\u00adcked for pos\u00adsi\u00adble legal vio\u00adla\u00adti\u00adons at the time of lin\u00adking. Ille\u00adgal con\u00adtent was not appa\u00adrent at the time of linking.<\/p><p>Howe\u00adver, per\u00adma\u00adnent con\u00adtrol of the con\u00adtent of the lin\u00adked pages is unre\u00adasonable wit\u00adhout con\u00adcre\u00adte evi\u00addence of a legal vio\u00adla\u00adti\u00adon. If we beco\u00adme awa\u00adre of any legal vio\u00adla\u00adti\u00adons, we will imme\u00addia\u00adte\u00adly remo\u00adve such&nbsp;links.<\/p><p><strong>copy\u00adright<\/strong><\/p><p>The con\u00adtent and works on the\u00adse pages crea\u00adted by the site ope\u00adra\u00adtors are sub\u00adject to Ger\u00adman copy\u00adright law. Repro\u00adduc\u00adtion, pro\u00adces\u00adsing, dis\u00adtri\u00adbu\u00adti\u00adon and any kind of explo\u00adita\u00adti\u00adon out\u00adside the limits of copy\u00adright law requi\u00adre the writ\u00adten con\u00adsent of the respec\u00adti\u00adve aut\u00adhor or crea\u00adtor. Down\u00adloads and copies of this page are only per\u00admit\u00adted for pri\u00adva\u00adte, non-com\u00admer\u00adcial&nbsp;use.<\/p><p>If the con\u00adtent on this site was not crea\u00adted by the ope\u00adra\u00adtor, the copy\u00adrights of third par\u00adties are respec\u00adted. In par\u00adti\u00adcu\u00adlar con\u00adtents of third par\u00adties are mark\u00aded as such. Should you nevert\u00adhel\u00adess beco\u00adme awa\u00adre of a copy\u00adright inf\u00adrin\u00adge\u00adment, we ask that you noti\u00adfy us accor\u00addin\u00adgly. If we beco\u00adme awa\u00adre of any legal vio\u00adla\u00adti\u00adons, we will imme\u00addia\u00adte\u00adly remo\u00adve such content.<\/p>\t\t\t\t\t\t\t\t<\/div>\n\t\t\t\t\t<\/div>\n\t\t\t\t<\/div>\n\t\t\t\t<\/div>","protected":false},"excerpt":{"rendered":"<p>Impressum Angaben gem\u00e4\u00df \u00a7 5 TMG Melike IllnerRinnenbachstra\u00dfe 16\/173760 Ostfildern Kontakt E-Mail: moin@selleriesaft.com USt-IdNr. DE452435743 Disclaimer Haftung f\u00fcr Inhalte Als Diensteanbieter sind wir gem\u00e4\u00df \u00a7 7 Abs.1 TMG f\u00fcr eigene Inhalte auf diesen Seiten nach den allgemeinen Gesetzen verantwortlich. Nach \u00a7\u00a7 8 bis 10 TMG sind wir als Diensteanbieter jedoch nicht verpflichtet, \u00fcbermittelte oder gespeicherte [&hellip;]<\/p>\n","protected":false},"author":1,"featured_media":0,"parent":0,"menu_order":0,"comment_status":"closed","ping_status":"closed","template":"","meta":{"_acf_changed":false,"wp_typography_post_enhancements_disabled":false,"footnotes":""},"class_list":["post-13","page","type-page","status-publish","hentry"],"acf":[],"_links":{"self":[{"href":"https:\/\/www.selleriesaft.com\/en\/wp-json\/wp\/v2\/pages\/13","targetHints":{"allow":["GET"]}}],"collection":[{"href":"https:\/\/www.selleriesaft.com\/en\/wp-json\/wp\/v2\/pages"}],"about":[{"href":"https:\/\/www.selleriesaft.com\/en\/wp-json\/wp\/v2\/types\/page"}],"author":[{"embeddable":true,"href":"https:\/\/www.selleriesaft.com\/en\/wp-json\/wp\/v2\/users\/1"}],"replies":[{"embeddable":true,"href":"https:\/\/www.selleriesaft.com\/en\/wp-json\/wp\/v2\/comments?post=13"}],"version-history":[{"count":0,"href":"https:\/\/www.selleriesaft.com\/en\/wp-json\/wp\/v2\/pages\/13\/revisions"}],"wp:attachment":[{"href":"https:\/\/www.selleriesaft.com\/en\/wp-json\/wp\/v2\/media?parent=13"}],"curies":[{"name":"wp","href":"https:\/\/api.w.org\/{rel}","templated":true}]}}