{"id":27026,"date":"2022-06-07T12:16:48","date_gmt":"2022-06-07T10:16:48","guid":{"rendered":"https:\/\/www.selleriesaft.com\/?page_id=27026"},"modified":"2024-03-24T23:10:27","modified_gmt":"2024-03-24T22:10:27","slug":"celeryforce","status":"publish","type":"page","link":"https:\/\/www.selleriesaft.com\/en\/vimergy\/celeryforce\/","title":{"rendered":"Cele\u00adry\u00adforce\u00ae from Vimergy"},"content":{"rendered":"<h2 class=\"wp-block-heading\">The Cele\u00adry\u00adforce from Vimer\u00adgy cap\u00adsu\u00adles \u2013 an overview<\/h2>\n\n\n\n<p>At a time when our body is con\u00adstant\u00adly expo\u00adsed to high levels of stress, it is important to pro\u00advi\u00adde it with the neces\u00adsa\u00adry nut\u00adri\u00adents. This is whe\u00adre nut\u00adri\u00adtio\u00adnal sup\u00adple\u00adments come into play, such as Vimergy\u2019s Cele\u00adry\u00adForce\u00ae cap\u00adsu\u00adles, which pro\u00advi\u00adde a wealth of vit\u00adamins, mine\u00adrals and essen\u00adti\u00adal ami\u00adno&nbsp;acids.<\/p>\n\n\n\n<h2 class=\"wp-block-heading\">Does Cele\u00adry\u00adforce deser\u00adve a spot on my shop\u00adping&nbsp;list?<\/h2>\n\n\n\n<p>Sup\u00adple\u00adments like Cele\u00adry\u00adForce Vimer\u00adgy cap\u00adsu\u00adles have many bene\u00adfits. They are an easy way to get addi\u00adtio\u00adnal nut\u00adri\u00adents and can be con\u00adve\u00adni\u00adent\u00adly orde\u00adred online, for exam\u00adp\u00adle from a mail order phar\u00adma\u00adcy. But are they worth buying?<\/p>\n\n\n\n<h3 class=\"wp-block-heading\">The advan\u00adta\u00adges<\/h3>\n\n\n\n<p>Vimergy\u2019s cap\u00adsu\u00adles offer many bene\u00adfits, start\u00ading with the fact that they come in a con\u00adve\u00adni\u00adent vege\u00adta\u00adri\u00adan cap\u00adsu\u00adle. They also con\u00adtain a mix\u00adtu\u00adre of magne\u00adsi\u00adum gly\u00adci\u00adna\u00adte, L\u2011taurine and cho\u00adli\u00adne, which ensu\u00adre a healt\u00adhy meta\u00adbo\u00adlism, nor\u00admal mus\u00adcle func\u00adtion and nor\u00admal men\u00adtal activity.<\/p>\n\n\n\n<h3 class=\"wp-block-heading\">The prac\u00adti\u00adcal\u00adi\u00adty<\/h3>\n\n\n\n<p>Using the cap\u00adsu\u00adles is also easy. They are \u201cslee\u00adved,\u201d mea\u00adning they can be easi\u00adly swal\u00adlo\u00adwed. They can also be easi\u00adly inte\u00adgra\u00adted into your dai\u00adly rou\u00adti\u00adne and offer a simp\u00adle addi\u00adti\u00adon to a varied and healt\u00adhy lifestyle.<\/p>\n\n\n\n<h2 class=\"wp-block-heading\">What can Cele\u00adry\u00adforce do for my health?<\/h2>\n\n\n\n<p>The Cele\u00adry\u00adForce cap\u00adsu\u00adles are more than just a simp\u00adle sup\u00adple\u00adment. They offer a ran\u00adge of health bene\u00adfits ran\u00adging from impro\u00adved diges\u00adti\u00adon to bet\u00adter concentration.<\/p>\n\n\n\n<h3 class=\"wp-block-heading\">The acti\u00adve ingredients<\/h3>\n\n\n\n<p>The acti\u00adve ingre\u00addi\u00adents in the cap\u00adsu\u00adles are diver\u00adse and careful\u00adly sel\u00adec\u00adted. The\u00adse include cho\u00adli\u00adne, which helps main\u00adtain nor\u00admal liver func\u00adtion, and ino\u00adsi\u00adtol, a com\u00adpo\u00adnent of the mix\u00adtu\u00adre, should be taken within the recom\u00admen\u00added dai\u00adly inta\u00adke as it is an important nut\u00adri\u00adent for the brain. The cap\u00adsu\u00adles also con\u00adtain L\u2011glutamine, an ami\u00adno acid that is wide\u00adly dis\u00adtri\u00adbu\u00adted in the body and has many func\u00adtions, inclu\u00adding sup\u00adport\u00ading the immu\u00adne system.<\/p>\n\n\n\n<h3 class=\"wp-block-heading\">This is how the nut\u00adri\u00adents affect the&nbsp;body<\/h3>\n\n\n\n<p>The nut\u00adri\u00adents have a syn\u00ader\u00adgi\u00adstic effect on the body. They help sup\u00adport the nor\u00admal func\u00adtion of cells and pro\u00adtect the body from oxi\u00adda\u00adtive stress. They also sup\u00adport a healt\u00adhy ner\u00advous sys\u00adtem and con\u00adtri\u00adbu\u00adte to nor\u00admal cogni\u00adti\u00adve function.<\/p>\n\n\n\n<h3 class=\"wp-block-heading\">The Health Bene\u00adfits of Cele\u00adry&nbsp;Juice<\/h3>\n\n\n\n<p>Drin\u00adking cele\u00adry juice offers many health bene\u00adfits. It is rich in vit\u00adamins and mine\u00adrals and pro\u00advi\u00addes a natu\u00adral source of anti\u00adoxi\u00addants. It can also help deto\u00adxi\u00adfy the body, aid diges\u00adti\u00adon and increase energy.<\/p>\n\n\n\n<h2 class=\"wp-block-heading\">What are the nut\u00adri\u00adtio\u00adnal values of Celeryforce?<\/h2>\n\n\n\n<p>Despi\u00adte the bene\u00adfits that Cele\u00adry\u00adForce cap\u00adsu\u00adles offer, it is important to note that die\u00adta\u00adry sup\u00adple\u00adments are not a sub\u00adsti\u00adtu\u00adte for a balan\u00adced and healt\u00adhy diet. They should be seen as a com\u00adple\u00adment to a healt\u00adhy life\u00adstyle and not as the sole method of obtai\u00adning nutrients.<\/p>\n\n\n\n<h3 class=\"wp-block-heading\">Other Vimer\u00adgy pro\u00adducts and their benefits<\/h3>\n\n\n\n<p>Vimer\u00adgy offers a ran\u00adge of other pro\u00adducts that also con\u00adtain valuable nut\u00adri\u00adents. The\u00adse include pro\u00adducts with tau\u00adri\u00adne, an ami\u00adno acid that sup\u00adports the ner\u00advous sys\u00adtem and con\u00adtri\u00adbu\u00adtes to heart health.<\/p>\n\n\n\n<h3 class=\"wp-block-heading\">Rep\u00adle\u00adnis\u00adhing nut\u00adri\u00adents through a balan\u00adced&nbsp;diet<\/h3>\n\n\n\n<p>So, alt\u00adhough the cap\u00adsu\u00adles can be a hel\u00adpful sup\u00adple\u00adment, it is still important to main\u00adtain a balan\u00adced diet. A diet rich in fruits, vege\u00adta\u00adbles, who\u00adle grains, lean pro\u00adte\u00adins and healt\u00adhy fats can pro\u00advi\u00adde us with most of the nut\u00adri\u00adents we need and should not exceed the recom\u00admen\u00added dai\u00adly intake.<\/p>\n\n\n\n<h3 class=\"wp-block-heading\">A healt\u00adhy diet is not a sub\u00adsti\u00adtu\u00adte for nut\u00adri\u00adtio\u00adnal sup\u00adple\u00adments and vice&nbsp;versa<\/h3>\n\n\n\n<p>It is important to under\u00adstand that a healt\u00adhy diet and sup\u00adple\u00adments should go hand in hand, but sup\u00adple\u00adments do not replace a balan\u00adced diet. While a healt\u00adhy diet pro\u00advi\u00addes us with most of the nut\u00adri\u00adents we need, NEM like Cele\u00adry\u00adForce cap\u00adsu\u00adles can help fill any gaps and take our health to the next&nbsp;level.<\/p>\n\n\n\n<p><strong>Cele\u00adry\u00adforce<\/strong>\u00ae is a mix\u00adtu\u00adre of vit\u00adamins, mine\u00adrals and ami\u00adno&nbsp;acids.<\/p>\n\n\n\n<h2 class=\"wp-block-heading\">What is the scope of Celeryforce\u00ae?<\/h2>\n\n\n\n<p>It helps main\u00adtain nor\u00admal func\u00adtio\u00adning of the ner\u00advous sys\u00adtem and mus\u00adcles. In addi\u00adti\u00adon, it impro\u00adves cel\u00adlu\u00adlar func\u00adtion, immu\u00adne sys\u00adtem and car\u00addio\u00advas\u00adcu\u00adlar health.<\/p>\n\n\n\n<p><strong>Cele\u00adry\u00adforce<\/strong>\u00ae pro\u00advi\u00addes an easy way to absorb the essen\u00adti\u00adal vit\u00adamins, mine\u00adrals and ami\u00adno acids nee\u00added by many vital are\u00adas of the body to func\u00adtion smoothly.<\/p>\n\n\n\n<h2 class=\"wp-block-heading\">Is Cele\u00adry\u00adforce a sub\u00adsti\u00adtu\u00adte for cele\u00adry&nbsp;juice?<\/h2>\n\n\n\n<p>Cele\u00adry\u00adforce\u00ae does not replace cele\u00adry juice and does not con\u00adtain cele\u00adry its\u00adelf. It enhan\u00adces the heal\u00ading pro\u00adper\u00adties of cele\u00adry juice as both enhan\u00adce each other. Cele\u00adry\u00adforce is a nut\u00adri\u00adtio\u00adnal sup\u00adple\u00adment and the mix\u00adtu\u00adre it con\u00adta\u00adins should be seen as a sup\u00adple\u00adment to a balan\u00adced&nbsp;diet.<\/p>\n\n\n\n<h2 class=\"wp-block-heading\">Can you take Cele\u00adry\u00adforce\u00ae at the same time as cele\u00adry&nbsp;juice?<\/h2>\n\n\n\n<p>No, cele\u00adry juice must always be drunk sepa\u00adra\u00adte\u00adly so that it can deve\u00adlop its bene\u00adfi\u00adci\u00adal effects. Vimer\u00adgy Cele\u00adry\u00adforce\u00ae is ide\u00adal\u00adly taken 30 minu\u00adtes befo\u00adre or after Sesa. If this time inter\u00adval from cele\u00adry is not pos\u00adsi\u00adble in the mor\u00adning, then it still has a good effect in the after\u00adnoon, as the sodium clus\u00adter salts in sesa are still acti\u00adve&nbsp;then.<\/p>\n\n\n\n<p>It helps in the for\u00adma\u00adti\u00adon of healt\u00adhy neu\u00adro\u00adtrans\u00admit\u00adter signals, healt\u00adhy mus\u00adcle func\u00adtions, healt\u00adhy ner\u00adve trans\u00admis\u00adsi\u00adon and even healt\u00adhy cel\u00adlu\u00adlar functions.<\/p>\n\n\n\n<p><strong>Ingre\u00addi\u00adents:<\/strong><\/p>\n\n\n\n<ul class=\"wp-block-list\">\n<li>Magne\u00adsi\u00adum glycinate<\/li>\n\n\n\n<li>Ino\u00adsi\u00adtol<\/li>\n\n\n\n<li>L\u2011glutamine<\/li>\n\n\n\n<li>L\u2011taurine<\/li>\n\n\n\n<li>Cho\u00adli\u00adne<\/li>\n\n\n\n<li>Cel\u00adlu\u00adlo\u00adse filler<\/li>\n\n\n\n<li>Cap\u00adsu\u00adle shell vege\u00adta\u00adri\u00adan cap\u00adsu\u00adle (cel\u00adlu\u00adlo\u00adse,&nbsp;water)<\/li>\n\n\n\n<li>Emul\u00adsi\u00adfier leci\u00adthin (sun\u00adflower)<\/li>\n<\/ul>\n\n\n\n<p><strong>Addi\u00adtio\u00adnal Information:<\/strong><\/p>\n\n\n\n<ul class=\"wp-block-list\">\n<li>Cho\u00adli\u00adne is a mem\u00adber of the B vit\u00adamin fami\u00adly that sup\u00adports cell health and is part of the Cele\u00adry\u00adforce\u00ae blend, which should be kept out of the reach of small children.<\/li>\n\n\n\n<li>Cho\u00adli\u00adne is essen\u00adti\u00adal for the pro\u00adduc\u00adtion of the neu\u00adro\u00adtrans\u00admit\u00adter acetylcholine<\/li>\n\n\n\n<li>Cho\u00adli\u00adne helps with healt\u00adhy ner\u00adve trans\u00admis\u00adsi\u00adon and is essen\u00adti\u00adal for lipid trans\u00adport and metabolism<\/li>\n\n\n\n<li>Ino\u00adsi\u00adtol pro\u00admo\u00adtes healt\u00adhy cell func\u00adtion, but should be taken in com\u00adbi\u00adna\u00adti\u00adon with a varied and balan\u00adced diet and a healt\u00adhy lifestyle.<\/li>\n\n\n\n<li>Ino\u00adsi\u00adtol is essen\u00adti\u00adal for healt\u00adhy neu\u00adro\u00adtrans\u00admit\u00adter signaling<\/li>\n\n\n\n<li>Magne\u00adsi\u00adum is an important cofac\u00adtor for over 300 enzy\u00adme sys\u00adtems. Magne\u00adsi\u00adum is essen\u00adti\u00adal for mito\u00adchon\u00addri\u00adal func\u00adtion and for DNA and RNA synthesis<\/li>\n\n\n\n<li>Magne\u00adsi\u00adum is cru\u00adcial for the acti\u00adva\u00adti\u00adon of ade\u00adny\u00adla\u00adte cycla\u00adse, which is an important regu\u00adla\u00adtor of cel\u00adlu\u00adlar acti\u00advi\u00adty and is essen\u00adti\u00adal for healt\u00adhy mus\u00adcle function<\/li>\n\n\n\n<li>L\u2011Glutamine streng\u00adthens the func\u00adtion of a healt\u00adhy immu\u00adne system<\/li>\n\n\n\n<li>L\u2011Taurine is important for cel\u00adlu\u00adlar health and also sup\u00adports car\u00addio\u00advas\u00adcu\u00adlar health<\/li>\n\n\n\n<li>This is not cele\u00adry juice pow\u00adder and can\u00adnot replace dai\u00adly&nbsp;sesa<\/li>\n\n\n\n<li>Non-GMO, Glu\u00adten Free, Kos\u00adher, Corn Free, Soy Free, Vegan, Paleo<\/li>\n\n\n\n<li>No citric acid and no gelatin<\/li>\n<\/ul>\n\n\n\n<p><strong>Dosa\u00adge:<\/strong><\/p>\n\n\n\n<p>Accor\u00adding to packa\u00adge direc\u00adtions, take at any time of the day or at least 30 minu\u00adtes befo\u00adre or after drin\u00adking cele\u00adry&nbsp;juice.<\/p>\n\n\n\n<p><strong>A noti\u00adce:<br><\/strong>The recom\u00admen\u00added dai\u00adly dose should not be excee\u00added. Die\u00adta\u00adry sup\u00adple\u00adments should not be used as a sub\u00adsti\u00adtu\u00adte for a varied diet. A balan\u00adced diet and a healt\u00adhy life\u00adstyle are important, and NEM such as Cele\u00adry\u00adforce\u00ae blend can play a sup\u00adport\u00ading role, but should not be used as a repla\u00adce\u00adment. Keep out of the reach of children.<\/p>","protected":false},"excerpt":{"rendered":"<p>Die Celeryforce von Vimergy Kapseln &#8211; Ein \u00dcberblick In einer Zeit, in der unser K\u00f6rper st\u00e4ndig hohen Belastungen ausgesetzt ist, ist es wichtig, ihm die n\u00f6tigen N\u00e4hrstoffe zuzuf\u00fchren. Hier kommen Nahrungserg\u00e4nzungsmittel ins Spiel, wie zum Beispiel die CeleryForce\u00ae von Vimergy Kapseln, die eine F\u00fclle von Vitaminen, Mineralien und essenziellen Aminos\u00e4uren bieten. Hat Celeryforce&nbsp;einen Platz auf [&hellip;]<\/p>\n","protected":false},"author":1,"featured_media":27095,"parent":38482,"menu_order":0,"comment_status":"closed","ping_status":"closed","template":"","meta":{"_acf_changed":false,"wp_typography_post_enhancements_disabled":false,"footnotes":""},"class_list":["post-27026","page","type-page","status-publish","has-post-thumbnail","hentry"],"acf":[],"_links":{"self":[{"href":"https:\/\/www.selleriesaft.com\/en\/wp-json\/wp\/v2\/pages\/27026","targetHints":{"allow":["GET"]}}],"collection":[{"href":"https:\/\/www.selleriesaft.com\/en\/wp-json\/wp\/v2\/pages"}],"about":[{"href":"https:\/\/www.selleriesaft.com\/en\/wp-json\/wp\/v2\/types\/page"}],"author":[{"embeddable":true,"href":"https:\/\/www.selleriesaft.com\/en\/wp-json\/wp\/v2\/users\/1"}],"replies":[{"embeddable":true,"href":"https:\/\/www.selleriesaft.com\/en\/wp-json\/wp\/v2\/comments?post=27026"}],"version-history":[{"count":0,"href":"https:\/\/www.selleriesaft.com\/en\/wp-json\/wp\/v2\/pages\/27026\/revisions"}],"up":[{"embeddable":true,"href":"https:\/\/www.selleriesaft.com\/en\/wp-json\/wp\/v2\/pages\/38482"}],"wp:featuredmedia":[{"embeddable":true,"href":"https:\/\/www.selleriesaft.com\/en\/wp-json\/wp\/v2\/media\/27095"}],"wp:attachment":[{"href":"https:\/\/www.selleriesaft.com\/en\/wp-json\/wp\/v2\/media?parent=27026"}],"curies":[{"name":"wp","href":"https:\/\/api.w.org\/{rel}","templated":true}]}}