{"id":27221,"date":"2022-06-10T20:49:43","date_gmt":"2022-06-10T18:49:43","guid":{"rendered":"https:\/\/www.selleriesaft.com\/?page_id=27221"},"modified":"2024-03-26T11:40:45","modified_gmt":"2024-03-26T10:40:45","slug":"zinc","status":"publish","type":"page","link":"https:\/\/www.selleriesaft.com\/en\/vimergy\/zinc\/","title":{"rendered":"Vimer\u00adgy Zinc (zinc sul\u00adfa\u00adte liquid)"},"content":{"rendered":"<p>Nowa\u00addays, many peo\u00adp\u00adle are zinc defi\u00adci\u00adent. That\u2019s why it makes sen\u00adse to take a high-qua\u00adli\u00adty zinc pre\u00adpa\u00adra\u00adti\u00adon in the form of Vimer\u00adgy Zinc (liquid zinc sul\u00adfa\u00adte) every day. Zinc is a par\u00adti\u00adcu\u00adlar\u00adly important mine\u00adral that main\u00adta\u00adins count\u00adless func\u00adtions in the body and plays a key role. Wit\u00adhout zinc the\u00adre would be no healt\u00adhy meta\u00adbo\u00adlism and the immu\u00adne sys\u00adtem is also sup\u00adport\u00aded by its anti\u00adoxi\u00addant components.<\/p>\n\n\n\n<h2 class=\"wp-block-heading\">The liver needs zinc sul\u00adfa\u00adte liquid for its pro\u00adtec\u00adti\u00adve functions<\/h2>\n\n\n\n<p>The liver reli\u00ades on zinc to do its many jobs. Zinc is neces\u00adsa\u00adry for all of the liver\u2019s more than 2,000 func\u00adtions. The zinc reser\u00adves in the liver are quick\u00adly deple\u00adted becau\u00adse a lot of zinc is used up due to the high men\u00adtal and phy\u00adsi\u00adcal stress. Enough zinc is no lon\u00adger absor\u00adbed through food becau\u00adse the ara\u00adble land is not suf\u00adfi\u00adci\u00adent\u00adly sup\u00adpli\u00aded with zinc. Zinc sul\u00adfa\u00adte is capa\u00adble of fight\u00ading viru\u00ads\u00ades and today\u2019s expo\u00adsure is quick\u00adly deple\u00adting the\u00adse sup\u00adpli\u00ades. If the\u00adre is a suf\u00adfi\u00adci\u00adent\u00adly high level of zinc in the liver, the liver\u2019s immu\u00adne sys\u00adtem can fight off invaders.<\/p>\n\n\n\n<h2 class=\"wp-block-heading\">Zinc is important for the thy\u00adro\u00adid and adre\u00adnal glands<\/h2>\n\n\n\n<p><strong>Liquid zinc sul\u00adfa\u00adte<\/strong> also streng\u00adthens and sta\u00adbi\u00adli\u00adzes the thy\u00adro\u00adid <a href=\"https:\/\/www.selleriesaft.com\/en\/day\/adrenal-glands\/\">adre\u00adnal glands<\/a>. It is also important for fer\u00adti\u00adli\u00adty. It is also an anti\u00adsep\u00adtic for patho\u00adgens such as <a href=\"https:\/\/www.selleriesaft.com\/en\/ebv-protokoll-nach-anthony-william\/\">Epstein Barr<\/a> and shin\u00adgles, so taking it sup\u00adpres\u00adses their growth in the body while hel\u00adping to redu\u00adce inflamm\u00ada\u00adti\u00adon and the growth of nodu\u00adles, tumors and&nbsp;cysts.<\/p>\n\n\n\n<h2 class=\"wp-block-heading\">Zinc sul\u00adfa\u00adte is hel\u00adpful for colds and&nbsp;flu<\/h2>\n\n\n\n<p>Zinc streng\u00adthens the immu\u00adne sys\u00adtem by streng\u00adthening white blood cells such as lym\u00adpho\u00adcytes, bas\u00ado\u00adphils, neu\u00adtro\u00adphils, eosi\u00adno\u00adphils, macro\u00adpha\u00adges and mono\u00adcytes so that they can detect and des\u00adtroy patho\u00adgens. At the first signs of cold and flu it is very hel\u00adpful <a href=\"https:\/\/www.selleriesaft.com\/en\/zink-schock-therapie-nach-anthony-william\/\">Zinc shock the\u00adra\u00adpy<\/a> with <strong>Vimer\u00adgy Zinc<\/strong> to try out. To do this, adults drip 2 pipet\u00adtes of liquid zinc sul\u00adfa\u00adte into the back of the mouth every 3 hours. Wait a minu\u00adte, then swal\u00adlow. You can do this up to five or six times a day for two&nbsp;days.<\/p>\n\n\n\n<p><strong>Ingre\u00addi\u00adents of Vimer\u00adgy&nbsp;Zinc<\/strong><\/p>\n\n\n\n<p><a href=\"https:\/\/www.selleriesaft.com\/en\/glycerin\/\" target=\"_blank\" data-type=\"URL\" data-id=\"https:\/\/www.selleriesaft.com\/glycerin\" rel=\"noreferrer noopener nofollow sponsored\">Gly\u00adce\u00adrin<\/a> (from flax), puri\u00adfied water, zinc sul\u00adfa\u00adte, orga\u00adnic apple&nbsp;juice<\/p>\n\n\n\n<h2 class=\"wp-block-heading\">More details about Vimer\u00adgy Zinc (zinc sul\u00adfa\u00adte liquid)<\/h2>\n\n\n\n<ul class=\"wp-block-list\">\n<li>Zinc is an essen\u00adti\u00adal mine\u00adral for human health<\/li>\n\n\n\n<li>Sup\u00adports a healt\u00adhy meta\u00adbo\u00adlism and immu\u00adne system<\/li>\n\n\n\n<li>Zinc is an antioxidant<\/li>\n\n\n\n<li>Zinc sup\u00adports healt\u00adhy DNA synthesis\/gene expression<\/li>\n\n\n\n<li>New 115ml size! Con\u00adta\u00adins 7.5 mg of zinc sul\u00adfa\u00adte in one serving.<\/li>\n\n\n\n<li>Our orga\u00adnic zinc sul\u00adfa\u00adte con\u00adta\u00adins only zinc sul\u00adfa\u00adte, orga\u00adnic gly\u00adce\u00adrin, puri\u00adfied water and a touch of orga\u00adnic apple juice for flavor!<\/li>\n\n\n\n<li>Alco\u00adhol-free, glu\u00adten-free, non-GMO, kos\u00adher, corn-free, vegan and paleo-friendly<\/li>\n\n\n\n<li>No citric acid or fil\u00adlers, addi\u00adti\u00adves or natu\u00adral flavors<\/li>\n<\/ul>\n\n\n\n<p><strong>Accor\u00adding to the EU Health Claims Regu\u00adla\u00adti\u00adon, the fol\u00adlo\u00adwing state\u00adments are per\u00admit\u00adted for this preparation:<\/strong><\/p>\n\n\n\n<ul class=\"wp-block-list\">\n<li>Zinc con\u00adtri\u00adbu\u00adtes to nor\u00admal cogni\u00adti\u00adve function<\/li>\n\n\n\n<li>Zinc con\u00adtri\u00adbu\u00adtes to nor\u00admal pro\u00adte\u00adin synthesis<\/li>\n\n\n\n<li>Zinc con\u00adtri\u00adbu\u00adtes to nor\u00admal DNA synthesis<\/li>\n\n\n\n<li>Zinc helps main\u00adtain nor\u00admal&nbsp;nails<\/li>\n\n\n\n<li>Zinc con\u00adtri\u00adbu\u00adtes to the main\u00adten\u00adan\u00adce of nor\u00admal&nbsp;hair<\/li>\n\n\n\n<li>Zinc con\u00adtri\u00adbu\u00adtes to the main\u00adten\u00adan\u00adce of nor\u00admal&nbsp;bones<\/li>\n\n\n\n<li>Zinc con\u00adtri\u00adbu\u00adtes to nor\u00admal car\u00adbo\u00adhy\u00addra\u00adte metabolism<\/li>\n\n\n\n<li>Zinc helps main\u00adtain nor\u00admal&nbsp;skin<\/li>\n\n\n\n<li>Zinc con\u00adtri\u00adbu\u00adtes to nor\u00admal acid-base metabolism<\/li>\n\n\n\n<li>Zinc has a func\u00adtion in cell division<\/li>\n\n\n\n<li>Zinc con\u00adtri\u00adbu\u00adtes to nor\u00admal vit\u00adamin A metabolism<\/li>\n\n\n\n<li>Zinc con\u00adtri\u00adbu\u00adtes to nor\u00admal meta\u00adbo\u00adlism of macronutrients<\/li>\n\n\n\n<li>Zinc helps pro\u00adtect cells from oxi\u00adda\u00adtive stress<\/li>\n\n\n\n<li>Zinc con\u00adtri\u00adbu\u00adtes to nor\u00admal fat\u00adty acid metabolism<\/li>\n\n\n\n<li>Zinc con\u00adtri\u00adbu\u00adtes to main\u00adtai\u00adning nor\u00admal tes\u00adto\u00adste\u00adro\u00adne levels in the&nbsp;blood<\/li>\n\n\n\n<li>Zinc con\u00adtri\u00adbu\u00adtes to nor\u00admal fer\u00adti\u00adli\u00adty and reproduction<\/li>\n\n\n\n<li>Zinc con\u00adtri\u00adbu\u00adtes to the nor\u00admal func\u00adtio\u00adning of the immu\u00adne system<\/li>\n\n\n\n<li>Zinc helps main\u00adtain nor\u00admal vision<\/li>\n<\/ul>\n\n\n\n<p><strong>Dosa\u00adge of Vime\u00adry zinc sul\u00adfa\u00adte liquid:<\/strong><\/p>\n\n\n\n<p>2 pipet\u00adtes (2 ml), hold under the ton\u00adgue for 60 seconds, then swal\u00adlow. Take 1\u20132 times&nbsp;daily.<\/p>\n\n\n\n<p>Note: The sta\u00adted recom\u00admen\u00added dai\u00adly con\u00adsump\u00adti\u00adon amount must not be excee\u00added. Die\u00adta\u00adry sup\u00adple\u00adments should not be used as a sub\u00adsti\u00adtu\u00adte for a varied diet. A balan\u00adced diet and a healt\u00adhy life\u00adstyle are important. Keep out of the reach of child\u00adren. If you have any ques\u00adti\u00adons, plea\u00adse cont\u00adact your doc\u00adtor or alter\u00adna\u00adti\u00adve practitioner.<\/p>","protected":false},"excerpt":{"rendered":"<p>Heutzutage haben viele Menschen einen Zinkmangel. Deswegen ist es sinnvoll, t\u00e4glich ein hochwertiges Zinkpr\u00e4parat in Form von Vimergy Zink (Zinksulfat fl\u00fcssig) einzunehmen. Zink ist ein besonders wichtiges Mineral, das unz\u00e4hlige Funktionen im K\u00f6rper aufrechterh\u00e4lt und dabei eine Schl\u00fcsselposition einnimmt. Ohne Zink g\u00e4be es keinen gesunden Stoffwechsel und auch das Immunsystem wird durch seine antioxidativen Komponenten [&hellip;]<\/p>\n","protected":false},"author":2,"featured_media":27224,"parent":38482,"menu_order":0,"comment_status":"closed","ping_status":"closed","template":"","meta":{"_acf_changed":false,"wp_typography_post_enhancements_disabled":false,"footnotes":""},"class_list":["post-27221","page","type-page","status-publish","has-post-thumbnail","hentry"],"acf":[],"_links":{"self":[{"href":"https:\/\/www.selleriesaft.com\/en\/wp-json\/wp\/v2\/pages\/27221","targetHints":{"allow":["GET"]}}],"collection":[{"href":"https:\/\/www.selleriesaft.com\/en\/wp-json\/wp\/v2\/pages"}],"about":[{"href":"https:\/\/www.selleriesaft.com\/en\/wp-json\/wp\/v2\/types\/page"}],"author":[{"embeddable":true,"href":"https:\/\/www.selleriesaft.com\/en\/wp-json\/wp\/v2\/users\/2"}],"replies":[{"embeddable":true,"href":"https:\/\/www.selleriesaft.com\/en\/wp-json\/wp\/v2\/comments?post=27221"}],"version-history":[{"count":0,"href":"https:\/\/www.selleriesaft.com\/en\/wp-json\/wp\/v2\/pages\/27221\/revisions"}],"up":[{"embeddable":true,"href":"https:\/\/www.selleriesaft.com\/en\/wp-json\/wp\/v2\/pages\/38482"}],"wp:featuredmedia":[{"embeddable":true,"href":"https:\/\/www.selleriesaft.com\/en\/wp-json\/wp\/v2\/media\/27224"}],"wp:attachment":[{"href":"https:\/\/www.selleriesaft.com\/en\/wp-json\/wp\/v2\/media?parent=27221"}],"curies":[{"name":"wp","href":"https:\/\/api.w.org\/{rel}","templated":true}]}}