{"id":6892,"date":"2020-06-21T23:59:17","date_gmt":"2020-06-21T21:59:17","guid":{"rendered":"https:\/\/www.selleriesaft.com\/?page_id=6892"},"modified":"2025-12-19T12:25:16","modified_gmt":"2025-12-19T11:25:16","slug":"wild-blueberries","status":"publish","type":"page","link":"https:\/\/www.selleriesaft.com\/en\/wilde-blaubeeren\/","title":{"rendered":"Wild blueber\u00adries"},"content":{"rendered":"<div data-elementor-type=\"wp-page\" data-elementor-id=\"6892\" class=\"elementor elementor-6892\" data-elementor-post-type=\"page\">\n\t\t\t\t<div class=\"elementor-element elementor-element-30fc864 e-flex e-con-boxed e-con e-parent\" data-id=\"30fc864\" data-element_type=\"container\" data-e-type=\"container\" data-settings=\"{&quot;background_background&quot;:&quot;classic&quot;}\">\n\t\t\t\t\t<div class=\"e-con-inner\">\n\t\t\t\t<div class=\"elementor-element elementor-element-87114b8 elementor-widget elementor-widget-text-editor\" data-id=\"87114b8\" data-element_type=\"widget\" data-e-type=\"widget\" data-widget_type=\"text-editor.default\">\n\t\t\t\t\t\t\t\t\t<h1>Wild blueber\u00adries&nbsp;<\/h1><p>Save 5 % with cou\u00adpon code: <strong>SELLERIESAFT<\/strong><\/p>\t\t\t\t\t\t\t\t<\/div>\n\t\t\t\t\t<\/div>\n\t\t\t\t<\/div>\n\t\t<div class=\"elementor-element elementor-element-26adfca e-flex e-con-boxed e-con e-parent\" data-id=\"26adfca\" data-element_type=\"container\" data-e-type=\"container\" data-settings=\"{&quot;background_background&quot;:&quot;classic&quot;}\">\n\t\t\t\t\t<div class=\"e-con-inner\">\n\t\t\t\t<div class=\"elementor-element elementor-element-b5902dc elementor-widget elementor-widget-text-editor\" data-id=\"b5902dc\" data-element_type=\"widget\" data-e-type=\"widget\" data-widget_type=\"text-editor.default\">\n\t\t\t\t\t\t\t\t\t<p>Wild blueber\u00adries are essen\u00adti\u00adal for pre\u00adpa\u00adring the <a href=\"https:\/\/www.selleriesaft.com\/en\/heavy-metal-detox-smoothie\/\">Hea\u00advy Metal Detox Smoothies<\/a>. The cor\u00adrect forms are Vac\u00adci\u00adni\u00adum angusti\u00adfo\u00adli\u00adum or Vac\u00adci\u00adni\u00adum myr\u00adtil\u00adlo\u00adides. Euro\u00adpean wild blueber\u00adries, also cal\u00adled bil\u00adber\u00adries (Vac\u00adci\u00adni\u00adum myrt\u00adil\u00adlus \/ bil\u00adber\u00adry), are not ide\u00adal for hea\u00advy metal deto\u00adxi\u00adfi\u00adca\u00adti\u00adon, but still pos\u00adsess signi\u00adfi\u00adcant pro\u00adper\u00adties that far sur\u00adpass tho\u00adse of cul\u00adti\u00adva\u00adted blueberries.<\/p>\t\t\t\t\t\t\t\t<\/div>\n\t\t<div class=\"elementor-element elementor-element-ae52aa8 e-flex e-con-boxed e-con e-child\" data-id=\"ae52aa8\" data-element_type=\"container\" data-e-type=\"container\" data-settings=\"{&quot;background_background&quot;:&quot;classic&quot;}\">\n\t\t\t\t\t<div class=\"e-con-inner\">\n\t\t\t\t<div class=\"elementor-element elementor-element-8583417 elementor-widget elementor-widget-image\" data-id=\"8583417\" data-element_type=\"widget\" data-e-type=\"widget\" data-widget_type=\"image.default\">\n\t\t\t\t\t\t\t\t\t\t\t\t\t\t\t\t<a href=\"https:\/\/www.obst-oswald.at\/de\/shop\/tk-wilde-waldheidelbeeren-aus-kanada-sorte-vaccinium-angustifolium\/\" target=\"_blank\" rel=\"noopener\">\n\t\t\t\t\t\t\t<img loading=\"lazy\" decoding=\"async\" width=\"300\" height=\"177\" src=\"https:\/\/www.selleriesaft.com\/wp-content\/uploads\/2024\/03\/Wilde-Blaubeeren-aus-Kanada-2-300x177.avif\" class=\"attachment-medium size-medium wp-image-45515\" alt srcset=\"https:\/\/www.selleriesaft.com\/wp-content\/uploads\/2024\/03\/Wilde-Blaubeeren-aus-Kanada-2-300x177.avif 300w, https:\/\/www.selleriesaft.com\/wp-content\/uploads\/2024\/03\/Wilde-Blaubeeren-aus-Kanada-2-768x452.avif 768w, https:\/\/www.selleriesaft.com\/wp-content\/uploads\/2024\/03\/Wilde-Blaubeeren-aus-Kanada-2-18x12.avif 18w, https:\/\/www.selleriesaft.com\/wp-content\/uploads\/2024\/03\/Wilde-Blaubeeren-aus-Kanada-2.avif 839w\" sizes=\"auto, (max-width: 300px) 100vw, 300px\" title>\t\t\t\t\t\t\t\t<\/a>\n\t\t\t\t\t\t\t\t\t\t\t\t\t\t\t<\/div>\n\t\t\t\t<div class=\"elementor-element elementor-element-c7fce78 elementor-widget elementor-widget-text-editor\" data-id=\"c7fce78\" data-element_type=\"widget\" data-e-type=\"widget\" data-widget_type=\"text-editor.default\">\n\t\t\t\t\t\t\t\t\t<h2>Vac\u00adci\u00adni\u00adum angustifolium<\/h2><p><strong>The right wild blueber\u00adries for the Hea\u00advy Metal Detox Smoothie.<\/strong><\/p><p>Save 5 % with cou\u00adpon&nbsp;code:<\/p><p><strong>SELLERIESAFT<\/strong><\/p>\t\t\t\t\t\t\t\t<\/div>\n\t\t\t\t<div class=\"elementor-element elementor-element-9c76a38 elementor-align-center elementor-widget elementor-widget-button\" data-id=\"9c76a38\" data-element_type=\"widget\" data-e-type=\"widget\" data-widget_type=\"button.default\">\n\t\t\t\t\t\t\t\t\t\t<a class=\"elementor-button elementor-button-link elementor-size-sm\" href=\"https:\/\/www.obst-oswald.at\/de\/shop\/tk-wilde-waldheidelbeeren-aus-kanada-sorte-vaccinium-angustifolium\/\" target=\"_blank\" rel=\"nofollow noopener\">\n\t\t\t\t\t\t<span class=\"elementor-button-content-wrapper\">\n\t\t\t\t\t\t\t\t\t<span class=\"elementor-button-text\">Buy<\/span>\n\t\t\t\t\t<\/span>\n\t\t\t\t\t<\/a>\n\t\t\t\t\t\t\t\t<\/div>\n\t\t\t\t\t<\/div>\n\t\t\t\t<\/div>\n\t\t\t\t<div class=\"elementor-element elementor-element-955f8e7 elementor-widget elementor-widget-text-editor\" data-id=\"955f8e7\" data-element_type=\"widget\" data-e-type=\"widget\" data-widget_type=\"text-editor.default\">\n\t\t\t\t\t\t\t\t\t<p>Wild blueber\u00adries are rich in anti\u00adoxi\u00addants and have a varie\u00adty of health bene\u00adfits. They can help redu\u00adce the risk of heart dise\u00ada\u00adse, streng\u00adthen the immu\u00adne sys\u00adtem and lower cholesterol.<\/p><p>Wild blueber\u00adries are also a gre\u00adat source of fiber and have a low gly\u00adce\u00admic index, mea\u00adning they won\u2019t cau\u00adse blood sugar levels to rise quick\u00adly. They are the\u00adr\u00ade\u00adfo\u00adre par\u00adti\u00adcu\u00adlar\u00adly sui\u00adta\u00adble for peo\u00adp\u00adle who suf\u00adfer from dia\u00adbe\u00adtes or need to con\u00adtrol their blood sugar levels.<\/p><p>If you\u2019\u00adre loo\u00adking for a healt\u00adhy way to spi\u00adce up your diet, con\u00adsider wild blueber\u00adries. You can enjoy them pure or in smoothies <a href=\"https:\/\/www.selleriesaft.com\/en\/heavy-metal-detox-smoothie\/\">Hea\u00advy Metal Detox Smoothie<\/a> or use in other dishes.<\/p><p>Not only are wild blueber\u00adries rich in nut\u00adri\u00adents and have many health bene\u00adfits, but they are also deli\u00adcious and versatile.<\/p><p>With Cana\u00addi\u00adan fro\u00adzen blueber\u00adries, <a href=\"https:\/\/www.selleriesaft.com\/en\/vimergy-2\/#wild-blueberry\">Blueber\u00adry pow\u00adder from Vimer\u00adgy<\/a> and Wyman\u2019s Blueber\u00adry Juices let you enjoy the health bene\u00adfits of wild blueber\u00adries even when they\u2019\u00adre not in season.<\/p><p>When purcha\u00adsing fresh wild blueber\u00adries, make sure they are high quality.<\/p><p>Over\u00adall, wild blueber\u00adries are an excel\u00adlent food that can help impro\u00adve health and pre\u00advent dise\u00ada\u00adse. If you\u2019\u00adre loo\u00adking for a healt\u00adhy way to spi\u00adce up your diet, you should defi\u00adni\u00adte\u00adly con\u00adsider incor\u00adpo\u00adra\u00adting wild blueber\u00adries into your dai\u00adly diet. Take a look at ours too <a href=\"https:\/\/www.selleriesaft.com\/en\/day\/blueberries\/\">com\u00adpli\u00adant blueber\u00adry recipes<\/a>&nbsp;The\u00adre you will find more ways to incor\u00adpo\u00adra\u00adte wild blueber\u00adries into your&nbsp;diet.<\/p>\t\t\t\t\t\t\t\t<\/div>\n\t\t\t\t\t<\/div>\n\t\t\t\t<\/div>\n\t\t\t\t<\/div>","protected":false},"excerpt":{"rendered":"<p>Wilde Blaubeeren\u00a0 Spare 5 % mit Gutscheincode: SELLERIESAFT Wilde Blaubeeren sind essenziell zum Zubereiten des Heavy Metal Detox Smoothies. Richtig sind die Formen Vaccinium angustifolium oder Vaccinium myrtilloides. Die europ\u00e4ischen wilden Blaubeeren, auch Heidelbeeren genannt (Vaccinium myrtillus \/ Bilberry) sind f\u00fcr die Schwermetall-Ausleitung nicht optimal, bergen aber trotzdem noch gro\u00dfe Kr\u00e4fte in sich, die denen [&hellip;]<\/p>\n","protected":false},"author":1,"featured_media":0,"parent":0,"menu_order":0,"comment_status":"closed","ping_status":"closed","template":"","meta":{"_acf_changed":false,"wp_typography_post_enhancements_disabled":false,"footnotes":""},"class_list":["post-6892","page","type-page","status-publish","hentry"],"acf":[],"_links":{"self":[{"href":"https:\/\/www.selleriesaft.com\/en\/wp-json\/wp\/v2\/pages\/6892","targetHints":{"allow":["GET"]}}],"collection":[{"href":"https:\/\/www.selleriesaft.com\/en\/wp-json\/wp\/v2\/pages"}],"about":[{"href":"https:\/\/www.selleriesaft.com\/en\/wp-json\/wp\/v2\/types\/page"}],"author":[{"embeddable":true,"href":"https:\/\/www.selleriesaft.com\/en\/wp-json\/wp\/v2\/users\/1"}],"replies":[{"embeddable":true,"href":"https:\/\/www.selleriesaft.com\/en\/wp-json\/wp\/v2\/comments?post=6892"}],"version-history":[{"count":0,"href":"https:\/\/www.selleriesaft.com\/en\/wp-json\/wp\/v2\/pages\/6892\/revisions"}],"wp:attachment":[{"href":"https:\/\/www.selleriesaft.com\/en\/wp-json\/wp\/v2\/media?parent=6892"}],"curies":[{"name":"wp","href":"https:\/\/api.w.org\/{rel}","templated":true}]}}