{"id":27026,"date":"2022-06-07T12:16:48","date_gmt":"2022-06-07T10:16:48","guid":{"rendered":"https:\/\/www.selleriesaft.com\/?page_id=27026"},"modified":"2024-03-24T23:10:27","modified_gmt":"2024-03-24T22:10:27","slug":"fuerza-de-apio","status":"publish","type":"page","link":"https:\/\/www.selleriesaft.com\/es\/vimergy\/celeryforce\/","title":{"rendered":"Apio\u00adf\u00adorce\u00ae de Vimergy"},"content":{"rendered":"<h2 class=\"wp-block-heading\">Las c\u00e1p\u00adsu\u00adlas Cele\u00adry\u00adforce de Vimer\u00adgy: descrip\u00adci\u00f3n general<\/h2>\n\n\n\n<p>En una \u00e9po\u00adca en la que nues\u00adtro cuer\u00adpo est\u00e1 con\u00adstan\u00adte\u00admen\u00adte expues\u00adto a altos niv\u00adeles de estr\u00e9s, es importan\u00adte aport\u00adar\u00adle los nut\u00adri\u00aden\u00adtes nece\u00adsa\u00adri\u00ados. Aqu\u00ed es don\u00adde entran en jue\u00adgo los com\u00adple\u00adment\u00ados nut\u00adri\u00adcio\u00adna\u00adles, como las c\u00e1p\u00adsu\u00adlas Cele\u00adry\u00adForce\u00ae de Vimer\u00adgy, que aport\u00adan una gran can\u00adti\u00addad de vit\u00adami\u00adnas, mine\u00adra\u00adles y ami\u00adno\u00e1\u00adci\u00addos esenciales.<\/p>\n\n\n\n<h2 class=\"wp-block-heading\">\u00bfSe merece Cele\u00adry\u00adforce un lugar en mi lis\u00adta de compras?<\/h2>\n\n\n\n<p>Los suple\u00adment\u00ados como las c\u00e1p\u00adsu\u00adlas Cele\u00adry\u00adForce Vimer\u00adgy tie\u00adnen muchos bene\u00adfi\u00adci\u00ados. Son una mane\u00adra f\u00e1cil de obte\u00adner nut\u00adri\u00aden\u00adtes adi\u00adcio\u00adna\u00adles y se pue\u00adden pedir c\u00f3mo\u00adda\u00admen\u00adte en l\u00ednea, por ejem\u00adplo, en una farm\u00adacia de pedi\u00addos por cor\u00adreo. \u00bfPero vale la pena comprarlos?<\/p>\n\n\n\n<h3 class=\"wp-block-heading\">Las ven\u00adta\u00adjas<\/h3>\n\n\n\n<p>Las c\u00e1p\u00adsu\u00adlas de Vimer\u00adgy ofre\u00adcen muchos bene\u00adfi\u00adci\u00ados, empe\u00adzan\u00addo por el hecho de que vie\u00adnen en una c\u00f3mo\u00adda c\u00e1p\u00adsu\u00adla vege\u00adta\u00adria\u00adna. Tam\u00adbi\u00e9n con\u00adtie\u00adnen una mez\u00adcla de gli\u00adci\u00adna\u00adto de magne\u00adsio, L\u2011taurina y coli\u00adna, que ase\u00adg\u00aduran un meta\u00adbo\u00adlis\u00admo salu\u00adda\u00adble, una fun\u00adci\u00f3n mus\u00adcu\u00adlar nor\u00admal y una activ\u00adi\u00addad men\u00adtal normal.<\/p>\n\n\n\n<h3 class=\"wp-block-heading\">La prac\u00adti\u00adci\u00addad<\/h3>\n\n\n\n<p>Usar las c\u00e1p\u00adsu\u00adlas tam\u00adbi\u00e9n es f\u00e1cil. Tie\u00adnen \u201cfund\u00adas\u201d, lo que signi\u00adfi\u00adca que se pue\u00adden tra\u00adgar f\u00e1cilm\u00aden\u00adte. Tam\u00adbi\u00e9n pue\u00adden inte\u00adgrar\u00adse f\u00e1cilm\u00aden\u00adte en su ruti\u00adna dia\u00adria y ofre\u00adcer una sen\u00adcil\u00adla incor\u00adpora\u00adci\u00f3n a un esti\u00adlo de vida varia\u00addo y saludable.<\/p>\n\n\n\n<h2 class=\"wp-block-heading\">\u00bfQu\u00e9 pue\u00adde hacer Cele\u00adry\u00adforce por mi&nbsp;salud?<\/h2>\n\n\n\n<p>Las c\u00e1p\u00adsu\u00adlas Cele\u00adry\u00adForce son m\u00e1s que un simp\u00adle suple\u00admen\u00adto. Ofre\u00adcen una varie\u00addad de bene\u00adfi\u00adci\u00ados para la salud que van des\u00adde una mejor digesti\u00f3n has\u00adta una mejor concentraci\u00f3n.<\/p>\n\n\n\n<h3 class=\"wp-block-heading\">Los ingre\u00addi\u00aden\u00adtes activos<\/h3>\n\n\n\n<p>Los ingre\u00addi\u00aden\u00adtes activos de las c\u00e1p\u00adsu\u00adlas son diversos y cui\u00add\u00adado\u00adsa\u00admen\u00adte sel\u00adeccio\u00adna\u00addos. Ent\u00adre ellos se incluy\u00aden la coli\u00adna, que ayu\u00adda a man\u00adte\u00adner la fun\u00adci\u00f3n hep\u00e1\u00adti\u00adca nor\u00admal, y el ino\u00adsi\u00adtol, un com\u00adpo\u00adnen\u00adte de la mez\u00adcla, que debe tom\u00adarse den\u00adtro de la inges\u00adta dia\u00adria reco\u00admendada, ya que es un nut\u00adri\u00aden\u00adte importan\u00adte para el cere\u00adb\u00adro. Las c\u00e1p\u00adsu\u00adlas tam\u00adbi\u00e9n con\u00adtie\u00adnen L\u2011glutamina, un ami\u00adno\u00e1\u00adci\u00addo que se dis\u00adtri\u00adbuye ampli\u00ada\u00admen\u00adte en el cuer\u00adpo y tiene much\u00adas fun\u00adcio\u00adnes, inclui\u00addo el apo\u00adyo al sis\u00adte\u00adma inmunol\u00f3gico.<\/p>\n\n\n\n<h3 class=\"wp-block-heading\">As\u00ed afec\u00adtan los nut\u00adri\u00aden\u00adtes al organismo<\/h3>\n\n\n\n<p>Los nut\u00adri\u00aden\u00adtes tie\u00adnen un efec\u00adto sin\u00e9rgi\u00adco en el orga\u00adnis\u00admo. Ayu\u00addan a apoyar el fun\u00adcio\u00adna\u00admi\u00aden\u00adto nor\u00admal de las c\u00e9lulas y pro\u00adte\u00adgen el cuer\u00adpo del estr\u00e9s oxi\u00adda\u00adtivo. Tam\u00adbi\u00e9n apoyan un sis\u00adte\u00adma ner\u00advio\u00adso salu\u00adda\u00adble y con\u00adtri\u00adbuy\u00aden a la fun\u00adci\u00f3n cogni\u00adti\u00adva normal.<\/p>\n\n\n\n<h3 class=\"wp-block-heading\">Los bene\u00adfi\u00adci\u00ados para la salud del jugo de&nbsp;apio<\/h3>\n\n\n\n<p>Beber jugo de apio ofre\u00adce muchos bene\u00adfi\u00adci\u00ados para la salud. Es rico en vit\u00adami\u00adnas y mine\u00adra\u00adles y pro\u00adpor\u00adcio\u00adna una fuen\u00adte natu\u00adral de anti\u00adoxidan\u00adtes. Tam\u00adbi\u00e9n pue\u00adde ayu\u00addar a desin\u00adto\u00adxi\u00adcar el cuer\u00adpo, favor\u00adecer la digesti\u00f3n y aumen\u00adtar la energ\u00eda.<\/p>\n\n\n\n<h2 class=\"wp-block-heading\">\u00bfCu\u00e1\u00adles son los valo\u00adres nut\u00adri\u00adcio\u00adna\u00adles de Celeryforce?<\/h2>\n\n\n\n<p>A pesar de los bene\u00adfi\u00adci\u00ados que ofre\u00adcen las c\u00e1p\u00adsu\u00adlas de Cele\u00adry\u00adForce, es importan\u00adte desta\u00adcar que los com\u00adple\u00adment\u00ados ali\u00admen\u00adti\u00adci\u00ados no susti\u00adtuy\u00aden una die\u00adta equi\u00adlib\u00adra\u00adda y salu\u00adda\u00adble. Deben ver\u00adse como un com\u00adple\u00admen\u00adto a un esti\u00adlo de vida salu\u00adda\u00adble y no como el \u00fani\u00adco m\u00e9to\u00addo de obten\u00adci\u00f3n de nutrientes.<\/p>\n\n\n\n<h3 class=\"wp-block-heading\">Otros pro\u00adduc\u00adtos Vimer\u00adgy y sus beneficios<\/h3>\n\n\n\n<p>Vimer\u00adgy ofre\u00adce una gama de otros pro\u00adduc\u00adtos que tam\u00adbi\u00e9n con\u00adtie\u00adnen vali\u00ado\u00adsos nut\u00adri\u00aden\u00adtes. Estos incluy\u00aden pro\u00adduc\u00adtos con tau\u00adri\u00adna, un ami\u00adno\u00e1\u00adci\u00addo que apoya el sis\u00adte\u00adma ner\u00advio\u00adso y con\u00adtri\u00adbuye a la salud del coraz\u00f3n.<\/p>\n\n\n\n<h3 class=\"wp-block-heading\">Repo\u00adner nut\u00adri\u00aden\u00adtes a tra\u00adv\u00e9s de una die\u00adta equilibrada<\/h3>\n\n\n\n<p>Por eso, aun\u00adque las c\u00e1p\u00adsu\u00adlas pue\u00adden ser un com\u00adple\u00admen\u00adto \u00fatil, sigue sien\u00addo importan\u00adte man\u00adte\u00adner una die\u00adta equi\u00adlib\u00adra\u00adda. Una die\u00adta rica en fru\u00adtas, ver\u00addu\u00adras, cerea\u00adles inte\u00adgra\u00adles, pro\u00adte\u00ed\u00adnas magras y gras\u00adas salu\u00adda\u00adbles pue\u00adde aport\u00adar\u00adnos la mayo\u00adr\u00eda de los nut\u00adri\u00aden\u00adtes que nece\u00adsi\u00adta\u00admos y no debe super\u00adar la inges\u00adta dia\u00adria recomendada.<\/p>\n\n\n\n<h3 class=\"wp-block-heading\">Una die\u00adta salu\u00adda\u00adble no susti\u00adtuye a los com\u00adple\u00adment\u00ados nut\u00adri\u00adcio\u00adna\u00adles y viceversa<\/h3>\n\n\n\n<p>Es importan\u00adte enten\u00adder que una die\u00adta salu\u00adda\u00adble y los suple\u00adment\u00ados deben ir de la mano, pero los suple\u00adment\u00ados no susti\u00adtuy\u00aden a una die\u00adta equi\u00adlib\u00adra\u00adda. Si bien una die\u00adta salu\u00adda\u00adble nos pro\u00adpor\u00adcio\u00adna la mayo\u00adr\u00eda de los nut\u00adri\u00aden\u00adtes que nece\u00adsi\u00adta\u00admos, NEM como las c\u00e1p\u00adsu\u00adlas Cele\u00adry\u00adForce pue\u00adden ayu\u00addar a llenar cual\u00adquier vac\u00edo y lle\u00advar nues\u00adtra salud al sigu\u00adi\u00aden\u00adte&nbsp;nivel.<\/p>\n\n\n\n<p><strong>fuer\u00adza de apio<\/strong>\u00ae es una mez\u00adcla de vit\u00adami\u00adnas, mine\u00adra\u00adles y amino\u00e1cidos.<\/p>\n\n\n\n<h2 class=\"wp-block-heading\">\u00bfCu\u00e1l es el alcan\u00adce de Celeryforce\u00ae?<\/h2>\n\n\n\n<p>Ayu\u00adda a man\u00adte\u00adner el fun\u00adcio\u00adna\u00admi\u00aden\u00adto nor\u00admal del sis\u00adte\u00adma ner\u00advio\u00adso y los m\u00fas\u00adcu\u00adlos. Ade\u00adm\u00e1s, mejo\u00adra la fun\u00adci\u00f3n celu\u00adlar, el sis\u00adte\u00adma inmu\u00adnol\u00f3\u00adgi\u00adco y la salud cardiovascular.<\/p>\n\n\n\n<p><strong>fuer\u00adza de apio<\/strong>\u00ae pro\u00adpor\u00adcio\u00adna una mane\u00adra f\u00e1cil de absor\u00adber las vit\u00adami\u00adnas, mine\u00adra\u00adles y ami\u00adno\u00e1\u00adci\u00addos esen\u00adcia\u00adles que much\u00adas \u00e1re\u00adas vita\u00adles del cuer\u00adpo nece\u00adsi\u00adtan para fun\u00adcio\u00adnar sin problemas.<\/p>\n\n\n\n<h2 class=\"wp-block-heading\">\u00bfEs Cele\u00adry\u00adforce un susti\u00adtu\u00adto del jugo de&nbsp;apio?<\/h2>\n\n\n\n<p>Cele\u00adry\u00adforce\u00ae no reem\u00adpla\u00adza el jugo de apio y no con\u00adtiene apio en s\u00ed. Mejo\u00adra las pro\u00adpie\u00adda\u00addes cura\u00adtiv\u00adas del jugo de apio ya que ambos se poten\u00adci\u00adan ent\u00adre s\u00ed. Cele\u00adry\u00adforce es un com\u00adple\u00admen\u00adto nut\u00adri\u00adcio\u00adnal y la mez\u00adcla que con\u00adtiene debe con\u00adsider\u00adar\u00adse un com\u00adple\u00admen\u00adto de una die\u00adta equilibrada.<\/p>\n\n\n\n<h2 class=\"wp-block-heading\">\u00bfSe pue\u00adde tomar Cele\u00adry\u00adforce\u00ae al mis\u00admo tiem\u00adpo que jugo de&nbsp;apio?<\/h2>\n\n\n\n<p>No, el jugo de apio siemp\u00adre debe beber\u00adse por sepa\u00adra\u00addo para que pueda des\u00adar\u00adrol\u00adlar sus efec\u00adtos bene\u00adfi\u00adci\u00ado\u00adsos. Lo ide\u00adal es tomar Vimer\u00adgy Cele\u00adry\u00adforce\u00ae 30 minu\u00adtos antes o des\u00adpu\u00e9s de Sesa. Si este inter\u00adva\u00adlo de tiem\u00adpo con el apio no es posi\u00adble por la ma\u00f1a\u00adna, toda\u00adv\u00eda tiene un buen efec\u00adto por la tar\u00adde, ya que las sales de sodio del sesa toda\u00adv\u00eda est\u00e1n activas.<\/p>\n\n\n\n<p>Ayu\u00adda en la for\u00admaci\u00f3n de se\u00f1a\u00adles de neu\u00adro\u00adtrans\u00admiso\u00adres salu\u00adda\u00adbles, fun\u00adcio\u00adnes mus\u00adcu\u00adla\u00adres salu\u00adda\u00adbles, trans\u00admi\u00adsi\u00f3n ner\u00advio\u00adsa salu\u00adda\u00adble e incluso fun\u00adcio\u00adnes celu\u00adla\u00adres saludables.<\/p>\n\n\n\n<p><strong>Ingre\u00addi\u00aden\u00adtes:<\/strong><\/p>\n\n\n\n<ul class=\"wp-block-list\">\n<li>gli\u00adci\u00adna\u00adto de magnesio<\/li>\n\n\n\n<li>Ino\u00adsi\u00adtol<\/li>\n\n\n\n<li>L\u2011glutamina<\/li>\n\n\n\n<li>L\u2011taurina<\/li>\n\n\n\n<li>coli\u00adna<\/li>\n\n\n\n<li>rel\u00adle\u00adno de celulosa<\/li>\n\n\n\n<li>C\u00e1p\u00adsu\u00adla vege\u00adtal de cubier\u00adta de c\u00e1p\u00adsu\u00adla (celu\u00adlosa,&nbsp;agua)<\/li>\n\n\n\n<li>Emul\u00adsio\u00adn\u00adan\u00adte lecitina (gira\u00adsol)<\/li>\n<\/ul>\n\n\n\n<p><strong>Infor\u00admaci\u00f3n adicional:<\/strong><\/p>\n\n\n\n<ul class=\"wp-block-list\">\n<li>La coli\u00adna es un miem\u00adbro de la fami\u00adlia de las vit\u00adami\u00adnas B que favor\u00adece la salud celu\u00adlar y for\u00adma par\u00adte de la mez\u00adcla Cele\u00adry\u00adforce\u00ae, que debe man\u00adten\u00ader\u00adse fuera del alcan\u00adce de los ni\u00f1os peque\u00f1os.<\/li>\n\n\n\n<li>La coli\u00adna es esen\u00adcial para la pro\u00adduc\u00adci\u00f3n del neu\u00adro\u00adtrans\u00admisor acetilcolina.<\/li>\n\n\n\n<li>La coli\u00adna ayu\u00adda a la trans\u00admi\u00adsi\u00f3n ner\u00advio\u00adsa salu\u00adda\u00adble y es esen\u00adcial para el trans\u00adpor\u00adte y el meta\u00adbo\u00adlis\u00admo de los l\u00edpidos.<\/li>\n\n\n\n<li>El ino\u00adsi\u00adtol favor\u00adece el fun\u00adcio\u00adna\u00admi\u00aden\u00adto celu\u00adlar salu\u00adda\u00adble, pero debe tom\u00adarse en com\u00adbi\u00adnaci\u00f3n con una die\u00adta varia\u00adda y equi\u00adlib\u00adra\u00adda y un esti\u00adlo de vida saludable.<\/li>\n\n\n\n<li>El ino\u00adsi\u00adtol es esen\u00adcial para la se\u00f1a\u00adli\u00adza\u00adci\u00f3n salu\u00adda\u00adble de neurotransmisores<\/li>\n\n\n\n<li>El magne\u00adsio es un cofac\u00adtor importan\u00adte para m\u00e1s de 300 sis\u00adte\u00admas enzim\u00e1\u00adti\u00adcos. El magne\u00adsio es esen\u00adcial para la fun\u00adci\u00f3n mito\u00adcon\u00addri\u00adal y para la s\u00edn\u00adte\u00adsis de ADN y&nbsp;ARN.<\/li>\n\n\n\n<li>El magne\u00adsio es cru\u00adcial para la acti\u00adva\u00adci\u00f3n de la ade\u00adni\u00adla\u00adto cic\u00adla\u00adsa, que es un importan\u00adte regu\u00adla\u00addor de la activ\u00adi\u00addad celu\u00adlar y es esen\u00adcial para la fun\u00adci\u00f3n mus\u00adcu\u00adlar saludable.<\/li>\n\n\n\n<li>La L\u2011Glutamina for\u00adtale\u00adce la fun\u00adci\u00f3n de un sis\u00adte\u00adma inmu\u00adnol\u00f3\u00adgi\u00adco saludable<\/li>\n\n\n\n<li>La L\u2011Taurina es importan\u00adte para la salud celu\u00adlar y tam\u00adbi\u00e9n apoya la salud cardiovascular.<\/li>\n\n\n\n<li>Este no es jugo de apio en pol\u00advo y no pue\u00adde reem\u00adpla\u00adzar el sesa diario.<\/li>\n\n\n\n<li>Sin OGM, sin glu\u00adten, kos\u00adher, sin ma\u00edz, sin soja, vega\u00adno,&nbsp;paleo<\/li>\n\n\n\n<li>Sin \u00e1ci\u00addo c\u00edtri\u00adco ni gelatina.<\/li>\n<\/ul>\n\n\n\n<p><strong>Dosis:<\/strong><\/p>\n\n\n\n<p>Seg\u00fan las ins\u00adtruc\u00adcio\u00adnes del paquete, tomar en cual\u00adquier momen\u00adto del d\u00eda o al menos 30 minu\u00adtos antes o des\u00adpu\u00e9s de beber jugo de&nbsp;apio.<\/p>\n\n\n\n<p><strong>Una noti\u00adcia:<br><\/strong>No se debe exce\u00adder la dosis dia\u00adria reco\u00admendada. Los com\u00adple\u00adment\u00ados ali\u00admen\u00adti\u00adci\u00ados no deben uti\u00adli\u00adzar\u00adse como susti\u00adtu\u00adtos de una die\u00adta varia\u00adda. Una die\u00adta equi\u00adlib\u00adra\u00adda y un esti\u00adlo de vida salu\u00adda\u00adble son importan\u00adtes, y la mez\u00adcla NEM como Cele\u00adry\u00adforce\u00ae pue\u00adde des\u00adem\u00adpe\u00ad\u00f1ar un papel de apo\u00adyo, pero no debe uti\u00adli\u00adzar\u00adse como susti\u00adtu\u00adto. Man\u00adte\u00adner fuera del alcan\u00adce de los&nbsp;ni\u00f1os.<\/p>","protected":false},"excerpt":{"rendered":"<p>Die Celeryforce von Vimergy Kapseln &#8211; Ein \u00dcberblick In einer Zeit, in der unser K\u00f6rper st\u00e4ndig hohen Belastungen ausgesetzt ist, ist es wichtig, ihm die n\u00f6tigen N\u00e4hrstoffe zuzuf\u00fchren. Hier kommen Nahrungserg\u00e4nzungsmittel ins Spiel, wie zum Beispiel die CeleryForce\u00ae von Vimergy Kapseln, die eine F\u00fclle von Vitaminen, Mineralien und essenziellen Aminos\u00e4uren bieten. Hat Celeryforce&nbsp;einen Platz auf [&hellip;]<\/p>\n","protected":false},"author":1,"featured_media":27095,"parent":38482,"menu_order":0,"comment_status":"closed","ping_status":"closed","template":"","meta":{"_acf_changed":false,"wp_typography_post_enhancements_disabled":false,"footnotes":""},"class_list":["post-27026","page","type-page","status-publish","has-post-thumbnail","hentry"],"acf":[],"_links":{"self":[{"href":"https:\/\/www.selleriesaft.com\/es\/wp-json\/wp\/v2\/pages\/27026","targetHints":{"allow":["GET"]}}],"collection":[{"href":"https:\/\/www.selleriesaft.com\/es\/wp-json\/wp\/v2\/pages"}],"about":[{"href":"https:\/\/www.selleriesaft.com\/es\/wp-json\/wp\/v2\/types\/page"}],"author":[{"embeddable":true,"href":"https:\/\/www.selleriesaft.com\/es\/wp-json\/wp\/v2\/users\/1"}],"replies":[{"embeddable":true,"href":"https:\/\/www.selleriesaft.com\/es\/wp-json\/wp\/v2\/comments?post=27026"}],"version-history":[{"count":0,"href":"https:\/\/www.selleriesaft.com\/es\/wp-json\/wp\/v2\/pages\/27026\/revisions"}],"up":[{"embeddable":true,"href":"https:\/\/www.selleriesaft.com\/es\/wp-json\/wp\/v2\/pages\/38482"}],"wp:featuredmedia":[{"embeddable":true,"href":"https:\/\/www.selleriesaft.com\/es\/wp-json\/wp\/v2\/media\/27095"}],"wp:attachment":[{"href":"https:\/\/www.selleriesaft.com\/es\/wp-json\/wp\/v2\/media?parent=27026"}],"curies":[{"name":"gra\u00adci\u00adas","href":"https:\/\/api.w.org\/{rel}","templated":true}]}}