{"id":27221,"date":"2022-06-10T20:49:43","date_gmt":"2022-06-10T18:49:43","guid":{"rendered":"https:\/\/www.selleriesaft.com\/?page_id=27221"},"modified":"2024-03-26T11:40:45","modified_gmt":"2024-03-26T10:40:45","slug":"zinc","status":"publish","type":"page","link":"https:\/\/www.selleriesaft.com\/es\/vimergy\/zinc\/","title":{"rendered":"Vimer\u00adgy Zinc (sul\u00adfato de zinc l\u00edquido)"},"content":{"rendered":"<p>Hoy en d\u00eda, much\u00adas per\u00adso\u00adnas pade\u00adcen defi\u00adci\u00aden\u00adcia de zinc. Por eso tiene sent\u00adi\u00addo tomar todos los d\u00edas un pre\u00adpa\u00adra\u00addo de zinc de alta cali\u00addad en for\u00adma de Vimer\u00adgy Zinc (sul\u00adfato de zinc l\u00edqui\u00addo). El zinc es un mine\u00adral espe\u00adcial\u00admen\u00adte importan\u00adte que man\u00adtiene innu\u00adme\u00adra\u00adbles fun\u00adcio\u00adnes en el orga\u00adnis\u00admo y des\u00adem\u00adpe\u00ad\u00f1a un papel cla\u00adve. Sin zinc no hab\u00adr\u00eda un meta\u00adbo\u00adlis\u00admo salu\u00adda\u00adble y el sis\u00adte\u00adma inmu\u00adnol\u00f3\u00adgi\u00adco tam\u00adbi\u00e9n se bene\u00adfi\u00adcia de sus com\u00adpo\u00adnen\u00adtes antioxidantes.<\/p>\n\n\n\n<h2 class=\"wp-block-heading\">El h\u00edga\u00addo nece\u00adsi\u00adta sul\u00adfato de zinc l\u00edqui\u00addo para sus fun\u00adcio\u00adnes protectoras.<\/h2>\n\n\n\n<p>El h\u00edga\u00addo depen\u00adde del zinc para rea\u00adli\u00adzar sus num\u00ade\u00adro\u00adsas fun\u00adcio\u00adnes. El zinc es nece\u00adsa\u00adrio para las m\u00e1s de 2000 fun\u00adcio\u00adnes del h\u00edga\u00addo. Las reser\u00advas de zinc en el h\u00edga\u00addo se ago\u00adtan r\u00e1pi\u00adda\u00admen\u00adte por\u00adque una gran can\u00adti\u00addad de zinc se ago\u00adta debi\u00addo al alto estr\u00e9s f\u00edsi\u00adco y men\u00adtal. Ya no se absor\u00adbe sufi\u00adci\u00aden\u00adte zinc a tra\u00adv\u00e9s de los ali\u00adment\u00ados por\u00adque la tier\u00adra cul\u00adtiva\u00adble no cuen\u00adta con sufi\u00adci\u00aden\u00adte zinc. El sul\u00adfato de zinc es capaz de com\u00adba\u00adtir los virus y la expo\u00adsi\u00adci\u00f3n actu\u00adal est\u00e1 ago\u00adtan\u00addo r\u00e1pi\u00adda\u00admen\u00adte estos sum\u00adi\u00adnis\u00adtros. Si hay un nivel sufi\u00adci\u00aden\u00adte\u00admen\u00adte alto de zinc en el h\u00edga\u00addo, el sis\u00adte\u00adma inmu\u00adnol\u00f3\u00adgi\u00adco del h\u00edga\u00addo pue\u00adde luchar con\u00adtra los invasores.<\/p>\n\n\n\n<h2 class=\"wp-block-heading\">El zinc es importan\u00adte para la tiro\u00adides y las gl\u00e1n\u00addu\u00adlas suprarrenales.<\/h2>\n\n\n\n<p><strong>Sul\u00adfato de zinc l\u00edqui\u00addo<\/strong> Tam\u00adbi\u00e9n for\u00adtale\u00adce y estabi\u00adli\u00adza la tiro\u00adides. <a href=\"https:\/\/www.selleriesaft.com\/es\/dia\/glandulas-suprarrenales\/\">gl\u00e1n\u00addu\u00adlas supra\u00adr\u00adrenales<\/a>. Tam\u00adbi\u00e9n es importan\u00adte para la fer\u00adtil\u00adidad. Tam\u00adbi\u00e9n es un anti\u00ads\u00e9p\u00adti\u00adco para pat\u00f3\u00adge\u00adnos como <a href=\"https:\/\/www.selleriesaft.com\/es\/ebv-protokoll-nach-anthony-william\/\">Epstein Barr<\/a> y el her\u00adpes z\u00f3s\u00adter, por lo que su con\u00adsu\u00admo inhi\u00adbe su cre\u00adci\u00admi\u00aden\u00adto en el cuer\u00adpo y al mis\u00admo tiem\u00adpo ayu\u00adda a redu\u00adcir la infla\u00admaci\u00f3n y el cre\u00adci\u00admi\u00aden\u00adto de n\u00f3du\u00adlos, tumo\u00adres y quistes.<\/p>\n\n\n\n<h2 class=\"wp-block-heading\">El sul\u00adfato de zinc es \u00fatil para los res\u00adfria\u00addos y la&nbsp;gripe.<\/h2>\n\n\n\n<p>El zinc for\u00adtale\u00adce el sis\u00adte\u00adma inmu\u00adnol\u00f3\u00adgi\u00adco for\u00adtale\u00adci\u00aden\u00addo los gl\u00f3\u00adbu\u00adlos blan\u00adcos como lin\u00adfo\u00adci\u00adtos, bas\u00f3\u00adfi\u00adlos, neu\u00adtr\u00f3\u00adfi\u00adlos, eosin\u00f3\u00adfi\u00adlos, macr\u00f3\u00adfa\u00adgos y mono\u00adci\u00adtos para que pued\u00adan detec\u00adtar y destruir pat\u00f3\u00adge\u00adnos. Ante los pri\u00adme\u00adros sig\u00adnos de res\u00adfria\u00addo y gri\u00adpe es de gran ayu\u00adda. <a href=\"https:\/\/www.selleriesaft.com\/es\/zink-schock-therapie-nach-anthony-william\/\">Ter\u00ada\u00adpia de cho\u00adque con zinc<\/a> con <strong>Vimer\u00adgy Zinc<\/strong> para pro\u00adbar. Para ello, los adul\u00adtos gote\u00adan 2 pipe\u00adtas de sul\u00adfato de zinc l\u00edqui\u00addo en la par\u00adte pos\u00adte\u00adri\u00ador de la boca cada 3 horas. Espe\u00adre un minu\u00adto y lue\u00adgo tra\u00adgue. Pue\u00addes hacer esto has\u00adta cin\u00adco o seis veces al d\u00eda duran\u00adte dos&nbsp;d\u00edas.<\/p>\n\n\n\n<p><strong>Ingre\u00addi\u00aden\u00adtes de Vimer\u00adgy&nbsp;Zinc<\/strong><\/p>\n\n\n\n<p><a href=\"https:\/\/www.selleriesaft.com\/es\/glicerina\/\" target=\"_blank\" data-type=\"URL\" data-id=\"https:\/\/www.selleriesaft.com\/glycerin\" rel=\"noreferrer noopener nofollow sponsored\">Gli\u00adce\u00adri\u00adna<\/a> (de lino), agua puri\u00adfi\u00adca\u00adda, sul\u00adfato de zinc, jugo de manz\u00ada\u00adna org\u00e1nico<\/p>\n\n\n\n<h2 class=\"wp-block-heading\">M\u00e1s detal\u00adles sob\u00adre Vimer\u00adgy Zinc (sul\u00adfato de zinc l\u00edquido)<\/h2>\n\n\n\n<ul class=\"wp-block-list\">\n<li>El zinc es un mine\u00adral esen\u00adcial para la salud humana.<\/li>\n\n\n\n<li>Apoya un meta\u00adbo\u00adlis\u00admo salu\u00adda\u00adble y un sis\u00adte\u00adma inmunol\u00f3gico.<\/li>\n\n\n\n<li>El zinc es un antioxidante.<\/li>\n\n\n\n<li>El zinc favor\u00adece la s\u00edn\u00adte\u00adsis salu\u00adda\u00adble del ADN y la expre\u00adsi\u00f3n gen\u00e9tica.<\/li>\n\n\n\n<li>\u00a1Nue\u00advo tama\u00ad\u00f1o de 115ml! Con\u00adtiene 7,5 mg de sul\u00adfato de zinc en una porci\u00f3n.<\/li>\n\n\n\n<li>\u00a1Nues\u00adtro sul\u00adfato de zinc org\u00e1\u00adni\u00adco con\u00adtiene solo sul\u00adfato de zinc, gli\u00adce\u00adri\u00adna org\u00e1\u00adni\u00adca, agua puri\u00adfi\u00adca\u00adda y un toque de jugo de manz\u00ada\u00adna org\u00e1\u00adni\u00adco para dar\u00adle&nbsp;sabor!<\/li>\n\n\n\n<li>Sin alco\u00adhol, sin glu\u00adten, sin OGM, kos\u00adher, sin ma\u00edz, vega\u00adno y apto para&nbsp;paleo<\/li>\n\n\n\n<li>Sin \u00e1ci\u00addo c\u00edtri\u00adco ni rel\u00adle\u00adnos, adi\u00adtivos ni sab\u00ado\u00adres naturales.<\/li>\n<\/ul>\n\n\n\n<p><strong>Seg\u00fan el Reg\u00adla\u00admen\u00adto de Declar\u00ada\u00adcio\u00adnes de Salud de la UE, se per\u00admi\u00adten las sigu\u00adi\u00aden\u00adtes declar\u00ada\u00adcio\u00adnes para este preparado:<\/strong><\/p>\n\n\n\n<ul class=\"wp-block-list\">\n<li>El zinc con\u00adtri\u00adbuye a la fun\u00adci\u00f3n cogni\u00adti\u00adva normal.<\/li>\n\n\n\n<li>El zinc con\u00adtri\u00adbuye a la s\u00edn\u00adte\u00adsis nor\u00admal de prote\u00ednas.<\/li>\n\n\n\n<li>El zinc con\u00adtri\u00adbuye a la s\u00edn\u00adte\u00adsis nor\u00admal de&nbsp;ADN.<\/li>\n\n\n\n<li>El zinc ayu\u00adda a man\u00adte\u00adner las u\u00f1as normales.<\/li>\n\n\n\n<li>El zinc con\u00adtri\u00adbuye al man\u00adten\u00adimi\u00aden\u00adto del cabel\u00adlo normal.<\/li>\n\n\n\n<li>El zinc con\u00adtri\u00adbuye al man\u00adten\u00adimi\u00aden\u00adto de los hue\u00adsos en con\u00addi\u00adcio\u00adnes normales.<\/li>\n\n\n\n<li>El zinc con\u00adtri\u00adbuye al meta\u00adbo\u00adlis\u00admo nor\u00admal de los carbohidratos.<\/li>\n\n\n\n<li>El zinc ayu\u00adda a man\u00adte\u00adner la piel normal.<\/li>\n\n\n\n<li>El zinc con\u00adtri\u00adbuye al meta\u00adbo\u00adlis\u00admo \u00e1ci\u00addo-base normal.<\/li>\n\n\n\n<li>El zinc tiene una fun\u00adci\u00f3n en la divi\u00adsi\u00f3n celular.<\/li>\n\n\n\n<li>El zinc con\u00adtri\u00adbuye al meta\u00adbo\u00adlis\u00admo nor\u00admal de la vit\u00adami\u00adna&nbsp;A.<\/li>\n\n\n\n<li>El zinc con\u00adtri\u00adbuye al meta\u00adbo\u00adlis\u00admo nor\u00admal de los macronutrientes.<\/li>\n\n\n\n<li>El zinc ayu\u00adda a pro\u00adte\u00adger las c\u00e9lulas del estr\u00e9s oxidativo<\/li>\n\n\n\n<li>El zinc con\u00adtri\u00adbuye al meta\u00adbo\u00adlis\u00admo nor\u00admal de los \u00e1ci\u00addos grasos.<\/li>\n\n\n\n<li>El zinc con\u00adtri\u00adbuye a man\u00adte\u00adner niv\u00adeles nor\u00adma\u00adles de tes\u00adto\u00adste\u00adro\u00adna en sangre.<\/li>\n\n\n\n<li>El zinc con\u00adtri\u00adbuye a la fer\u00adtil\u00adidad y repro\u00adduc\u00adci\u00f3n normales.<\/li>\n\n\n\n<li>El zinc con\u00adtri\u00adbuye al fun\u00adcio\u00adna\u00admi\u00aden\u00adto nor\u00admal del sis\u00adte\u00adma inmunol\u00f3gico.<\/li>\n\n\n\n<li>El zinc ayu\u00adda a man\u00adte\u00adner una visi\u00f3n normal.<\/li>\n<\/ul>\n\n\n\n<p><strong>Dosis de sul\u00adfato de zinc l\u00edqui\u00addo Vimery:<\/strong><\/p>\n\n\n\n<p>2 pipe\u00adtas (2 ml), man\u00adte\u00adner deba\u00adjo de la len\u00adgua duran\u00adte 60 segun\u00addos y lue\u00adgo tra\u00adgar. Tomar 1\u20132 veces al&nbsp;d\u00eda.<\/p>\n\n\n\n<p>Nota: No se debe exce\u00adder la can\u00adti\u00addad de con\u00adsu\u00admo dia\u00adrio reco\u00admend\u00adado indi\u00adca\u00adda. Los com\u00adple\u00adment\u00ados ali\u00admen\u00adti\u00adci\u00ados no deben uti\u00adli\u00adzar\u00adse como susti\u00adtu\u00adtos de una die\u00adta varia\u00adda. Una die\u00adta equi\u00adlib\u00adra\u00adda y un esti\u00adlo de vida salu\u00adda\u00adble son importan\u00adtes. Man\u00adte\u00adner fuera del alcan\u00adce de los ni\u00f1os. Si tiene algu\u00adna preg\u00adun\u00adta, comun\u00ed\u00adque\u00adse con su m\u00e9d\u00adico o pro\u00adfe\u00adsio\u00adnal alternativo.<\/p>","protected":false},"excerpt":{"rendered":"<p>Heutzutage haben viele Menschen einen Zinkmangel. Deswegen ist es sinnvoll, t\u00e4glich ein hochwertiges Zinkpr\u00e4parat in Form von Vimergy Zink (Zinksulfat fl\u00fcssig) einzunehmen. Zink ist ein besonders wichtiges Mineral, das unz\u00e4hlige Funktionen im K\u00f6rper aufrechterh\u00e4lt und dabei eine Schl\u00fcsselposition einnimmt. Ohne Zink g\u00e4be es keinen gesunden Stoffwechsel und auch das Immunsystem wird durch seine antioxidativen Komponenten [&hellip;]<\/p>\n","protected":false},"author":2,"featured_media":27224,"parent":38482,"menu_order":0,"comment_status":"closed","ping_status":"closed","template":"","meta":{"_acf_changed":false,"wp_typography_post_enhancements_disabled":false,"footnotes":""},"class_list":["post-27221","page","type-page","status-publish","has-post-thumbnail","hentry"],"acf":[],"_links":{"self":[{"href":"https:\/\/www.selleriesaft.com\/es\/wp-json\/wp\/v2\/pages\/27221","targetHints":{"allow":["GET"]}}],"collection":[{"href":"https:\/\/www.selleriesaft.com\/es\/wp-json\/wp\/v2\/pages"}],"about":[{"href":"https:\/\/www.selleriesaft.com\/es\/wp-json\/wp\/v2\/types\/page"}],"author":[{"embeddable":true,"href":"https:\/\/www.selleriesaft.com\/es\/wp-json\/wp\/v2\/users\/2"}],"replies":[{"embeddable":true,"href":"https:\/\/www.selleriesaft.com\/es\/wp-json\/wp\/v2\/comments?post=27221"}],"version-history":[{"count":0,"href":"https:\/\/www.selleriesaft.com\/es\/wp-json\/wp\/v2\/pages\/27221\/revisions"}],"up":[{"embeddable":true,"href":"https:\/\/www.selleriesaft.com\/es\/wp-json\/wp\/v2\/pages\/38482"}],"wp:featuredmedia":[{"embeddable":true,"href":"https:\/\/www.selleriesaft.com\/es\/wp-json\/wp\/v2\/media\/27224"}],"wp:attachment":[{"href":"https:\/\/www.selleriesaft.com\/es\/wp-json\/wp\/v2\/media?parent=27221"}],"curies":[{"name":"gra\u00adci\u00adas","href":"https:\/\/api.w.org\/{rel}","templated":true}]}}