{"id":4531,"date":"2020-02-07T19:28:07","date_gmt":"2020-02-07T18:28:07","guid":{"rendered":"https:\/\/www.selleriesaft.com\/?page_id=4531"},"modified":"2024-05-01T00:54:27","modified_gmt":"2024-04-30T22:54:27","slug":"libros-de-recetas","status":"publish","type":"page","link":"https:\/\/www.selleriesaft.com\/es\/rezeptbuecher\/","title":{"rendered":"Libros de recetas"},"content":{"rendered":"<div data-elementor-type=\"wp-page\" data-elementor-id=\"4531\" class=\"elementor elementor-4531\" data-elementor-post-type=\"page\">\n\t\t\t\t<div class=\"elementor-element elementor-element-65ad56c e-flex e-con-boxed e-con e-parent\" data-id=\"65ad56c\" data-element_type=\"container\" data-e-type=\"container\" data-settings=\"{&quot;background_background&quot;:&quot;classic&quot;}\">\n\t\t\t\t\t<div class=\"e-con-inner\">\n\t\t\t\t<div class=\"elementor-element elementor-element-1618c2c elementor-widget elementor-widget-heading\" data-id=\"1618c2c\" data-element_type=\"widget\" data-e-type=\"widget\" data-widget_type=\"heading.default\">\n\t\t\t\t\t<h1 class=\"elementor-heading-title elementor-size-default\">Libros de rece\u00adtas compatibles<\/h1>\t\t\t\t<\/div>\n\t\t\t\t<div class=\"elementor-element elementor-element-0cee458 elementor-widget elementor-widget-text-editor\" data-id=\"0cee458\" data-element_type=\"widget\" data-e-type=\"widget\" data-widget_type=\"text-editor.default\">\n\t\t\t\t\t\t\t\t\t<p>Libros de coci\u00adna y libros de repos\u00adte\u00adr\u00eda con rece\u00adtas compatibles.<\/p>\t\t\t\t\t\t\t\t<\/div>\n\t\t<div class=\"elementor-element elementor-element-8921e28 e-grid e-con-boxed e-con e-child\" data-id=\"8921e28\" data-element_type=\"container\" data-e-type=\"container\">\n\t\t\t\t\t<div class=\"e-con-inner\">\n\t\t<div class=\"elementor-element elementor-element-db884e1 e-con-full e-flex e-con e-child\" data-id=\"db884e1\" data-element_type=\"container\" data-e-type=\"container\">\n\t\t\t\t<div class=\"elementor-element elementor-element-242016e elementor-widget elementor-widget-image\" data-id=\"242016e\" data-element_type=\"widget\" data-e-type=\"widget\" data-widget_type=\"image.default\">\n\t\t\t\t\t\t\t\t\t\t\t\t\t\t\t<img loading=\"lazy\" decoding=\"async\" width=\"232\" height=\"300\" src=\"https:\/\/www.selleriesaft.com\/wp-content\/uploads\/2023\/04\/Vegane-und-schnelle-Alltagsgerichte-232x300.avif\" class=\"attachment-medium size-medium wp-image-38786\" alt srcset=\"https:\/\/www.selleriesaft.com\/wp-content\/uploads\/2023\/04\/Vegane-und-schnelle-Alltagsgerichte-232x300.avif 232w, https:\/\/www.selleriesaft.com\/wp-content\/uploads\/2023\/04\/Vegane-und-schnelle-Alltagsgerichte.avif 386w\" sizes=\"auto, (max-width: 232px) 100vw, 232px\" title>\t\t\t\t\t\t\t\t\t\t\t\t\t\t\t<\/div>\n\t\t\t\t<div class=\"elementor-element elementor-element-42c16d7 elementor-widget elementor-widget-heading\" data-id=\"42c16d7\" data-element_type=\"widget\" data-e-type=\"widget\" data-widget_type=\"heading.default\">\n\t\t\t\t\t<p class=\"elementor-heading-title elementor-size-default\">Comi\u00addas dia\u00adri\u00adas vega\u00adnas y r\u00e1pidas.<\/p>\t\t\t\t<\/div>\n\t\t\t\t<div class=\"elementor-element elementor-element-04b42ca elementor-widget elementor-widget-text-editor\" data-id=\"04b42ca\" data-element_type=\"widget\" data-e-type=\"widget\" data-widget_type=\"text-editor.default\">\n\t\t\t\t\t\t\t\t\t<p>Gun\u00adter&nbsp;Karl<\/p>\t\t\t\t\t\t\t\t<\/div>\n\t\t\t\t<div class=\"elementor-element elementor-element-97d9ec8 elementor-align-justify elementor-widget elementor-widget-button\" data-id=\"97d9ec8\" data-element_type=\"widget\" data-e-type=\"widget\" data-widget_type=\"button.default\">\n\t\t\t\t\t\t\t\t\t\t<a class=\"elementor-button elementor-button-link elementor-size-sm\" href=\"https:\/\/amzn.to\/3Uxu2fp\" target=\"_blank\" rel=\"nofollow noopener\">\n\t\t\t\t\t\t<span class=\"elementor-button-content-wrapper\">\n\t\t\t\t\t\t\t\t\t<span class=\"elementor-button-text\">Ama\u00adzo\u00adnas<\/span>\n\t\t\t\t\t<\/span>\n\t\t\t\t\t<\/a>\n\t\t\t\t\t\t\t\t<\/div>\n\t\t\t\t<\/div>\n\t\t<div class=\"elementor-element elementor-element-0793c60 e-con-full e-flex e-con e-child\" data-id=\"0793c60\" data-element_type=\"container\" data-e-type=\"container\">\n\t\t\t\t<div class=\"elementor-element elementor-element-926b300 elementor-widget elementor-widget-image\" data-id=\"926b300\" data-element_type=\"widget\" data-e-type=\"widget\" data-widget_type=\"image.default\">\n\t\t\t\t\t\t\t\t\t\t\t\t\t\t\t<img loading=\"lazy\" decoding=\"async\" width=\"232\" height=\"300\" src=\"https:\/\/www.selleriesaft.com\/wp-content\/uploads\/2022\/05\/traditionelle-gerichte-konform-gekocht-guenther-karl-232x300.avif\" class=\"attachment-medium size-medium wp-image-24899\" alt srcset=\"https:\/\/www.selleriesaft.com\/wp-content\/uploads\/2022\/05\/traditionelle-gerichte-konform-gekocht-guenther-karl-232x300.avif 232w, https:\/\/www.selleriesaft.com\/wp-content\/uploads\/2022\/05\/traditionelle-gerichte-konform-gekocht-guenther-karl-791x1024.avif 791w, https:\/\/www.selleriesaft.com\/wp-content\/uploads\/2022\/05\/traditionelle-gerichte-konform-gekocht-guenther-karl-768x994.avif 768w, https:\/\/www.selleriesaft.com\/wp-content\/uploads\/2022\/05\/traditionelle-gerichte-konform-gekocht-guenther-karl-9x12.avif 9w, https:\/\/www.selleriesaft.com\/wp-content\/uploads\/2022\/05\/traditionelle-gerichte-konform-gekocht-guenther-karl.avif 1000w\" sizes=\"auto, (max-width: 232px) 100vw, 232px\" title>\t\t\t\t\t\t\t\t\t\t\t\t\t\t\t<\/div>\n\t\t\t\t<div class=\"elementor-element elementor-element-7bd517d elementor-widget elementor-widget-heading\" data-id=\"7bd517d\" data-element_type=\"widget\" data-e-type=\"widget\" data-widget_type=\"heading.default\">\n\t\t\t\t\t<p class=\"elementor-heading-title elementor-size-default\">Pla\u00adtos tradicionales<\/p>\t\t\t\t<\/div>\n\t\t\t\t<div class=\"elementor-element elementor-element-f8fb775 elementor-widget elementor-widget-text-editor\" data-id=\"f8fb775\" data-element_type=\"widget\" data-e-type=\"widget\" data-widget_type=\"text-editor.default\">\n\t\t\t\t\t\t\t\t\t<p>Gun\u00adter&nbsp;Karl<\/p>\t\t\t\t\t\t\t\t<\/div>\n\t\t\t\t<div class=\"elementor-element elementor-element-26e2235 elementor-align-justify elementor-widget elementor-widget-button\" data-id=\"26e2235\" data-element_type=\"widget\" data-e-type=\"widget\" data-widget_type=\"button.default\">\n\t\t\t\t\t\t\t\t\t\t<a class=\"elementor-button elementor-button-link elementor-size-sm\" href=\"https:\/\/amzn.to\/3ytwGKa\" target=\"_blank\" rel=\"nofollow noopener\">\n\t\t\t\t\t\t<span class=\"elementor-button-content-wrapper\">\n\t\t\t\t\t\t\t\t\t<span class=\"elementor-button-text\">Ama\u00adzo\u00adnas<\/span>\n\t\t\t\t\t<\/span>\n\t\t\t\t\t<\/a>\n\t\t\t\t\t\t\t\t<\/div>\n\t\t\t\t<\/div>\n\t\t<div class=\"elementor-element elementor-element-0d4f05c e-con-full e-flex e-con e-child\" data-id=\"0d4f05c\" data-element_type=\"container\" data-e-type=\"container\">\n\t\t\t\t<div class=\"elementor-element elementor-element-3ddf54c elementor-widget elementor-widget-image\" data-id=\"3ddf54c\" data-element_type=\"widget\" data-e-type=\"widget\" data-widget_type=\"image.default\">\n\t\t\t\t\t\t\t\t\t\t\t\t\t\t\t<img loading=\"lazy\" decoding=\"async\" width=\"212\" height=\"300\" src=\"https:\/\/www.selleriesaft.com\/wp-content\/uploads\/2023\/07\/Keep-it-Simple-Alexandra-Skirde-212x300.avif\" class=\"attachment-medium size-medium wp-image-40034\" alt=\"Portada del libro de cocina Keep it Simple de Alexandra Skirde\" srcset=\"https:\/\/www.selleriesaft.com\/wp-content\/uploads\/2023\/07\/Keep-it-Simple-Alexandra-Skirde-212x300.avif 212w, https:\/\/www.selleriesaft.com\/wp-content\/uploads\/2023\/07\/Keep-it-Simple-Alexandra-Skirde-8x12.avif 8w, https:\/\/www.selleriesaft.com\/wp-content\/uploads\/2023\/07\/Keep-it-Simple-Alexandra-Skirde.avif 418w\" sizes=\"auto, (max-width: 212px) 100vw, 212px\" title>\t\t\t\t\t\t\t\t\t\t\t\t\t\t\t<\/div>\n\t\t\t\t<div class=\"elementor-element elementor-element-1583704 elementor-widget elementor-widget-heading\" data-id=\"1583704\" data-element_type=\"widget\" data-e-type=\"widget\" data-widget_type=\"heading.default\">\n\t\t\t\t\t<p class=\"elementor-heading-title elementor-size-default\">Man\u00adten\u00adlo simple<\/p>\t\t\t\t<\/div>\n\t\t\t\t<div class=\"elementor-element elementor-element-f8bdf35 elementor-widget elementor-widget-text-editor\" data-id=\"f8bdf35\" data-element_type=\"widget\" data-e-type=\"widget\" data-widget_type=\"text-editor.default\">\n\t\t\t\t\t\t\t\t\tAlex\u00adan\u00addra Skirde&nbsp;<\/div>\n\t\t\t\t<div class=\"elementor-element elementor-element-81d4bca elementor-align-justify elementor-widget elementor-widget-button\" data-id=\"81d4bca\" data-element_type=\"widget\" data-e-type=\"widget\" data-widget_type=\"button.default\">\n\t\t\t\t\t\t\t\t\t\t<a class=\"elementor-button elementor-button-link elementor-size-sm\" href=\"https:\/\/amzn.to\/44X8Vaz\" target=\"_blank\" rel=\"nofollow noopener\">\n\t\t\t\t\t\t<span class=\"elementor-button-content-wrapper\">\n\t\t\t\t\t\t\t\t\t<span class=\"elementor-button-text\">Ama\u00adzo\u00adnas<\/span>\n\t\t\t\t\t<\/span>\n\t\t\t\t\t<\/a>\n\t\t\t\t\t\t\t\t<\/div>\n\t\t\t\t<\/div>\n\t\t<div class=\"elementor-element elementor-element-a2389ae e-con-full e-flex e-con e-child\" data-id=\"a2389ae\" data-element_type=\"container\" data-e-type=\"container\">\n\t\t\t\t<div class=\"elementor-element elementor-element-e89d0f6 elementor-widget elementor-widget-image\" data-id=\"e89d0f6\" data-element_type=\"widget\" data-e-type=\"widget\" data-widget_type=\"image.default\">\n\t\t\t\t\t\t\t\t\t\t\t\t\t\t\t<img loading=\"lazy\" decoding=\"async\" width=\"232\" height=\"300\" src=\"https:\/\/www.selleriesaft.com\/wp-content\/uploads\/2022\/06\/kochen-geniessen-heilen-silvie-simon-232x300.avif\" class=\"attachment-medium size-medium wp-image-27453\" alt srcset=\"https:\/\/www.selleriesaft.com\/wp-content\/uploads\/2022\/06\/kochen-geniessen-heilen-silvie-simon-232x300.avif 232w, https:\/\/www.selleriesaft.com\/wp-content\/uploads\/2022\/06\/kochen-geniessen-heilen-silvie-simon-791x1024.avif 791w, https:\/\/www.selleriesaft.com\/wp-content\/uploads\/2022\/06\/kochen-geniessen-heilen-silvie-simon-768x994.avif 768w, https:\/\/www.selleriesaft.com\/wp-content\/uploads\/2022\/06\/kochen-geniessen-heilen-silvie-simon-9x12.avif 9w, https:\/\/www.selleriesaft.com\/wp-content\/uploads\/2022\/06\/kochen-geniessen-heilen-silvie-simon.avif 1000w\" sizes=\"auto, (max-width: 232px) 100vw, 232px\" title>\t\t\t\t\t\t\t\t\t\t\t\t\t\t\t<\/div>\n\t\t\t\t<div class=\"elementor-element elementor-element-ddf6e65 elementor-widget elementor-widget-heading\" data-id=\"ddf6e65\" data-element_type=\"widget\" data-e-type=\"widget\" data-widget_type=\"heading.default\">\n\t\t\t\t\t<p class=\"elementor-heading-title elementor-size-default\">Coci\u00adnar Dis\u00adf\u00adrut\u00adar de la Curaci\u00f3n<\/p>\t\t\t\t<\/div>\n\t\t\t\t<div class=\"elementor-element elementor-element-e019930 elementor-widget elementor-widget-text-editor\" data-id=\"e019930\" data-element_type=\"widget\" data-e-type=\"widget\" data-widget_type=\"text-editor.default\">\n\t\t\t\t\t\t\t\t\t<p>Sil\u00advia&nbsp;Sim\u00f3n<\/p>\t\t\t\t\t\t\t\t<\/div>\n\t\t\t\t<div class=\"elementor-element elementor-element-bd424ed elementor-align-justify elementor-widget elementor-widget-button\" data-id=\"bd424ed\" data-element_type=\"widget\" data-e-type=\"widget\" data-widget_type=\"button.default\">\n\t\t\t\t\t\t\t\t\t\t<a class=\"elementor-button elementor-button-link elementor-size-sm\" href=\"https:\/\/amzn.to\/3b9aVFK\" target=\"_blank\" rel=\"nofollow noopener\">\n\t\t\t\t\t\t<span class=\"elementor-button-content-wrapper\">\n\t\t\t\t\t\t\t\t\t<span class=\"elementor-button-text\">Ama\u00adzo\u00adnas<\/span>\n\t\t\t\t\t<\/span>\n\t\t\t\t\t<\/a>\n\t\t\t\t\t\t\t\t<\/div>\n\t\t\t\t<\/div>\n\t\t\t\t\t<\/div>\n\t\t\t\t<\/div>\n\t\t\t\t\t<\/div>\n\t\t\t\t<\/div>\n\t\t\t\t<\/div>","protected":false},"excerpt":{"rendered":"<p>Libros de rece\u00adtas com\u00adpa\u00adti\u00adbles. Libros de coci\u00adna y repos\u00adte\u00adr\u00eda con rece\u00adtas com\u00adpa\u00adti\u00adbles. Comi\u00addas vega\u00adnas y r\u00e1pi\u00addas para el d\u00eda a d\u00eda. G\u00fcn\u00adther Karl (Ama\u00adzon). Pla\u00adtos tra\u00addi\u00adcio\u00adna\u00adles. G\u00fcn\u00adther Karl (Ama\u00adzon). Man\u00adten\u00adlo simp\u00adle. Alex\u00adan\u00addra Skir\u00adde (Ama\u00adzon). Cocin\u00adan\u00addo, dis\u00adf\u00adrut\u00adan\u00addo, sanan\u00addo. Sil\u00advie Simon (Ama\u00adzon).<\/p>","protected":false},"author":1,"featured_media":0,"parent":0,"menu_order":0,"comment_status":"closed","ping_status":"closed","template":"","meta":{"_acf_changed":false,"wp_typography_post_enhancements_disabled":false,"footnotes":""},"class_list":["post-4531","page","type-page","status-publish","hentry"],"acf":[],"_links":{"self":[{"href":"https:\/\/www.selleriesaft.com\/es\/wp-json\/wp\/v2\/pages\/4531","targetHints":{"allow":["GET"]}}],"collection":[{"href":"https:\/\/www.selleriesaft.com\/es\/wp-json\/wp\/v2\/pages"}],"about":[{"href":"https:\/\/www.selleriesaft.com\/es\/wp-json\/wp\/v2\/types\/page"}],"author":[{"embeddable":true,"href":"https:\/\/www.selleriesaft.com\/es\/wp-json\/wp\/v2\/users\/1"}],"replies":[{"embeddable":true,"href":"https:\/\/www.selleriesaft.com\/es\/wp-json\/wp\/v2\/comments?post=4531"}],"version-history":[{"count":0,"href":"https:\/\/www.selleriesaft.com\/es\/wp-json\/wp\/v2\/pages\/4531\/revisions"}],"wp:attachment":[{"href":"https:\/\/www.selleriesaft.com\/es\/wp-json\/wp\/v2\/media?parent=4531"}],"curies":[{"name":"gra\u00adci\u00adas","href":"https:\/\/api.w.org\/{rel}","templated":true}]}}