{"id":13,"date":"2019-05-28T01:17:46","date_gmt":"2019-05-27T23:17:46","guid":{"rendered":"https:\/\/www.selleriesaft.com\/?page_id=13"},"modified":"2025-10-18T23:55:23","modified_gmt":"2025-10-18T21:55:23","slug":"imprimer","status":"publish","type":"page","link":"https:\/\/www.selleriesaft.com\/fr\/impressum\/","title":{"rendered":"impri\u00admer"},"content":{"rendered":"<div data-elementor-type=\"wp-page\" data-elementor-id=\"13\" class=\"elementor elementor-13\" data-elementor-post-type=\"page\">\n\t\t\t\t<div class=\"elementor-element elementor-element-d422765 e-flex e-con-boxed e-con e-parent\" data-id=\"d422765\" data-element_type=\"container\" data-e-type=\"container\" data-settings=\"{&quot;background_background&quot;:&quot;classic&quot;}\">\n\t\t\t\t\t<div class=\"e-con-inner\">\n\t\t\t\t<div class=\"elementor-element elementor-element-0dcc007 elementor-widget elementor-widget-text-editor\" data-id=\"0dcc007\" data-element_type=\"widget\" data-e-type=\"widget\" data-widget_type=\"text-editor.default\">\n\t\t\t\t\t\t\t\t\t<h1>impri\u00admer<\/h1><p><b>Con\u00adfor\u00adm\u00e9\u00adment au \u00a7 5&nbsp;TMG<\/b><\/p><p>Meli\u00adke Ill\u00adner<br>Rin\u00adnen\u00adbach\u00adstras\u00adse 16\/1<br>73760 Ost\u00adfil\u00addern<\/p><p><b>Cont\u00adact<\/b><\/p><p>Cour\u00adri\u00adel : moin@selleriesaft.com<\/p><p><strong>Num\u00e9\u00adro d\u2019i\u00adden\u00adti\u00adfi\u00adca\u00adti\u00adon de&nbsp;TVA<\/strong><\/p><p>DE452435743<\/p><h2>Clau\u00adse de non-responsabilit\u00e9<\/h2><p><strong>Responsa\u00adbi\u00adli\u00adt\u00e9 du contenu<\/strong><\/p><p>En tant que presta\u00adtai\u00adre de ser\u00advices, nous som\u00admes respons\u00adables de not\u00adre pro\u00adpre con\u00adtenu sur ces pages con\u00adfor\u00adm\u00e9\u00adment aux lois g\u00e9n\u00e9\u00adra\u00adles con\u00adfor\u00adm\u00e9\u00adment \u00e0 l\u2019ar\u00adtic\u00adle 7, para\u00adgra\u00adphe 1, du TMG. Tou\u00adte\u00adfois, con\u00adfor\u00adm\u00e9\u00adment aux artic\u00adles 8 \u00e0 10 TMG, en tant que presta\u00adtai\u00adre de ser\u00advices, nous ne som\u00admes pas obli\u00adg\u00e9s de sur\u00adveil\u00adler les infor\u00adma\u00adti\u00adons de tiers trans\u00admi\u00adses ou stock\u00e9es ni d\u2019en\u00adqu\u00ea\u00adter sur les cir\u00adcon\u00ads\u00adtances indi\u00adquant une acti\u00advi\u00adt\u00e9 ill\u00e9gale.<\/p><p>Les obli\u00adga\u00adti\u00adons de sup\u00adp\u00adri\u00admer ou de blo\u00adquer l\u2019uti\u00adli\u00adsa\u00adti\u00adon des infor\u00adma\u00adti\u00adons con\u00adfor\u00adm\u00e9\u00adment au droit g\u00e9n\u00e9\u00adral restent inchan\u00adg\u00e9es. Tou\u00adte\u00adfois, la responsa\u00adbi\u00adli\u00adt\u00e9 \u00e0 cet \u00e9gard n\u2019est pos\u00adsi\u00adble qu\u2019\u00e0 par\u00adtir du moment o\u00f9 l\u2019on a con\u00adnais\u00adsance d\u2019u\u00adne vio\u00adla\u00adti\u00adon con\u00adcr\u00e8\u00adte de la loi. Si nous avons con\u00adnais\u00adsance de vio\u00adla\u00adti\u00adons l\u00e9ga\u00adles cor\u00adre\u00adspond\u00adan\u00adtes, nous sup\u00adp\u00adri\u00adme\u00adrons imm\u00e9\u00addia\u00adte\u00adment ce contenu.<\/p><p><strong>Responsa\u00adbi\u00adli\u00adt\u00e9 pour les&nbsp;liens<\/strong><\/p><p>Not\u00adre off\u00adre con\u00adti\u00adent des liens vers des sites Inter\u00adnet de tiers exter\u00adnes sur le con\u00adtenu des\u00adquels nous n\u2019a\u00advons aucu\u00adne influence. Nous ne pou\u00advons donc assu\u00admer aucu\u00adne responsa\u00adbi\u00adli\u00adt\u00e9 pour ce con\u00adtenu exter\u00adne. Le four\u00adnis\u00adseur ou l\u2019ex\u00adplo\u00aditant respec\u00adtif des pages est tou\u00adjours responsable du con\u00adtenu des pages li\u00e9es. Les pages li\u00e9es ont \u00e9t\u00e9 v\u00e9ri\u00adfi\u00e9es au moment de la cr\u00e9a\u00adti\u00adon du lien pour d\u00e9tec\u00adter d\u2019\u00e9\u00adven\u00adtu\u00adel\u00adles vio\u00adla\u00adti\u00adons de la loi. Aucun con\u00adtenu ill\u00e9\u00adgal n\u2019\u00e9\u00adtait appa\u00adrent au moment de la cr\u00e9a\u00adti\u00adon du&nbsp;lien.<\/p><p>Un con\u00adtr\u00f4\u00adle per\u00adma\u00adnent du con\u00adtenu des pages li\u00e9es n\u2019est tou\u00adte\u00adfois pas rai\u00adsonnable sans preu\u00adves con\u00adcr\u00e8\u00adtes d\u2019u\u00adne vio\u00adla\u00adti\u00adon de la loi. Si nous avons con\u00adnais\u00adsance de vio\u00adla\u00adti\u00adons de la loi, nous sup\u00adp\u00adri\u00adme\u00adrons imm\u00e9\u00addia\u00adte\u00adment ces&nbsp;liens.<\/p><p><strong>droits d\u2019au\u00adteur<\/strong><\/p><p>Le con\u00adtenu et les \u0153uvres de ces pages cr\u00e9\u00ad\u00e9es par les explo\u00aditants du site sont sou\u00admis \u00e0 la loi alle\u00adman\u00adde sur le droit d\u2019au\u00adteur. La repro\u00adduc\u00adtion, le trai\u00adte\u00adment, la dis\u00adtri\u00adbu\u00adti\u00adon et tou\u00adte for\u00adme d\u2019ex\u00adplo\u00adita\u00adti\u00adon en dehors des limi\u00adtes du droit d\u2019au\u00adteur n\u00e9ces\u00adsi\u00adtent l\u2019ac\u00adcord \u00e9crit de l\u2019au\u00adteur ou du cr\u00e9\u00ada\u00adteur respec\u00adtif. Les t\u00e9l\u00e9\u00adchar\u00adge\u00adments et les copies de cet\u00adte page ne sont auto\u00adri\u00ads\u00e9s que pour un usa\u00adge pri\u00adv\u00e9 et non commercial.<\/p><p>Si le con\u00adtenu de ce site n\u2019a pas \u00e9t\u00e9 cr\u00e9\u00e9 par l\u2019op\u00e9\u00adra\u00adteur, les droits d\u2019au\u00adteur des tiers sont respec\u00adt\u00e9s. En par\u00adti\u00adcu\u00adlier, les con\u00adte\u00adnus de tiers sont mar\u00adqu\u00e9s com\u00adme tels. Si vous con\u00adsta\u00adtez n\u00e9an\u00admo\u00adins une vio\u00adla\u00adti\u00adon du droit d\u2019au\u00adteur, nous vous deman\u00addons de nous en infor\u00admer. Si nous avons con\u00adnais\u00adsance de vio\u00adla\u00adti\u00adons de la loi, nous sup\u00adp\u00adri\u00adme\u00adrons imm\u00e9\u00addia\u00adte\u00adment ce contenu.<\/p>\t\t\t\t\t\t\t\t<\/div>\n\t\t\t\t\t<\/div>\n\t\t\t\t<\/div>\n\t\t\t\t<\/div>","protected":false},"excerpt":{"rendered":"<p>Impressum Angaben gem\u00e4\u00df \u00a7 5 TMG Melike IllnerRinnenbachstra\u00dfe 16\/173760 Ostfildern Kontakt E-Mail: moin@selleriesaft.com USt-IdNr. DE452435743 Disclaimer Haftung f\u00fcr Inhalte Als Diensteanbieter sind wir gem\u00e4\u00df \u00a7 7 Abs.1 TMG f\u00fcr eigene Inhalte auf diesen Seiten nach den allgemeinen Gesetzen verantwortlich. Nach \u00a7\u00a7 8 bis 10 TMG sind wir als Diensteanbieter jedoch nicht verpflichtet, \u00fcbermittelte oder gespeicherte [&hellip;]<\/p>\n","protected":false},"author":1,"featured_media":0,"parent":0,"menu_order":0,"comment_status":"closed","ping_status":"closed","template":"","meta":{"_acf_changed":false,"wp_typography_post_enhancements_disabled":false,"footnotes":""},"class_list":["post-13","page","type-page","status-publish","hentry"],"acf":[],"_links":{"self":[{"href":"https:\/\/www.selleriesaft.com\/fr\/wp-json\/wp\/v2\/pages\/13","targetHints":{"allow":["GET"]}}],"collection":[{"href":"https:\/\/www.selleriesaft.com\/fr\/wp-json\/wp\/v2\/pages"}],"about":[{"href":"https:\/\/www.selleriesaft.com\/fr\/wp-json\/wp\/v2\/types\/page"}],"author":[{"embeddable":true,"href":"https:\/\/www.selleriesaft.com\/fr\/wp-json\/wp\/v2\/users\/1"}],"replies":[{"embeddable":true,"href":"https:\/\/www.selleriesaft.com\/fr\/wp-json\/wp\/v2\/comments?post=13"}],"version-history":[{"count":0,"href":"https:\/\/www.selleriesaft.com\/fr\/wp-json\/wp\/v2\/pages\/13\/revisions"}],"wp:attachment":[{"href":"https:\/\/www.selleriesaft.com\/fr\/wp-json\/wp\/v2\/media?parent=13"}],"curies":[{"name":"wp","href":"https:\/\/api.w.org\/{rel}","templated":true}]}}