{"id":27026,"date":"2022-06-07T12:16:48","date_gmt":"2022-06-07T10:16:48","guid":{"rendered":"https:\/\/www.selleriesaft.com\/?page_id=27026"},"modified":"2024-03-24T23:10:27","modified_gmt":"2024-03-24T22:10:27","slug":"celeriforce","status":"publish","type":"page","link":"https:\/\/www.selleriesaft.com\/fr\/vimergy\/celeryforce\/","title":{"rendered":"C\u00e9le\u00adrif\u00adorce\u00ae de Vimergy"},"content":{"rendered":"<h2 class=\"wp-block-heading\">Les cap\u00adsu\u00adles Cele\u00adry\u00adforce de Vimer\u00adgy \u2013 un aper\u00e7u<\/h2>\n\n\n\n<p>\u00c0 l\u2019heure o\u00f9 not\u00adre corps est con\u00adstam\u00adment expo\u00ads\u00e9 \u00e0 des niveaux de stress \u00e9le\u00adv\u00e9s, il est important de lui appor\u00adter les nut\u00adri\u00adments n\u00e9ces\u00adsaires. C\u2019est l\u00e0 qu\u2019in\u00adter\u00advi\u00aden\u00adnent les com\u00adpl\u00e9\u00adments nut\u00adri\u00adti\u00adonnels, com\u00adme les cap\u00adsu\u00adles Cele\u00adry\u00adForce\u00ae de Vimer\u00adgy, qui apportent une rich\u00ades\u00adse en vit\u00adami\u00adnes, min\u00e9\u00adraux et aci\u00addes ami\u00adn\u00e9s essentiels.<\/p>\n\n\n\n<h2 class=\"wp-block-heading\">Cele\u00adry\u00adforce m\u00e9ri\u00adte-t-il une place sur ma lis\u00adte de courses&nbsp;?<\/h2>\n\n\n\n<p>Les sup\u00adp\u00adl\u00e9\u00adments com\u00adme les cap\u00adsu\u00adles Cele\u00adry\u00adForce Vimer\u00adgy pr\u00e9\u00adsen\u00adtent de nombreux avan\u00adta\u00adges. Ils con\u00adsti\u00adtu\u00adent un moy\u00aden simp\u00adle d\u2019ob\u00adte\u00adnir des nut\u00adri\u00adments sup\u00adp\u00adl\u00e9\u00admen\u00adtai\u00adres et peu\u00advent \u00eatre faci\u00adle\u00adment com\u00adman\u00add\u00e9s en ligne, par exemp\u00adle dans une phar\u00admacie de ven\u00adte par cor\u00adre\u00adspond\u00adance. Mais valent-ils la pei\u00adne d\u2019\u00eatre achet\u00e9s&nbsp;?<\/p>\n\n\n\n<h3 class=\"wp-block-heading\">Les avan\u00adta\u00adges<\/h3>\n\n\n\n<p>Les cap\u00adsu\u00adles Vimer\u00adgy offrent de nombreux avan\u00adta\u00adges, \u00e0 com\u00admen\u00adcer par le fait qu\u2019el\u00adles se pr\u00e9\u00adsen\u00adtent sous for\u00adme de cap\u00adsu\u00adle v\u00e9g\u00e9\u00adta\u00adri\u00aden\u00adne pra\u00adtique. Ils con\u00adti\u00aden\u00adnent \u00e9ga\u00adle\u00adment un m\u00e9lan\u00adge de gly\u00adci\u00adna\u00adte de magn\u00e9\u00adsi\u00adum, de L\u2011taurine et de cho\u00adli\u00adne, qui assu\u00adrent un m\u00e9ta\u00adbo\u00adlis\u00adme sain, une fon\u00adc\u00adtion mus\u00adcu\u00adlai\u00adre nor\u00adma\u00adle et une acti\u00advi\u00adt\u00e9 men\u00adta\u00adle normale.<\/p>\n\n\n\n<h3 class=\"wp-block-heading\">La pra\u00adti\u00adci\u00adt\u00e9<\/h3>\n\n\n\n<p>L\u2019utilisation des cap\u00adsu\u00adles est \u00e9ga\u00adle\u00adment simp\u00adle. Ils sont \u00ab \u00e0 man\u00adches \u00bb, ce qui signi\u00adfie qu\u2019ils peu\u00advent \u00eatre faci\u00adle\u00adment ava\u00adl\u00e9s. Ils peu\u00advent \u00e9ga\u00adle\u00adment s\u2019int\u00e9grer faci\u00adle\u00adment \u00e0 vot\u00adre rou\u00adti\u00adne quo\u00adti\u00addi\u00aden\u00adne et offrir un com\u00adpl\u00e9\u00adment simp\u00adle \u00e0 un mode de vie vari\u00e9 et&nbsp;sain.<\/p>\n\n\n\n<h2 class=\"wp-block-heading\">Que peut fai\u00adre Cele\u00adry\u00adforce pour ma&nbsp;sant\u00e9&nbsp;?<\/h2>\n\n\n\n<p>Les cap\u00adsu\u00adles Cele\u00adry\u00adForce sont plus qu\u2019un simp\u00adle com\u00adpl\u00e9\u00adment. Ils offrent une gam\u00adme de bien\u00adfaits pour la san\u00adt\u00e9 allant d\u2019une meil\u00adleu\u00adre diges\u00adti\u00adon \u00e0 une meil\u00adleu\u00adre concentration.<\/p>\n\n\n\n<h3 class=\"wp-block-heading\">Les prin\u00adcipes actifs<\/h3>\n\n\n\n<p>Les prin\u00adcipes actifs des g\u00e9lules sont diver\u00adsi\u00adfi\u00e9s et soi\u00adgneu\u00adse\u00adment s\u00e9lec\u00adtion\u00adn\u00e9s. Ceux-ci inclu\u00adent la cho\u00adli\u00adne, qui aide \u00e0 main\u00adte\u00adnir une fon\u00adc\u00adtion h\u00e9pa\u00adtique nor\u00adma\u00adle, et l\u2019i\u00adno\u00adsi\u00adtol, un com\u00adpo\u00adsant du m\u00e9lan\u00adge, doit \u00eatre pris dans les limi\u00adtes de l\u2019ap\u00adport quo\u00adti\u00addi\u00aden recom\u00adman\u00add\u00e9 car il s\u2019a\u00adgit d\u2019un nut\u00adri\u00adment important pour le cer\u00adve\u00adau. Les g\u00e9lules con\u00adti\u00aden\u00adnent \u00e9ga\u00adle\u00adment de la L\u2011glutamine, un aci\u00adde ami\u00adn\u00e9 lar\u00adge\u00adment dis\u00adtri\u00adbu\u00e9 dans l\u2019or\u00adga\u00adnis\u00adme et qui rem\u00adplit de nombreu\u00adses fon\u00adc\u00adtions, notam\u00adment le sou\u00adti\u00aden du sys\u00adt\u00e8me immunitaire.<\/p>\n\n\n\n<h3 class=\"wp-block-heading\">Voi\u00adci com\u00adment les nut\u00adri\u00adments affec\u00adtent le&nbsp;corps<\/h3>\n\n\n\n<p>Les nut\u00adri\u00adments ont un effet syn\u00ader\u00adgi\u00adque sur l\u2019organisme. Ils aident \u00e0 sou\u00adte\u00adnir le fon\u00adc\u00adtion\u00adne\u00adment nor\u00admal des cel\u00adlu\u00adles et \u00e0 pro\u00adt\u00e9\u00adger l\u2019organisme du stress oxy\u00adda\u00adtif. Ils sou\u00adti\u00aden\u00adnent \u00e9ga\u00adle\u00adment un sys\u00adt\u00e8me ner\u00adveux sain et con\u00adtri\u00adbuent \u00e0 une fon\u00adc\u00adtion cogni\u00adti\u00adve normale.<\/p>\n\n\n\n<h3 class=\"wp-block-heading\">Les bien\u00adfaits du jus de c\u00e9le\u00adri pour la&nbsp;sant\u00e9<\/h3>\n\n\n\n<p>Boi\u00adre du jus de c\u00e9le\u00adri off\u00adre de nombreux bien\u00adfaits pour la san\u00adt\u00e9. Il est riche en vit\u00adami\u00adnes et min\u00e9\u00adraux et con\u00adsti\u00adtue une source natu\u00adrel\u00adle d\u2019antioxydants. Il peut \u00e9ga\u00adle\u00adment aider \u00e0 d\u00e9to\u00adxi\u00adfier le corps, faci\u00adli\u00adter la diges\u00adti\u00adon et aug\u00admen\u00adter l\u2019\u00e9nergie.<\/p>\n\n\n\n<h2 class=\"wp-block-heading\">Quel\u00adles sont les valeurs nut\u00adri\u00adti\u00adonnel\u00adles de Celeryforce&nbsp;?<\/h2>\n\n\n\n<p>Mal\u00adgr\u00e9 les bien\u00adfaits qu\u2019offrent les g\u00e9lules Cele\u00adry\u00adForce, il est important de noter que les com\u00adpl\u00e9\u00adments ali\u00admen\u00adtai\u00adres ne se sub\u00adsti\u00adtu\u00adent pas \u00e0 une ali\u00admen\u00adta\u00adti\u00adon sai\u00adne et \u00e9qui\u00adli\u00adbr\u00e9e. Ils doi\u00advent \u00eatre con\u00adsid\u00e9\u00adr\u00e9s com\u00adme un com\u00adpl\u00e9\u00adment \u00e0 un mode de vie sain et non com\u00adme l\u2019unique m\u00e9tho\u00adde d\u2019obtention de nutriments.<\/p>\n\n\n\n<h3 class=\"wp-block-heading\">Aut\u00adres pro\u00adduits Vimer\u00adgy et leurs avantages<\/h3>\n\n\n\n<p>Vimer\u00adgy pro\u00adpo\u00adse une gam\u00adme d\u2019au\u00adt\u00adres pro\u00adduits qui con\u00adti\u00aden\u00adnent \u00e9ga\u00adle\u00adment des nut\u00adri\u00adments pr\u00e9\u00adcieux. Il s\u2019a\u00adgit notam\u00adment de pro\u00adduits con\u00adten\u00adant de la tau\u00adri\u00adne, un aci\u00adde ami\u00adn\u00e9 qui sou\u00adti\u00adent le sys\u00adt\u00e8me ner\u00adveux et con\u00adtri\u00adbue \u00e0 la san\u00adt\u00e9 cardiaque.<\/p>\n\n\n\n<h3 class=\"wp-block-heading\">Recon\u00adsti\u00adtuer les nut\u00adri\u00adments gr\u00e2ce \u00e0 une ali\u00admen\u00adta\u00adti\u00adon \u00e9quilibr\u00e9e<\/h3>\n\n\n\n<p>Ain\u00adsi, m\u00eame si les g\u00e9lules peu\u00advent con\u00adsti\u00adtuer un com\u00adpl\u00e9\u00adment uti\u00adle, il est n\u00e9an\u00admo\u00adins important de main\u00adte\u00adnir une ali\u00admen\u00adta\u00adti\u00adon \u00e9qui\u00adli\u00adbr\u00e9e. Une ali\u00admen\u00adta\u00adti\u00adon riche en fruits, l\u00e9gu\u00admes, grains entiers, pro\u00adt\u00e9\u00adi\u00adnes maig\u00adres et grais\u00adses sai\u00adnes peut nous four\u00adnir la plu\u00adpart des nut\u00adri\u00adments dont nous avons beso\u00adin et ne doit pas d\u00e9pas\u00adser l\u2019apport quo\u00adti\u00addi\u00aden recommand\u00e9.<\/p>\n\n\n\n<h3 class=\"wp-block-heading\">Une ali\u00admen\u00adta\u00adti\u00adon sai\u00adne ne rem\u00adplace pas les com\u00adpl\u00e9\u00adments nut\u00adri\u00adti\u00adonnels et vice&nbsp;versa<\/h3>\n\n\n\n<p>Il est important de com\u00adprend\u00adre qu\u2019une ali\u00admen\u00adta\u00adti\u00adon sai\u00adne et des sup\u00adp\u00adl\u00e9\u00adments doi\u00advent aller de pair, mais que les sup\u00adp\u00adl\u00e9\u00adments ne rem\u00adpla\u00adcent pas une ali\u00admen\u00adta\u00adti\u00adon \u00e9qui\u00adli\u00adbr\u00e9e. Bien qu\u2019u\u00adne ali\u00admen\u00adta\u00adti\u00adon sai\u00adne nous four\u00adnis\u00adse la plu\u00adpart des nut\u00adri\u00adments dont nous avons beso\u00adin, les cap\u00adsu\u00adles NEM com\u00adme Cele\u00adry\u00adForce peu\u00advent aider \u00e0 com\u00adbler tou\u00adtes les lacu\u00adnes et \u00e0 fai\u00adre pas\u00adser not\u00adre san\u00adt\u00e9 \u00e0 un niveau sup\u00e9rieur.<\/p>\n\n\n\n<p><strong>C\u00e9le\u00adrif\u00adorce<\/strong>\u00ae est un m\u00e9lan\u00adge de vit\u00adami\u00adnes, de min\u00e9\u00adraux et d\u2019a\u00adci\u00addes amin\u00e9s.<\/p>\n\n\n\n<h2 class=\"wp-block-heading\">Quel\u00adle est la por\u00adt\u00e9e de Celeryforce\u00ae&nbsp;?<\/h2>\n\n\n\n<p>Il aide \u00e0 main\u00adte\u00adnir le fon\u00adc\u00adtion\u00adne\u00adment nor\u00admal du sys\u00adt\u00e8me ner\u00adveux et des mus\u00adcles. De plus, il am\u00e9\u00adlio\u00adre la fon\u00adc\u00adtion cel\u00adlu\u00adlai\u00adre, le sys\u00adt\u00e8me immu\u00adni\u00adtaire et la san\u00adt\u00e9 cardiovasculaire.<\/p>\n\n\n\n<p><strong>C\u00e9le\u00adrif\u00adorce<\/strong>\u00ae off\u00adre un moy\u00aden faci\u00adle d\u2019ab\u00adsor\u00adber les vit\u00adami\u00adnes, min\u00e9\u00adraux et aci\u00addes ami\u00adn\u00e9s essentiels n\u00e9ces\u00adsaires au bon fon\u00adc\u00adtion\u00adne\u00adment de nombreu\u00adses zones vita\u00adles du&nbsp;corps.<\/p>\n\n\n\n<h2 class=\"wp-block-heading\">Cele\u00adry\u00adforce est-il un sub\u00adsti\u00adtut au jus de c\u00e9leri&nbsp;?<\/h2>\n\n\n\n<p>Cele\u00adry\u00adforce\u00ae ne rem\u00adplace pas le jus de c\u00e9le\u00adri et ne con\u00adti\u00adent pas de c\u00e9le\u00adri lui-m\u00eame. Il am\u00e9\u00adlio\u00adre les pro\u00adpri\u00e9\u00adt\u00e9s cura\u00adti\u00adves du jus de c\u00e9le\u00adri, car les deux se ren\u00adfor\u00adcent mutu\u00adel\u00adle\u00adment. Cele\u00adry\u00adforce est un com\u00adpl\u00e9\u00adment nut\u00adri\u00adti\u00adonnel et le m\u00e9lan\u00adge qu\u2019il con\u00adti\u00adent doit \u00eatre con\u00adsid\u00e9\u00adr\u00e9 com\u00adme un com\u00adpl\u00e9\u00adment \u00e0 une ali\u00admen\u00adta\u00adti\u00adon \u00e9quilibr\u00e9e.<\/p>\n\n\n\n<h2 class=\"wp-block-heading\">Peut-on prend\u00adre Cele\u00adry\u00adforce\u00ae en m\u00eame temps que du jus de c\u00e9leri&nbsp;?<\/h2>\n\n\n\n<p>Non, le jus de c\u00e9le\u00adri doit tou\u00adjours \u00eatre bu s\u00e9pa\u00adr\u00e9\u00adment pour qu\u2019il d\u00e9ve\u00adlo\u00adp\u00adpe ses effets b\u00e9n\u00e9\u00adfi\u00adques. Vimer\u00adgy Cele\u00adry\u00adforce\u00ae se prend id\u00e9a\u00adle\u00adment 30 minu\u00adtes avant ou apr\u00e8s Sesa. Si cet inter\u00adval\u00adle de temps avec le c\u00e9le\u00adri n\u2019est pas pos\u00adsi\u00adble le matin, il a quand m\u00eame un bon effet l\u2019a\u00adpr\u00e8s-midi, car les sels de sodium con\u00adte\u00adnus dans le sesa sont alors enco\u00adre actifs.<\/p>\n\n\n\n<p>Il con\u00adtri\u00adbue \u00e0 la for\u00adma\u00adti\u00adon de signaux de neu\u00adro\u00adtrans\u00admet\u00adteurs sains, \u00e0 des fon\u00adc\u00adtions mus\u00adcu\u00adlai\u00adres sai\u00adnes, \u00e0 une trans\u00admis\u00adsi\u00adon ner\u00adve\u00adu\u00adse sai\u00adne et m\u00eame \u00e0 des fon\u00adc\u00adtions cel\u00adlu\u00adlai\u00adres saines.<\/p>\n\n\n\n<p><strong>Ing\u00adr\u00e9\u00addi\u00adents:<\/strong><\/p>\n\n\n\n<ul class=\"wp-block-list\">\n<li>Gly\u00adci\u00adna\u00adte de magn\u00e9sium<\/li>\n\n\n\n<li>Ino\u00adsi\u00adtol<\/li>\n\n\n\n<li>L\u2011glutamine<\/li>\n\n\n\n<li>L\u2011taurine<\/li>\n\n\n\n<li>Cho\u00adli\u00adne<\/li>\n\n\n\n<li>Char\u00adge cellulosique<\/li>\n\n\n\n<li>Cap\u00adsu\u00adle v\u00e9g\u00e9\u00adta\u00adri\u00aden\u00adne enve\u00adlo\u00adpp\u00adan\u00adte (cel\u00adlu\u00adlo\u00adse,&nbsp;eau)<\/li>\n\n\n\n<li>L\u00e9ci\u00adthi\u00adne \u00e9mul\u00adsi\u00adfi\u00adan\u00adte (tour\u00adne\u00adsol)<\/li>\n<\/ul>\n\n\n\n<p><strong>Infor\u00adma\u00adti\u00adons Compl\u00e9mentaires:<\/strong><\/p>\n\n\n\n<ul class=\"wp-block-list\">\n<li>La cho\u00adli\u00adne fait par\u00adtie de la famil\u00adle des vit\u00adami\u00adnes B qui sou\u00adti\u00aden\u00adnent la san\u00adt\u00e9 cel\u00adlu\u00adlai\u00adre et fait par\u00adtie du m\u00e9lan\u00adge Cele\u00adry\u00adforce\u00ae, qui doit \u00eatre tenu hors de por\u00adt\u00e9e des jeu\u00adnes enfants.<\/li>\n\n\n\n<li>La cho\u00adli\u00adne est essen\u00adti\u00adel\u00adle \u00e0 la pro\u00adduc\u00adtion du neu\u00adro\u00adtrans\u00admet\u00adteur ac\u00e9tylcholine<\/li>\n\n\n\n<li>La cho\u00adli\u00adne con\u00adtri\u00adbue \u00e0 une trans\u00admis\u00adsi\u00adon ner\u00adve\u00adu\u00adse sai\u00adne et est essen\u00adti\u00adel\u00adle au trans\u00adport et au m\u00e9ta\u00adbo\u00adlis\u00adme des lipides<\/li>\n\n\n\n<li>L\u2019i\u00adno\u00adsi\u00adtol favo\u00adri\u00adse le bon fon\u00adc\u00adtion\u00adne\u00adment des cel\u00adlu\u00adles, mais doit \u00eatre pris en asso\u00adcia\u00adti\u00adon avec une ali\u00admen\u00adta\u00adti\u00adon vari\u00e9e et \u00e9qui\u00adli\u00adbr\u00e9e et un mode de vie&nbsp;sain.<\/li>\n\n\n\n<li>L\u2019i\u00adno\u00adsi\u00adtol est essentiel \u00e0 la signa\u00adli\u00adsa\u00adti\u00adon sai\u00adne des neurotransmetteurs<\/li>\n\n\n\n<li>Le magn\u00e9\u00adsi\u00adum est un cofac\u00adteur important pour plus de 300 sys\u00adt\u00e8\u00admes enzy\u00adma\u00adti\u00adques. Le magn\u00e9\u00adsi\u00adum est essentiel au fon\u00adc\u00adtion\u00adne\u00adment des mito\u00adchon\u00addries et \u00e0 la syn\u00adth\u00e8\u00adse de l\u2019ADN et de&nbsp;l\u2019ARN<\/li>\n\n\n\n<li>Le magn\u00e9\u00adsi\u00adum est cru\u00adcial pour l\u2019ac\u00adti\u00adva\u00adti\u00adon de l\u2019a\u00add\u00e9\u00adny\u00adla\u00adte cycla\u00adse, qui est un r\u00e9gu\u00adla\u00adteur important de l\u2019ac\u00adti\u00advi\u00adt\u00e9 cel\u00adlu\u00adlai\u00adre et est essentiel au bon fon\u00adc\u00adtion\u00adne\u00adment musculaire.<\/li>\n\n\n\n<li>La L\u2011Glutamine ren\u00adforce le fon\u00adc\u00adtion\u00adne\u00adment d\u2019un sys\u00adt\u00e8me immu\u00adni\u00adtaire&nbsp;sain<\/li>\n\n\n\n<li>La L\u2011Taurine est importan\u00adte pour la san\u00adt\u00e9 cel\u00adlu\u00adlai\u00adre et sou\u00adti\u00adent \u00e9ga\u00adle\u00adment la san\u00adt\u00e9 cardiovasculaire<\/li>\n\n\n\n<li>Ce n\u2019est pas de la poud\u00adre de jus de c\u00e9le\u00adri et ne peut pas rem\u00adpla\u00adcer le s\u00e9sa quotidien.<\/li>\n\n\n\n<li>Sans OGM, sans glu\u00adten, cas\u00adher, sans ma\u00efs, sans soja, v\u00e9g\u00e9\u00adta\u00adli\u00aden,&nbsp;pal\u00e9o<\/li>\n\n\n\n<li>Sans aci\u00adde citri\u00adque et sans g\u00e9latine<\/li>\n<\/ul>\n\n\n\n<p><strong>Dosa\u00adge:<\/strong><\/p>\n\n\n\n<p>Selon les ins\u00adtruc\u00adtions sur l\u2019em\u00adbal\u00adla\u00adge, prend\u00adre \u00e0 tout moment de la jour\u00adn\u00e9e ou au moins 30 minu\u00adtes avant ou apr\u00e8s avoir bu du jus de c\u00e9leri.<\/p>\n\n\n\n<p><strong>Un avis:<br><\/strong>La dose jour\u00adna\u00adli\u00e8\u00adre recom\u00adman\u00add\u00e9e ne doit pas \u00eatre d\u00e9pas\u00ads\u00e9e. Les com\u00adpl\u00e9\u00adments ali\u00admen\u00adtai\u00adres ne doi\u00advent pas se sub\u00adsti\u00adtuer \u00e0 une ali\u00admen\u00adta\u00adti\u00adon vari\u00e9e. Une ali\u00admen\u00adta\u00adti\u00adon \u00e9qui\u00adli\u00adbr\u00e9e et un mode de vie sain sont importants, et le NEM tel que le m\u00e9lan\u00adge Cele\u00adry\u00adforce\u00ae peut jouer un r\u00f4le de sou\u00adti\u00aden, mais ne doit pas \u00eatre uti\u00adli\u00ads\u00e9 en rem\u00adpla\u00adce\u00adment. Gar\u00adder hors de la por\u00adt\u00e9e des enfants.<\/p>","protected":false},"excerpt":{"rendered":"<p>Die Celeryforce von Vimergy Kapseln &#8211; Ein \u00dcberblick In einer Zeit, in der unser K\u00f6rper st\u00e4ndig hohen Belastungen ausgesetzt ist, ist es wichtig, ihm die n\u00f6tigen N\u00e4hrstoffe zuzuf\u00fchren. Hier kommen Nahrungserg\u00e4nzungsmittel ins Spiel, wie zum Beispiel die CeleryForce\u00ae von Vimergy Kapseln, die eine F\u00fclle von Vitaminen, Mineralien und essenziellen Aminos\u00e4uren bieten. Hat Celeryforce&nbsp;einen Platz auf [&hellip;]<\/p>\n","protected":false},"author":1,"featured_media":27095,"parent":38482,"menu_order":0,"comment_status":"closed","ping_status":"closed","template":"","meta":{"_acf_changed":false,"wp_typography_post_enhancements_disabled":false,"footnotes":""},"class_list":["post-27026","page","type-page","status-publish","has-post-thumbnail","hentry"],"acf":[],"_links":{"self":[{"href":"https:\/\/www.selleriesaft.com\/fr\/wp-json\/wp\/v2\/pages\/27026","targetHints":{"allow":["GET"]}}],"collection":[{"href":"https:\/\/www.selleriesaft.com\/fr\/wp-json\/wp\/v2\/pages"}],"about":[{"href":"https:\/\/www.selleriesaft.com\/fr\/wp-json\/wp\/v2\/types\/page"}],"author":[{"embeddable":true,"href":"https:\/\/www.selleriesaft.com\/fr\/wp-json\/wp\/v2\/users\/1"}],"replies":[{"embeddable":true,"href":"https:\/\/www.selleriesaft.com\/fr\/wp-json\/wp\/v2\/comments?post=27026"}],"version-history":[{"count":0,"href":"https:\/\/www.selleriesaft.com\/fr\/wp-json\/wp\/v2\/pages\/27026\/revisions"}],"up":[{"embeddable":true,"href":"https:\/\/www.selleriesaft.com\/fr\/wp-json\/wp\/v2\/pages\/38482"}],"wp:featuredmedia":[{"embeddable":true,"href":"https:\/\/www.selleriesaft.com\/fr\/wp-json\/wp\/v2\/media\/27095"}],"wp:attachment":[{"href":"https:\/\/www.selleriesaft.com\/fr\/wp-json\/wp\/v2\/media?parent=27026"}],"curies":[{"name":"wp","href":"https:\/\/api.w.org\/{rel}","templated":true}]}}