{"id":27221,"date":"2022-06-10T20:49:43","date_gmt":"2022-06-10T18:49:43","guid":{"rendered":"https:\/\/www.selleriesaft.com\/?page_id=27221"},"modified":"2024-03-26T11:40:45","modified_gmt":"2024-03-26T10:40:45","slug":"zinc","status":"publish","type":"page","link":"https:\/\/www.selleriesaft.com\/fr\/vimergy\/zinc\/","title":{"rendered":"Vimer\u00adgy Zinc (sul\u00adfa\u00adte de zinc liquide)"},"content":{"rendered":"<p>De nos jours, de nombreu\u00adses per\u00adson\u00adnes souf\u00adfrent de caren\u00adces en zinc. C\u2019est pour\u00adquoi il est judi\u00adcieux de prend\u00adre chaque jour une pr\u00e9\u00adpa\u00adra\u00adti\u00adon de zinc de hau\u00adte qua\u00adli\u00adt\u00e9 sous for\u00adme de Vimer\u00adgy Zinc (sul\u00adfa\u00adte de zinc liqui\u00adde). Le zinc est un min\u00e9\u00adral par\u00adti\u00adcu\u00adli\u00e8\u00adre\u00adment important qui main\u00adti\u00adent d\u2019innombrables fon\u00adc\u00adtions dans l\u2019organisme et joue un r\u00f4le cl\u00e9. Sans zinc, il n\u2019y aurait pas de m\u00e9ta\u00adbo\u00adlis\u00adme sain et le sys\u00adt\u00e8me immu\u00adni\u00adtaire est \u00e9ga\u00adle\u00adment sou\u00adtenu par ses com\u00adpo\u00adsants antioxydants.<\/p>\n\n\n\n<h2 class=\"wp-block-heading\">Le foie a beso\u00adin de sul\u00adfa\u00adte de zinc liqui\u00adde pour ses fon\u00adc\u00adtions protectrices<\/h2>\n\n\n\n<p>Le foie d\u00e9pend du zinc pour accom\u00adplir ses nombreu\u00adses t\u00e2ches. Le zinc est n\u00e9ces\u00adsaire \u00e0 plus de 2 000 fon\u00adc\u00adtions du foie. Les r\u00e9ser\u00adves de zinc dans le foie s\u2019\u00e9\u00adpui\u00adsent rapi\u00adde\u00adment car une gran\u00adde quan\u00adti\u00adt\u00e9 de zinc est uti\u00adli\u00ads\u00e9e en rai\u00adson du stress men\u00adtal et phy\u00adsi\u00adque \u00e9le\u00adv\u00e9. Une quan\u00adti\u00adt\u00e9 suf\u00adfi\u00adsan\u00adte de zinc n\u2019est plus absor\u00adb\u00e9e par l\u2019a\u00adli\u00admen\u00adta\u00adti\u00adon car les ter\u00adres ara\u00adbles ne sont pas suf\u00adfi\u00adsam\u00adment appro\u00advi\u00adsi\u00adonn\u00e9es en zinc. Le sul\u00adfa\u00adte de zinc est capa\u00adble de com\u00adb\u00adatt\u00adre les virus et l\u2019ex\u00adpo\u00adsi\u00adti\u00adon actu\u00adel\u00adle \u00e9pui\u00adse rapi\u00adde\u00adment ces r\u00e9ser\u00adves. S\u2019il y a un niveau suf\u00adfi\u00adsam\u00adment \u00e9le\u00adv\u00e9 de zinc dans le foie, le sys\u00adt\u00e8me immu\u00adni\u00adtaire du foie peut com\u00adb\u00adatt\u00adre les envahisseurs.<\/p>\n\n\n\n<h2 class=\"wp-block-heading\">Le zinc est important pour la thy\u00adro\u00ad\u00ef\u00adde et les glan\u00addes surr\u00e9nales<\/h2>\n\n\n\n<p><strong>Sul\u00adfa\u00adte de zinc liqui\u00adde<\/strong> ren\u00adforce et sta\u00adbi\u00adli\u00adse \u00e9ga\u00adle\u00adment la thy\u00adro\u00ad\u00ef\u00adde <a href=\"https:\/\/www.selleriesaft.com\/fr\/jour\/glandes-surrenales\/\">glan\u00addes sur\u00adr\u00e9\u00adna\u00adles<\/a>. C\u2019est \u00e9ga\u00adle\u00adment important pour la fer\u00adti\u00adli\u00adt\u00e9. C\u2019est \u00e9ga\u00adle\u00adment un anti\u00adsep\u00adtique cont\u00adre les agents patho\u00adg\u00e8\u00adnes tels que <a href=\"https:\/\/www.selleriesaft.com\/fr\/ebv-protokoll-nach-anthony-william\/\">Epstein-Barr<\/a> et le zona, donc sa pri\u00adse sup\u00adp\u00adrime leur crois\u00adsance dans le corps tout en aidant \u00e0 r\u00e9dui\u00adre l\u2019in\u00adflamm\u00ada\u00adti\u00adon et la crois\u00adsance des nodu\u00adles, des tumeurs et des kystes.<\/p>\n\n\n\n<h2 class=\"wp-block-heading\">Le sul\u00adfa\u00adte de zinc est uti\u00adle cont\u00adre le rhu\u00adme et la grippe<\/h2>\n\n\n\n<p>Le zinc ren\u00adforce le sys\u00adt\u00e8me immu\u00adni\u00adtaire en ren\u00adfor\u00ad\u00e7ant les glo\u00adbu\u00adles blancs tels que les lym\u00adpho\u00adcytes, les bas\u00ado\u00adphi\u00adles, les neu\u00adtro\u00adphi\u00adles, les \u00e9osi\u00adno\u00adphi\u00adles, les macro\u00adpha\u00adges et les mono\u00adcytes afin qu\u2019ils puis\u00adsent d\u00e9tec\u00adter et d\u00e9trui\u00adre les agents patho\u00adg\u00e8\u00adnes. D\u00e8s les pre\u00admiers signes de rhu\u00adme et de grip\u00adpe, c\u2019est tr\u00e8s uti\u00adle <a href=\"https:\/\/www.selleriesaft.com\/fr\/zink-schock-therapie-nach-anthony-william\/\">Th\u00e9\u00adra\u00adpie de choc au zinc<\/a> avec <strong>Vimer\u00adgy Zinc<\/strong> essay\u00ader. Pour ce fai\u00adre, les adul\u00adtes ver\u00adsent 2 pipet\u00adtes de sul\u00adfa\u00adte de zinc liqui\u00adde au fond de la bou\u00adche tou\u00adtes les 3 heu\u00adres. Atten\u00addez une minu\u00adte, puis ava\u00adlez. Vous pou\u00advez le fai\u00adre jus\u00adqu\u2019\u00e0 cinq ou six fois par jour pen\u00addant deux&nbsp;jours.<\/p>\n\n\n\n<p><strong>Ing\u00adr\u00e9\u00addi\u00adents de Vimer\u00adgy&nbsp;Zinc<\/strong><\/p>\n\n\n\n<p><a href=\"https:\/\/www.selleriesaft.com\/fr\/glycerine\/\" target=\"_blank\" data-type=\"URL\" data-id=\"https:\/\/www.selleriesaft.com\/glycerin\" rel=\"noreferrer noopener nofollow sponsored\">gly\u00adc\u00e9\u00adri\u00adne<\/a> (de lin), eau puri\u00adfi\u00e9e, sul\u00adfa\u00adte de zinc, jus de pom\u00adme biologique<\/p>\n\n\n\n<h2 class=\"wp-block-heading\">Plus de d\u00e9tails sur Vimer\u00adgy Zinc (sul\u00adfa\u00adte de zinc liquide)<\/h2>\n\n\n\n<ul class=\"wp-block-list\">\n<li>Le zinc est un min\u00e9\u00adral essentiel pour la san\u00adt\u00e9 humaine<\/li>\n\n\n\n<li>Sou\u00adti\u00adent un m\u00e9ta\u00adbo\u00adlis\u00adme et un sys\u00adt\u00e8me immu\u00adni\u00adtaire&nbsp;sains<\/li>\n\n\n\n<li>Le zinc est un antioxydant<\/li>\n\n\n\n<li>Le zinc sou\u00adti\u00adent la syn\u00adth\u00e8\u00adse sai\u00adne de l\u2019ADN et l\u2019expression des&nbsp;g\u00e8nes<\/li>\n\n\n\n<li>Nou\u00adveau for\u00admat 115 ml ! Con\u00adti\u00adent 7,5 mg de sul\u00adfa\u00adte de zinc par portion.<\/li>\n\n\n\n<li>Not\u00adre sul\u00adfa\u00adte de zinc bio\u00adlo\u00adgi\u00adque con\u00adti\u00adent uni\u00adquement du sul\u00adfa\u00adte de zinc, de la gly\u00adc\u00e9\u00adri\u00adne bio\u00adlo\u00adgi\u00adque, de l\u2019eau puri\u00adfi\u00e9e et une tou\u00adche de jus de pom\u00adme bio\u00adlo\u00adgi\u00adque pour la saveur&nbsp;!<\/li>\n\n\n\n<li>Sans alcool, sans glu\u00adten, sans OGM, cas\u00adher, sans ma\u00efs, v\u00e9g\u00e9\u00adta\u00adli\u00aden et pal\u00e9o-friendly<\/li>\n\n\n\n<li>Sans aci\u00adde citri\u00adque ni agents de rem\u00adplis\u00adsa\u00adge, addi\u00adtifs ou ar\u00f4\u00admes naturels<\/li>\n<\/ul>\n\n\n\n<p><strong>Selon le r\u00e8gle\u00adment euro\u00adp\u00e9\u00aden sur les all\u00e9\u00adga\u00adti\u00adons de san\u00adt\u00e9, les d\u00e9cla\u00adra\u00adti\u00adons sui\u00advan\u00adtes sont auto\u00adri\u00ads\u00e9es pour cet\u00adte pr\u00e9paration&nbsp;:<\/strong><\/p>\n\n\n\n<ul class=\"wp-block-list\">\n<li>Le zinc con\u00adtri\u00adbue \u00e0 une fon\u00adc\u00adtion cogni\u00adti\u00adve normale<\/li>\n\n\n\n<li>Le zinc con\u00adtri\u00adbue \u00e0 la syn\u00adth\u00e8\u00adse nor\u00adma\u00adle des prot\u00e9ines<\/li>\n\n\n\n<li>Le zinc con\u00adtri\u00adbue \u00e0 la syn\u00adth\u00e8\u00adse nor\u00adma\u00adle de&nbsp;l\u2019ADN<\/li>\n\n\n\n<li>Le zinc aide \u00e0 main\u00adte\u00adnir des ongles normaux<\/li>\n\n\n\n<li>Le zinc con\u00adtri\u00adbue au main\u00adti\u00aden de che\u00adveux normaux<\/li>\n\n\n\n<li>Le zinc con\u00adtri\u00adbue au main\u00adti\u00aden d\u2019os normaux<\/li>\n\n\n\n<li>Le zinc con\u00adtri\u00adbue au m\u00e9ta\u00adbo\u00adlis\u00adme nor\u00admal des glucides<\/li>\n\n\n\n<li>Le zinc aide \u00e0 main\u00adte\u00adnir une peau normale<\/li>\n\n\n\n<li>Le zinc con\u00adtri\u00adbue au m\u00e9ta\u00adbo\u00adlis\u00adme aci\u00addo-basi\u00adque normal<\/li>\n\n\n\n<li>Le zinc a une fon\u00adc\u00adtion dans la divi\u00adsi\u00adon cellulaire<\/li>\n\n\n\n<li>Le zinc con\u00adtri\u00adbue au m\u00e9ta\u00adbo\u00adlis\u00adme nor\u00admal de la vit\u00adami\u00adne&nbsp;A<\/li>\n\n\n\n<li>Le zinc con\u00adtri\u00adbue au m\u00e9ta\u00adbo\u00adlis\u00adme nor\u00admal des macronutriments<\/li>\n\n\n\n<li>Le zinc aide \u00e0 pro\u00adt\u00e9\u00adger les cel\u00adlu\u00adles du stress oxydatif<\/li>\n\n\n\n<li>Le zinc con\u00adtri\u00adbue au m\u00e9ta\u00adbo\u00adlis\u00adme nor\u00admal des aci\u00addes&nbsp;gras<\/li>\n\n\n\n<li>Le zinc con\u00adtri\u00adbue au main\u00adti\u00aden d\u2019un taux nor\u00admal de tes\u00adto\u00adst\u00e9\u00adro\u00adne dans le&nbsp;sang<\/li>\n\n\n\n<li>Le zinc con\u00adtri\u00adbue \u00e0 une fer\u00adti\u00adli\u00adt\u00e9 et une repro\u00adduc\u00adtion normales<\/li>\n\n\n\n<li>Le zinc con\u00adtri\u00adbue au fon\u00adc\u00adtion\u00adne\u00adment nor\u00admal du sys\u00adt\u00e8me immunitaire<\/li>\n\n\n\n<li>Le zinc aide \u00e0 main\u00adte\u00adnir une visi\u00adon normale<\/li>\n<\/ul>\n\n\n\n<p><strong>Dosa\u00adge du sul\u00adfa\u00adte de zinc liqui\u00adde Vimery&nbsp;:<\/strong><\/p>\n\n\n\n<p>2 pipet\u00adtes (2 ml), tenir sous la lan\u00adgue pen\u00addant 60 secon\u00addes, puis ava\u00adler. Prend\u00adre 1 \u00e0 2 fois par&nbsp;jour.<\/p>\n\n\n\n<p>Remar\u00adque&nbsp;: La quan\u00adti\u00adt\u00e9 jour\u00adna\u00adli\u00e8\u00adre recom\u00adman\u00add\u00e9e indi\u00adqu\u00e9e ne doit pas \u00eatre d\u00e9pas\u00ads\u00e9e. Les com\u00adpl\u00e9\u00adments ali\u00admen\u00adtai\u00adres ne doi\u00advent pas se sub\u00adsti\u00adtuer \u00e0 une ali\u00admen\u00adta\u00adti\u00adon vari\u00e9e. Une ali\u00admen\u00adta\u00adti\u00adon \u00e9qui\u00adli\u00adbr\u00e9e et un mode de vie sain sont importants. Gar\u00adder hors de la por\u00adt\u00e9e des enfants. Si vous avez des ques\u00adti\u00adons, veuil\u00adlez cont\u00adac\u00adter vot\u00adre m\u00e9de\u00adcin ou pra\u00adti\u00adci\u00aden alternatif.<\/p>","protected":false},"excerpt":{"rendered":"<p>Heutzutage haben viele Menschen einen Zinkmangel. Deswegen ist es sinnvoll, t\u00e4glich ein hochwertiges Zinkpr\u00e4parat in Form von Vimergy Zink (Zinksulfat fl\u00fcssig) einzunehmen. Zink ist ein besonders wichtiges Mineral, das unz\u00e4hlige Funktionen im K\u00f6rper aufrechterh\u00e4lt und dabei eine Schl\u00fcsselposition einnimmt. Ohne Zink g\u00e4be es keinen gesunden Stoffwechsel und auch das Immunsystem wird durch seine antioxidativen Komponenten [&hellip;]<\/p>\n","protected":false},"author":2,"featured_media":27224,"parent":38482,"menu_order":0,"comment_status":"closed","ping_status":"closed","template":"","meta":{"_acf_changed":false,"wp_typography_post_enhancements_disabled":false,"footnotes":""},"class_list":["post-27221","page","type-page","status-publish","has-post-thumbnail","hentry"],"acf":[],"_links":{"self":[{"href":"https:\/\/www.selleriesaft.com\/fr\/wp-json\/wp\/v2\/pages\/27221","targetHints":{"allow":["GET"]}}],"collection":[{"href":"https:\/\/www.selleriesaft.com\/fr\/wp-json\/wp\/v2\/pages"}],"about":[{"href":"https:\/\/www.selleriesaft.com\/fr\/wp-json\/wp\/v2\/types\/page"}],"author":[{"embeddable":true,"href":"https:\/\/www.selleriesaft.com\/fr\/wp-json\/wp\/v2\/users\/2"}],"replies":[{"embeddable":true,"href":"https:\/\/www.selleriesaft.com\/fr\/wp-json\/wp\/v2\/comments?post=27221"}],"version-history":[{"count":0,"href":"https:\/\/www.selleriesaft.com\/fr\/wp-json\/wp\/v2\/pages\/27221\/revisions"}],"up":[{"embeddable":true,"href":"https:\/\/www.selleriesaft.com\/fr\/wp-json\/wp\/v2\/pages\/38482"}],"wp:featuredmedia":[{"embeddable":true,"href":"https:\/\/www.selleriesaft.com\/fr\/wp-json\/wp\/v2\/media\/27224"}],"wp:attachment":[{"href":"https:\/\/www.selleriesaft.com\/fr\/wp-json\/wp\/v2\/media?parent=27221"}],"curies":[{"name":"wp","href":"https:\/\/api.w.org\/{rel}","templated":true}]}}