{"id":28526,"date":"2022-09-27T15:47:53","date_gmt":"2022-09-27T13:47:53","guid":{"rendered":"https:\/\/www.selleriesaft.com\/?page_id=28526"},"modified":"2024-03-25T04:39:56","modified_gmt":"2024-03-25T03:39:56","slug":"liquide-b12","status":"publish","type":"page","link":"https:\/\/www.selleriesaft.com\/fr\/vimergy\/liquid-b12\/","title":{"rendered":"Liqui\u00adde B12 de Vimergy"},"content":{"rendered":"<p>Cet\u00adte vit\u00adami\u00adne est essen\u00adti\u00adel\u00adle \u00e0 la vie et l\u2019organisme en a un beso\u00adin urgent pour diver\u00adses fon\u00adc\u00adtions, tel\u00adles que : B. pro\u00adduc\u00adtion d\u2019\u00e9\u00adner\u00adgie \u00e0 par\u00adtir de glu\u00adci\u00addes, de grais\u00adses et de pro\u00adt\u00e9\u00adi\u00adnes. <strong>Vit\u00adami\u00adne B12 de Vimer\u00adgy\u00ae<\/strong> est un m\u00e9lan\u00adge uni\u00adque de m\u00e9thyl\u00adco\u00adba\u00adla\u00admi\u00adne et d\u2019a\u00add\u00e9\u00adno\u00adsyl\u00adco\u00adba\u00adla\u00admi\u00adne, tou\u00adtes deux haute\u00adment absor\u00adba\u00adbles. Le go\u00fbt sucr\u00e9 et doux est \u00e9ga\u00adle\u00adment bien accu\u00adeil\u00adli par la plu\u00adpart des enfants.<\/p>\n\n\n\n<p>Vimer\u00adgy Vit\u00adami\u00adne B12 joue \u00e9ga\u00adle\u00adment un r\u00f4le tr\u00e8s important dans le main\u00adti\u00aden de la san\u00adt\u00e9 du sys\u00adt\u00e8me ner\u00adveux. Le corps d\u00e9pend de la B12 pour des dizai\u00adnes de mil\u00adliers de fon\u00adc\u00adtions quo\u00adti\u00addi\u00aden\u00adnes. Par exemp\u00adle, ce type par\u00adti\u00adcu\u00adlier de B12 con\u00adti\u00adent des \u00e9lec\u00adtro\u00adlytes qui aident \u00e0 contre\u00adcar\u00adrer la temp\u00eate qui se pro\u00adduit dans le cer\u00adve\u00adau lors\u00adqu\u2019u\u00adne per\u00adson\u00adne souf\u00adfre d\u2019u\u00adne mala\u00addie qui affec\u00adte le cer\u00adve\u00adau ou est stres\u00ads\u00e9e. La bon\u00adne B12 ren\u00adforce men\u00adta\u00adle\u00adment et \u00e9motionnellement.<\/p>\n\n\n\n<p>La B12 est \u00e9ga\u00adle\u00adment essen\u00adti\u00adel\u00adle \u00e0 la for\u00adma\u00adti\u00adon des glo\u00adbu\u00adles rou\u00adges et au fon\u00adc\u00adtion\u00adne\u00adment m\u00e9ta\u00adbo\u00adli\u00adque nor\u00admal et&nbsp;sain.<\/p>\n\n\n\n<p>La B12 est essen\u00adti\u00adel\u00adle \u00e0 la capa\u00adci\u00adt\u00e9 du corps \u00e0 m\u00e9thy\u00adler de nombreux aut\u00adres nut\u00adri\u00adments. Le foie a un beso\u00adin urgent de cet\u00adte vit\u00adami\u00adne B et en sto\u00adcke de gran\u00addes quan\u00adti\u00adt\u00e9s, qu\u2019il absor\u00adbe en per\u00adma\u00adnence dans le cad\u00adre du fon\u00adc\u00adtion\u00adne\u00adment nor\u00admal des organes.<\/p>\n\n\n\n<h2 class=\"wp-block-heading\">Carac\u00adt\u00e9\u00adris\u00adti\u00adques du Vimer\u00adgy Liqui\u00adde&nbsp;B12<\/h2>\n\n\n\n<p>La vit\u00adami\u00adne B12 est tr\u00e8s importan\u00adte pour plus de 2 000 fon\u00adc\u00adtions chi\u00admi\u00adques du foie et pour acti\u00adver la capa\u00adci\u00adt\u00e9 du foie \u00e0 uti\u00adli\u00adser, trai\u00adter et dis\u00adtri\u00adbuer tou\u00adtes les aut\u00adres vit\u00adami\u00adnes et min\u00e9\u00adraux qui y sont stock\u00e9s.<\/p>\n\n\n\n<ul class=\"wp-block-list\">\n<li>Un m\u00e9lan\u00adge de m\u00e9thyl\u00adco\u00adba\u00adl\u00adal\u00admi\u00adne et d\u2019a\u00add\u00e9\u00adno\u00adsyl\u00adco\u00adba\u00adla\u00admi\u00adne \u2013 deux for\u00admes tr\u00e8s bio\u00addis\u00adpo\u00adnibles et importan\u00adtes de&nbsp;B12<\/li>\n\n\n\n<li>La B12 est essen\u00adti\u00adel\u00adle au fon\u00adc\u00adtion\u00adne\u00adment nor\u00admal du sys\u00adt\u00e8me nerveux<\/li>\n\n\n\n<li>C\u2019est important pour une fon\u00adc\u00adtion m\u00e9ta\u00adbo\u00adli\u00adque&nbsp;saine<\/li>\n\n\n\n<li>Il est important d\u2019obtenir de l\u2019\u00e9nergie \u00e0 par\u00adtir des glu\u00adci\u00addes, des grais\u00adses et des prot\u00e9ines<\/li>\n\n\n\n<li>La B12 est essen\u00adti\u00adel\u00adle \u00e0 la pro\u00adduc\u00adtion de glo\u00adbu\u00adles rou\u00adges et \u00e0 la syn\u00adth\u00e8\u00adse de&nbsp;l\u2019ADN<\/li>\n\n\n\n<li>Con\u00adti\u00adent au moins 2,5 mg de B12 par portion<\/li>\n\n\n\n<li>Sans glu\u00adten, sans OGM, cas\u00adher, sans ma\u00efs, v\u00e9g\u00e9\u00adta\u00adli\u00aden et pal\u00e9o-friendly<\/li>\n\n\n\n<li>Sans aci\u00adde citri\u00adque ni agents de rem\u00adplis\u00adsa\u00adge, addi\u00adtifs ou ar\u00f4\u00admes naturels<\/li>\n<\/ul>\n\n\n\n<p><strong>Dosa\u00adge:<\/strong> Bien agi\u00adter avant de ser\u00advir. Com\u00adme com\u00adpl\u00e9\u00adment ali\u00admen\u00adtai\u00adre, prend\u00adre envi\u00adron 1 pipet\u00adte (1 ml) et tenir sous la lan\u00adgue pen\u00addant 20 secon\u00addes, puis ava\u00adler. Prend\u00adre 1 \u00e0 2 fois par jour. A prend\u00adre \u00e0&nbsp;jeun.<\/p>\n\n\n\n<p>Un avis:<br>La dose jour\u00adna\u00adli\u00e8\u00adre recom\u00adman\u00add\u00e9e ne doit pas \u00eatre d\u00e9pas\u00ads\u00e9e. Les com\u00adpl\u00e9\u00adments ali\u00admen\u00adtai\u00adres ne doi\u00advent pas se sub\u00adsti\u00adtuer \u00e0 une ali\u00admen\u00adta\u00adti\u00adon vari\u00e9e. Une ali\u00admen\u00adta\u00adti\u00adon \u00e9qui\u00adli\u00adbr\u00e9e et un mode de vie sain sont importants. Gar\u00adder hors de la por\u00adt\u00e9e des enfants.<\/p>","protected":false},"excerpt":{"rendered":"<p>Dieses Vitamin ist lebensnotwendig und der K\u00f6rper braucht es dringend f\u00fcr eine Vielzahl von Funktionen, wie z.&nbsp;B. die Energiegewinnung aus Kohlenhydraten, Fetten und Proteinen. Vitamin B12 von Vimergy\u00ae ist eine einzigartige Mischung aus Methylcobalamin und Adenosylcobalamin, die beide sehr gut resorbierbar sind. Der s\u00fc\u00dfe, milde Geschmack kommt auch bei den meisten Kindern gut an. Eine [&hellip;]<\/p>\n","protected":false},"author":2,"featured_media":28536,"parent":38482,"menu_order":0,"comment_status":"closed","ping_status":"closed","template":"","meta":{"_acf_changed":false,"wp_typography_post_enhancements_disabled":false,"footnotes":""},"class_list":["post-28526","page","type-page","status-publish","has-post-thumbnail","hentry"],"acf":[],"_links":{"self":[{"href":"https:\/\/www.selleriesaft.com\/fr\/wp-json\/wp\/v2\/pages\/28526","targetHints":{"allow":["GET"]}}],"collection":[{"href":"https:\/\/www.selleriesaft.com\/fr\/wp-json\/wp\/v2\/pages"}],"about":[{"href":"https:\/\/www.selleriesaft.com\/fr\/wp-json\/wp\/v2\/types\/page"}],"author":[{"embeddable":true,"href":"https:\/\/www.selleriesaft.com\/fr\/wp-json\/wp\/v2\/users\/2"}],"replies":[{"embeddable":true,"href":"https:\/\/www.selleriesaft.com\/fr\/wp-json\/wp\/v2\/comments?post=28526"}],"version-history":[{"count":0,"href":"https:\/\/www.selleriesaft.com\/fr\/wp-json\/wp\/v2\/pages\/28526\/revisions"}],"up":[{"embeddable":true,"href":"https:\/\/www.selleriesaft.com\/fr\/wp-json\/wp\/v2\/pages\/38482"}],"wp:featuredmedia":[{"embeddable":true,"href":"https:\/\/www.selleriesaft.com\/fr\/wp-json\/wp\/v2\/media\/28536"}],"wp:attachment":[{"href":"https:\/\/www.selleriesaft.com\/fr\/wp-json\/wp\/v2\/media?parent=28526"}],"curies":[{"name":"wp","href":"https:\/\/api.w.org\/{rel}","templated":true}]}}