{"id":28537,"date":"2022-09-27T16:06:08","date_gmt":"2022-09-27T14:06:08","guid":{"rendered":"https:\/\/www.selleriesaft.com\/?page_id=28537"},"modified":"2024-03-25T04:40:54","modified_gmt":"2024-03-25T03:40:54","slug":"micro-c","status":"publish","type":"page","link":"https:\/\/www.selleriesaft.com\/fr\/vimergy\/micro-c\/","title":{"rendered":"Micro\u2011C\u00ae de Vimergy"},"content":{"rendered":"<p>Micro C Vimer\u00adgy\u00ae est un m\u00e9lan\u00adge sp\u00e9\u00adcial de vit\u00adami\u00adne C tam\u00adpon\u00adn\u00e9e qui est plus faci\u00adle\u00adment diges\u00adti\u00adble que les aut\u00adres for\u00admes de vit\u00adami\u00adne C. Ce m\u00e9lan\u00adge uni\u00adque est enri\u00adchi d\u2019ex\u00adtraits d\u2019\u00e9\u00adglan\u00adtier, de p\u00e9pins de rai\u00adsin, de ruti\u00adne et d\u2019ex\u00adtrait de fruit d\u2019a\u00adc\u00e9\u00adro\u00adla. La vit\u00adami\u00adne C est un anti\u00adoxy\u00addant essentiel qui sou\u00adti\u00adent la san\u00adt\u00e9 du sys\u00adt\u00e8me immu\u00adni\u00adtaire, du sys\u00adt\u00e8me car\u00addio\u00advas\u00adcu\u00adlai\u00adre et de la&nbsp;peau.<\/p>\n\n\n\n<p>Les d\u00e9fis d\u2019aujourd\u2019hui sont divers, c\u2019est pour\u00adquoi un sys\u00adt\u00e8me immu\u00adni\u00adtaire fort et effi\u00adcace est important. Le rhu\u00adme, la grip\u00adpe, le stress, la pol\u00adlu\u00adti\u00adon de l\u2019environnement et une mau\u00advai\u00adse ali\u00admen\u00adta\u00adti\u00adon con\u00adtri\u00adbuent tous \u00e0 mett\u00adre \u00e0 rude \u00e9preuve le sys\u00adt\u00e8me immu\u00adni\u00adtaire. La for\u00admu\u00adle enri\u00adchie en vit\u00adami\u00adne C Micro\u2011C de Vimer\u00adgy\u00ae, enri\u00adchie en extrait d\u2019\u00e9\u00adglan\u00adtier et de p\u00e9pins de rai\u00adsin, off\u00adre un moy\u00aden simp\u00adle de ren\u00adforcer not\u00adre sys\u00adt\u00e8me immu\u00adni\u00adtaire au quotidien.<\/p>\n\n\n\n<p>Le <a href=\"https:\/\/www.selleriesaft.com\/fr\/vitamin-c-s\/\" data-type=\"URL\" data-id=\"https:\/\/www.selleriesaft.com\/vitamin-c-s\">Th\u00e9\u00adra\u00adpie de choc \u00e0 la vit\u00adami\u00adne C<\/a>\u00bb est recom\u00adman\u00add\u00e9 pour les infec\u00adtions grip\u00adpa\u00adles aigu\u00ebs.<br>Le foie uti\u00adli\u00adse la vit\u00adami\u00adne C pour l\u2019ensemble de ses plus de 2&nbsp;000 fon\u00adc\u00adtions chi\u00admi\u00adques. La vit\u00adami\u00adne C aide \u00e0 d\u00e9to\u00adxi\u00adfier et \u00e0 net\u00adto\u00ady\u00ader le foie, \u00e0 arr\u00ea\u00adter un foie lent, \u00e0 d\u00e9ta\u00adcher et \u00e0 dis\u00adsoud\u00adre les cel\u00adlu\u00adles adi\u00adpeu\u00adses stock\u00e9es dans le foie et aide le foie \u00e0 r\u00e9cup\u00ad\u00e9\u00adrer apr\u00e8s des mon\u00adt\u00e9es d\u2019a\u00addr\u00e9\u00adna\u00adline li\u00e9es au stress.<br>Il acc\u00e9\u00adl\u00e8\u00adre \u00e9ga\u00adle\u00adment la r\u00e9cup\u00ad\u00e9\u00adra\u00adti\u00adon des glo\u00adbu\u00adles blancs.<\/p>\n\n\n\n<p><strong>Ing\u00adr\u00e9\u00addi\u00adents:<\/strong><\/p>\n\n\n\n<ul class=\"wp-block-list\">\n<li>Ascor\u00adba\u00adte de calcium<\/li>\n\n\n\n<li>Ascor\u00adba\u00adte de magn\u00e9sium<\/li>\n\n\n\n<li>\u00e9glan\u00adtier<\/li>\n\n\n\n<li>Extrait de p\u00e9pins de raisin<\/li>\n\n\n\n<li>Ruti\u00adne<\/li>\n\n\n\n<li>Extrait de fruit d\u2019ac\u00e9rola<\/li>\n\n\n\n<li>Anti\u00adoxy\u00addant&nbsp;: Pal\u00admi\u00adta\u00adte d\u2019ascor\u00adbyle (ester d\u2019a\u00adci\u00adde gras de l\u2019a\u00adci\u00adde ascorbique)<\/li>\n\n\n\n<li>Cap\u00adsu\u00adle v\u00e9g\u00e9\u00adta\u00adri\u00aden\u00adne (cel\u00adlu\u00adlo\u00adse,&nbsp;eau)<\/li>\n\n\n\n<li>Char\u00adge : cellulose<\/li>\n<\/ul>\n\n\n\n<p><strong>Plus d\u2019informations sur Micro&nbsp;C&nbsp;:<\/strong><\/p>\n\n\n\n<ul class=\"wp-block-list\">\n<li>Ce pro\u00adduit est riche en vit\u00adami\u00adne C antioxydante<\/li>\n\n\n\n<li>La vit\u00adami\u00adne C favo\u00adri\u00adse un sys\u00adt\u00e8me immu\u00adni\u00adtaire et un sys\u00adt\u00e8me car\u00addio\u00advas\u00adcu\u00adlai\u00adre&nbsp;sains<\/li>\n\n\n\n<li>La vit\u00adami\u00adne C sou\u00adti\u00adent la san\u00adt\u00e9 de la&nbsp;peau<\/li>\n\n\n\n<li>Les for\u00admes tam\u00adpon\u00adn\u00e9es de vit\u00adami\u00adne C, tel\u00adles que l\u2019ascor\u00adba\u00adte de cal\u00adci\u00adum et de magn\u00e9\u00adsi\u00adum, sont moins aci\u00addes que les for\u00admes tra\u00addi\u00adti\u00adonnel\u00adles de vit\u00adami\u00adne C. Par con\u00ads\u00e9\u00adquent, cer\u00adtai\u00adnes per\u00adson\u00adnes sen\u00adsi\u00adbles aux ali\u00adments aci\u00addes peu\u00advent \u00eatre capa\u00adbles de dig\u00e9\u00adrer plus faci\u00adle\u00adment les for\u00admes tamponn\u00e9es.<\/li>\n\n\n\n<li>500 mg de vit\u00adami\u00adne C tam\u00adpon\u00adn\u00e9e par capsule<\/li>\n\n\n\n<li>Enri\u00adchi de mani\u00e8\u00adre uni\u00adque et syn\u00ader\u00adgi\u00adque en cyn\u00ador\u00adrh\u00adodons, extrait de p\u00e9pins de rai\u00adsin et bioflavono\u00efdes<\/li>\n\n\n\n<li>Sans OGM, sans glu\u00adten, cas\u00adher, sans soja, v\u00e9g\u00e9\u00adta\u00adli\u00aden,&nbsp;pal\u00e9o<\/li>\n\n\n\n<li>Sans aci\u00adde citri\u00adque et sans g\u00e9latine<\/li>\n<\/ul>\n\n\n\n<p><strong>Selon le r\u00e8gle\u00adment euro\u00adp\u00e9\u00aden sur les all\u00e9\u00adga\u00adti\u00adons de san\u00adt\u00e9, les d\u00e9cla\u00adra\u00adti\u00adons sui\u00advan\u00adtes sont auto\u00adri\u00ads\u00e9es pour cet\u00adte pr\u00e9paration&nbsp;:<\/strong><\/p>\n\n\n\n<ul class=\"wp-block-list\">\n<li>La vit\u00adami\u00adne C con\u00adtri\u00adbue au fon\u00adc\u00adtion\u00adne\u00adment nor\u00admal du sys\u00adt\u00e8me immu\u00adni\u00adtaire pen\u00addant et apr\u00e8s une acti\u00advi\u00adt\u00e9 phy\u00adsi\u00adque intense<\/li>\n\n\n\n<li>La vit\u00adami\u00adne C aug\u00admen\u00adte l\u2019ab\u00adsorp\u00adti\u00adon du&nbsp;fer<\/li>\n\n\n\n<li>La vit\u00adami\u00adne C con\u00adtri\u00adbue \u00e0 la for\u00adma\u00adti\u00adon nor\u00adma\u00adle de col\u00adla\u00adg\u00e8\u00adne pour le fon\u00adc\u00adtion\u00adne\u00adment nor\u00admal des vais\u00adse\u00adaux sanguins<\/li>\n\n\n\n<li>La vit\u00adami\u00adne C con\u00adtri\u00adbue \u00e0 la for\u00adma\u00adti\u00adon nor\u00adma\u00adle de col\u00adla\u00adg\u00e8\u00adne pour une fon\u00adc\u00adtion osseu\u00adse normale<\/li>\n\n\n\n<li>La vit\u00adami\u00adne C con\u00adtri\u00adbue au m\u00e9ta\u00adbo\u00adlis\u00adme \u00e9ner\u00adg\u00e9\u00adtique normal<\/li>\n\n\n\n<li>La vit\u00adami\u00adne C con\u00adtri\u00adbue \u00e0 la for\u00adma\u00adti\u00adon nor\u00adma\u00adle de col\u00adla\u00adg\u00e8\u00adne pour une fon\u00adc\u00adtion nor\u00adma\u00adle du cartilage<\/li>\n\n\n\n<li>La vit\u00adami\u00adne C aide \u00e0 pro\u00adt\u00e9\u00adger les cel\u00adlu\u00adles du stress oxydatif<\/li>\n\n\n\n<li>La vit\u00adami\u00adne C con\u00adtri\u00adbue \u00e0 la r\u00e9g\u00e9\u00adn\u00e9\u00adra\u00adti\u00adon de la for\u00adme r\u00e9duite de la vit\u00adami\u00adne&nbsp;E<\/li>\n\n\n\n<li>La vit\u00adami\u00adne C con\u00adtri\u00adbue \u00e0 la for\u00adma\u00adti\u00adon nor\u00adma\u00adle de col\u00adla\u00adg\u00e8\u00adne pour une fon\u00adc\u00adtion cuta\u00adn\u00e9e normale<\/li>\n\n\n\n<li>La vit\u00adami\u00adne C aide \u00e0 r\u00e9dui\u00adre la fati\u00adgue et l\u2019\u00e9puisement<\/li>\n\n\n\n<li>La vit\u00adami\u00adne C con\u00adtri\u00adbue au fon\u00adc\u00adtion\u00adne\u00adment nor\u00admal du sys\u00adt\u00e8me nerveux<\/li>\n\n\n\n<li>La vit\u00adami\u00adne C con\u00adtri\u00adbue au fon\u00adc\u00adtion\u00adne\u00adment nor\u00admal du sys\u00adt\u00e8me immunitaire<\/li>\n\n\n\n<li>La vit\u00adami\u00adne C con\u00adtri\u00adbue \u00e0 une fon\u00adc\u00adtion psy\u00adcho\u00adlo\u00adgi\u00adque normale<\/li>\n\n\n\n<li>La vit\u00adami\u00adne C con\u00adtri\u00adbue \u00e0 la for\u00adma\u00adti\u00adon nor\u00adma\u00adle de col\u00adla\u00adg\u00e8\u00adne pour une fon\u00adc\u00adtion nor\u00adma\u00adle des gencives<\/li>\n\n\n\n<li>La vit\u00adami\u00adne C con\u00adtri\u00adbue \u00e0 la for\u00adma\u00adti\u00adon nor\u00adma\u00adle de col\u00adla\u00adg\u00e8\u00adne pour une fon\u00adc\u00adtion den\u00adtai\u00adre normale<\/li>\n<\/ul>\n\n\n\n<p><strong>Dosa\u00adge:<\/strong> Com\u00adme com\u00adpl\u00e9\u00adment ali\u00admen\u00adtai\u00adre, prend\u00adre 1 cap\u00adsu\u00adle ou plus 1 \u00e0 2 fois par&nbsp;jour.<\/p>\n\n\n\n<p><strong>Un avis:<\/strong><br>La dose jour\u00adna\u00adli\u00e8\u00adre recom\u00adman\u00add\u00e9e ne doit pas \u00eatre d\u00e9pas\u00ads\u00e9e. Les com\u00adpl\u00e9\u00adments ali\u00admen\u00adtai\u00adres ne doi\u00advent pas se sub\u00adsti\u00adtuer \u00e0 une ali\u00admen\u00adta\u00adti\u00adon vari\u00e9e. Une ali\u00admen\u00adta\u00adti\u00adon \u00e9qui\u00adli\u00adbr\u00e9e et un mode de vie sain sont importants. Gar\u00adder hors de la por\u00adt\u00e9e des enfants.<\/p>","protected":false},"excerpt":{"rendered":"<p>Micro C Vimergy\u00ae ist eine spezielle Mischung aus gepuffertem Vitamin C, das leichter verdaulich ist als sonstige Formen von Vitamin C. Diese einzigartige Mischung wird mit Hagebutten, Traubenkernextrakt, Rutin und Acerola-Fruchtextrakt angereichert. Vitamin C ist ein essenzielles Antioxidans, das ein gesundes Immunsystem, Herz-Kreislauf-System und die Gesundheit der Haut unterst\u00fctzt. Die Herausforderungen der heutigen Zeit sind [&hellip;]<\/p>\n","protected":false},"author":2,"featured_media":28538,"parent":38482,"menu_order":0,"comment_status":"closed","ping_status":"closed","template":"","meta":{"_acf_changed":false,"wp_typography_post_enhancements_disabled":false,"footnotes":""},"class_list":["post-28537","page","type-page","status-publish","has-post-thumbnail","hentry"],"acf":[],"_links":{"self":[{"href":"https:\/\/www.selleriesaft.com\/fr\/wp-json\/wp\/v2\/pages\/28537","targetHints":{"allow":["GET"]}}],"collection":[{"href":"https:\/\/www.selleriesaft.com\/fr\/wp-json\/wp\/v2\/pages"}],"about":[{"href":"https:\/\/www.selleriesaft.com\/fr\/wp-json\/wp\/v2\/types\/page"}],"author":[{"embeddable":true,"href":"https:\/\/www.selleriesaft.com\/fr\/wp-json\/wp\/v2\/users\/2"}],"replies":[{"embeddable":true,"href":"https:\/\/www.selleriesaft.com\/fr\/wp-json\/wp\/v2\/comments?post=28537"}],"version-history":[{"count":0,"href":"https:\/\/www.selleriesaft.com\/fr\/wp-json\/wp\/v2\/pages\/28537\/revisions"}],"up":[{"embeddable":true,"href":"https:\/\/www.selleriesaft.com\/fr\/wp-json\/wp\/v2\/pages\/38482"}],"wp:featuredmedia":[{"embeddable":true,"href":"https:\/\/www.selleriesaft.com\/fr\/wp-json\/wp\/v2\/media\/28538"}],"wp:attachment":[{"href":"https:\/\/www.selleriesaft.com\/fr\/wp-json\/wp\/v2\/media?parent=28537"}],"curies":[{"name":"wp","href":"https:\/\/api.w.org\/{rel}","templated":true}]}}