{"id":43380,"date":"2024-01-30T16:16:38","date_gmt":"2024-01-30T15:16:38","guid":{"rendered":"https:\/\/www.selleriesaft.com\/?page_id=43380"},"modified":"2024-03-31T19:53:45","modified_gmt":"2024-03-31T17:53:45","slug":"tirage-au-sort-fevrier-2024","status":"publish","type":"page","link":"https:\/\/www.selleriesaft.com\/fr\/verlosung-maerz-2024\/","title":{"rendered":"Tira\u00adge au sort Just Tas\u00adte Pas\u00adta de mars&nbsp;2024"},"content":{"rendered":"\t\t<div data-elementor-type=\"wp-page\" data-elementor-id=\"43380\" class=\"elementor elementor-43380\" data-elementor-post-type=\"page\">\n\t\t\t\t<div class=\"elementor-element elementor-element-98c3853 e-flex e-con-boxed e-con e-parent\" data-id=\"98c3853\" data-element_type=\"container\" data-e-type=\"container\" data-settings=\"{&quot;background_background&quot;:&quot;classic&quot;,&quot;animation&quot;:&quot;none&quot;}\">\n\t\t\t\t\t<div class=\"e-con-inner\">\n\t\t<div class=\"elementor-element elementor-element-8ab9a53 e-con-full e-flex e-con e-child\" data-id=\"8ab9a53\" data-element_type=\"container\" data-e-type=\"container\" data-settings=\"{&quot;background_background&quot;:&quot;classic&quot;,&quot;animation_tablet&quot;:&quot;none&quot;,&quot;animation_mobile_extra&quot;:&quot;none&quot;,&quot;animation_mobile&quot;:&quot;none&quot;}\">\n\t\t\t\t<div class=\"elementor-element elementor-element-7a304cd elementor-widget elementor-widget-image\" data-id=\"7a304cd\" data-element_type=\"widget\" data-e-type=\"widget\" data-widget_type=\"image.default\">\n\t\t\t\t\t\t\t\t\t\t\t\t\t\t\t\t<a href=\"https:\/\/t.adcell.com\/click.php?bid=347130-100562&#038;param0=https%3A%2F%2Fjusttaste.de%2Fprodukt%2Fdie-zwei-famosen%2F\" target=\"_blank\" rel=\"nofollow noopener\">\n\t\t\t\t\t\t\t<img loading=\"lazy\" decoding=\"async\" width=\"150\" height=\"150\" src=\"https:\/\/www.selleriesaft.com\/wp-content\/uploads\/2024\/01\/Just-Taste-Logo-150x150.avif\" class=\"attachment-thumbnail size-thumbnail wp-image-43387\" alt=\"Just Taste Logo\" srcset=\"https:\/\/www.selleriesaft.com\/wp-content\/uploads\/2024\/01\/Just-Taste-Logo-150x150.avif 150w, https:\/\/www.selleriesaft.com\/wp-content\/uploads\/2024\/01\/Just-Taste-Logo-12x12.avif 12w, https:\/\/www.selleriesaft.com\/wp-content\/uploads\/2024\/01\/Just-Taste-Logo.avif 163w\" sizes=\"auto, (max-width: 150px) 100vw, 150px\" title=\"\">\t\t\t\t\t\t\t\t<\/a>\n\t\t\t\t\t\t\t\t\t\t\t\t\t\t\t<\/div>\n\t\t\t\t<div class=\"elementor-element elementor-element-7567910 elementor-widget elementor-widget-heading\" data-id=\"7567910\" data-element_type=\"widget\" data-e-type=\"widget\" data-widget_type=\"heading.default\">\n\t\t\t\t\t<h1 class=\"elementor-heading-title elementor-size-default\">Gewinne Pasta von JUST TASTE<\/h1>\t\t\t\t<\/div>\n\t\t\t\t<div class=\"elementor-element elementor-element-9243319 elementor-widget elementor-widget-text-editor\" data-id=\"9243319\" data-element_type=\"widget\" data-e-type=\"widget\" data-widget_type=\"text-editor.default\">\n\t\t\t\t\t\t\t\t\t<p>Verlost werden 6 AW-konforme S\u00fc\u00dfkartoffelnudel-Sets von <a href=\"https:\/\/t.adcell.com\/click.php?bid=347130-100562&amp;param0=https%3A%2F%2Fjusttaste.de%2Fprodukt%2Fdie-zwei-famosen%2F\" target=\"_blank\" rel=\"nofollow noopener sponsored\">Just Taste<\/a>.<\/p>\t\t\t\t\t\t\t\t<\/div>\n\t\t<div class=\"elementor-element elementor-element-87d0369 e-flex e-con-boxed e-con e-child\" data-id=\"87d0369\" data-element_type=\"container\" data-e-type=\"container\">\n\t\t\t\t\t<div class=\"e-con-inner\">\n\t\t<div class=\"elementor-element elementor-element-7276102 e-flex e-con-boxed e-con e-child\" data-id=\"7276102\" data-element_type=\"container\" data-e-type=\"container\">\n\t\t\t\t\t<div class=\"e-con-inner\">\n\t\t\t\t<div class=\"elementor-element elementor-element-dbf72f1 elementor-widget elementor-widget-image\" data-id=\"dbf72f1\" data-element_type=\"widget\" data-e-type=\"widget\" data-widget_type=\"image.default\">\n\t\t\t\t\t\t\t\t\t\t\t\t\t\t\t\t<a href=\"https:\/\/t.adcell.com\/click.php?bid=347130-100562&#038;param0=https%3A%2F%2Fjusttaste.de%2Fprodukt%2Fdie-zwei-famosen%2F\" target=\"_blank\" rel=\"nofollow noopener\">\n\t\t\t\t\t\t\t<img loading=\"lazy\" decoding=\"async\" width=\"300\" height=\"300\" src=\"https:\/\/www.selleriesaft.com\/wp-content\/uploads\/2024\/02\/Just-Taste-Set-300x300.avif\" class=\"attachment-medium size-medium wp-image-44001\" alt=\"\" srcset=\"https:\/\/www.selleriesaft.com\/wp-content\/uploads\/2024\/02\/Just-Taste-Set-300x300.avif 300w, https:\/\/www.selleriesaft.com\/wp-content\/uploads\/2024\/02\/Just-Taste-Set-150x150.avif 150w, https:\/\/www.selleriesaft.com\/wp-content\/uploads\/2024\/02\/Just-Taste-Set-768x768.avif 768w, https:\/\/www.selleriesaft.com\/wp-content\/uploads\/2024\/02\/Just-Taste-Set-12x12.avif 12w, https:\/\/www.selleriesaft.com\/wp-content\/uploads\/2024\/02\/Just-Taste-Set.avif 873w\" sizes=\"auto, (max-width: 300px) 100vw, 300px\" title=\"\">\t\t\t\t\t\t\t\t<\/a>\n\t\t\t\t\t\t\t\t\t\t\t\t\t\t\t<\/div>\n\t\t\t\t<div class=\"elementor-element elementor-element-cd43b91 elementor-widget elementor-widget-text-editor\" data-id=\"cd43b91\" data-element_type=\"widget\" data-e-type=\"widget\" data-widget_type=\"text-editor.default\">\n\t\t\t\t\t\t\t\t\t<p>Jedes Set enth\u00e4lt jeweils 2x S\u00fc\u00dfkartoffel-Spaghetti, Fettuccine und Tagliatelle.<\/p>\t\t\t\t\t\t\t\t<\/div>\n\t\t\t\t\t<\/div>\n\t\t\t\t<\/div>\n\t\t<div class=\"elementor-element elementor-element-7072ad8 e-flex e-con-boxed e-con e-child\" data-id=\"7072ad8\" data-element_type=\"container\" data-e-type=\"container\" data-settings=\"{&quot;background_background&quot;:&quot;classic&quot;}\">\n\t\t\t\t\t<div class=\"e-con-inner\">\n\t\t\t\t<div class=\"elementor-element elementor-element-a4e984e elementor-widget elementor-widget-heading\" data-id=\"a4e984e\" data-element_type=\"widget\" data-e-type=\"widget\" data-widget_type=\"heading.default\">\n\t\t\t\t\t<h2 class=\"elementor-heading-title elementor-size-default\">Hier teilnehmen<\/h2>\t\t\t\t<\/div>\n\t\t\t\t<div class=\"elementor-element elementor-element-b7d000c elementor-widget elementor-widget-text-editor\" data-id=\"b7d000c\" data-element_type=\"widget\" data-e-type=\"widget\" data-widget_type=\"text-editor.default\">\n\t\t\t\t\t\t\t\t\t<p>Trage dich hier kostenfrei in den Selleriesaft.com-Newsletter ein und du nimmst damit automatisch an der Verlosung teil:<\/p>\t\t\t\t\t\t\t\t<\/div>\n\t\t\t\t<div class=\"elementor-element elementor-element-7a6f7ed elementor-button-align-stretch elementor-widget elementor-widget-form\" data-id=\"7a6f7ed\" data-element_type=\"widget\" data-e-type=\"widget\" data-settings=\"{&quot;step_next_label&quot;:&quot;Next&quot;,&quot;step_previous_label&quot;:&quot;Previous&quot;,&quot;button_width&quot;:&quot;100&quot;,&quot;step_type&quot;:&quot;number_text&quot;,&quot;step_icon_shape&quot;:&quot;circle&quot;}\" data-widget_type=\"form.default\">\n\t\t\t\t\t\t\t<form class=\"elementor-form\" method=\"post\" name=\"New Form\" aria-label=\"New Form\">\n\t\t\t<input type=\"hidden\" name=\"post_id\" value=\"43380\"\/>\n\t\t\t<input type=\"hidden\" name=\"form_id\" value=\"7a6f7ed\"\/>\n\t\t\t<input type=\"hidden\" name=\"referer_title\" value=\"Just Taste Nudeln Verlosung M\u00e4rz 2024\" \/>\n\n\t\t\t\t\t\t\t<input type=\"hidden\" name=\"queried_id\" value=\"43380\"\/>\n\t\t\t\n\t\t\t<div class=\"elementor-form-fields-wrapper elementor-labels-\">\n\t\t\t\t\t\t\t\t<div class=\"elementor-field-type-text elementor-field-group elementor-column elementor-field-group-name elementor-col-50\">\n\t\t\t\t\t\t\t\t\t\t\t\t<label for=\"form-field-name\" class=\"elementor-field-label elementor-screen-only\">\n\t\t\t\t\t\t\t\tVorname\t\t\t\t\t\t\t<\/label>\n\t\t\t\t\t\t\t\t\t\t\t\t\t\t<input size=\"1\" type=\"text\" name=\"form_fields[name]\" id=\"form-field-name\" class=\"elementor-field elementor-size-md  elementor-field-textual\" placeholder=\"Vorname\">\n\t\t\t\t\t\t\t\t\t\t\t<\/div>\n\t\t\t\t\t\t\t\t<div class=\"elementor-field-type-email elementor-field-group elementor-column elementor-field-group-email elementor-col-50 elementor-field-required\">\n\t\t\t\t\t\t\t\t\t\t\t\t<label for=\"form-field-email\" class=\"elementor-field-label elementor-screen-only\">\n\t\t\t\t\t\t\t\tE-Mail-Adresse\t\t\t\t\t\t\t<\/label>\n\t\t\t\t\t\t\t\t\t\t\t\t\t\t<input size=\"1\" type=\"email\" name=\"form_fields[email]\" id=\"form-field-email\" class=\"elementor-field elementor-size-md  elementor-field-textual\" placeholder=\"E-Mail-Adresse\" required=\"required\">\n\t\t\t\t\t\t\t\t\t\t\t<\/div>\n\t\t\t\t\t\t\t\t<div class=\"elementor-field-group elementor-column elementor-field-type-submit elementor-col-100 e-form__buttons\">\n\t\t\t\t\t<button class=\"elementor-button elementor-size-md\" type=\"submit\">\n\t\t\t\t\t\t<span class=\"elementor-button-content-wrapper\">\n\t\t\t\t\t\t\t\t\t\t\t\t\t\t\t\t\t\t\t\t\t\t<span class=\"elementor-button-text\">Jetzt kostenfrei teilnehmen!<\/span>\n\t\t\t\t\t\t\t\t\t\t\t\t\t<\/span>\n\t\t\t\t\t<\/button>\n\t\t\t\t<\/div>\n\t\t\t<\/div>\n\t\t<\/form>\n\t\t\t\t\t\t<\/div>\n\t\t\t\t<div class=\"elementor-element elementor-element-a898f2c elementor-widget elementor-widget-text-editor\" data-id=\"a898f2c\" data-element_type=\"widget\" data-e-type=\"widget\" data-widget_type=\"text-editor.default\">\n\t\t\t\t\t\t\t\t\t<p><span style=\"color: #3d2e17;\">Der Versand erfolgt im Rahmen unserer <a style=\"color: #3d2e17;\" href=\"https:\/\/www.selleriesaft.com\/datenschutz\/\" target=\"_blank\" rel=\"noopener\">Datenschutzerkl\u00e4rung<\/a>.<\/span><\/p>\t\t\t\t\t\t\t\t<\/div>\n\t\t\t\t\t<\/div>\n\t\t\t\t<\/div>\n\t\t\t\t\t<\/div>\n\t\t\t\t<\/div>\n\t\t\t\t<div class=\"elementor-element elementor-element-ece492f elementor-widget elementor-widget-text-editor\" data-id=\"ece492f\" data-element_type=\"widget\" data-e-type=\"widget\" data-widget_type=\"text-editor.default\">\n\t\t\t\t\t\t\t\t\t<p>Gewinnen kannst du jeweils 1 Set. Das Gewinnspiel endet am 31. M\u00e4rz 2024 und die Gewinner werden per E-Mail benachrichtigt. Falls du dich schon fr\u00fcher in unseren Newsletter eingetragen hast, kannst du trotzdem teilnehmen.<\/p>\t\t\t\t\t\t\t\t<\/div>\n\t\t\t\t<\/div>\n\t\t\t\t\t<\/div>\n\t\t\t\t<\/div>\n\t\t\t\t<\/div>\n\t\t","protected":false},"excerpt":{"rendered":"<p>Gewinne Pasta von JUST TASTE Verlost werden 6 AW-konforme S\u00fc\u00dfkartoffelnudel-Sets von Just Taste. Jedes Set enth\u00e4lt jeweils 2x S\u00fc\u00dfkartoffel-Spaghetti, Fettuccine und Tagliatelle. Hier teilnehmen Trage dich hier kostenfrei in den Selleriesaft.com-Newsletter ein und du nimmst damit automatisch an der Verlosung teil: Der Versand erfolgt im Rahmen unserer Datenschutzerkl\u00e4rung. Gewinnen kannst du jeweils 1 Set. Das [&hellip;]<\/p>\n","protected":false},"author":2,"featured_media":45561,"parent":0,"menu_order":0,"comment_status":"closed","ping_status":"closed","template":"","meta":{"_acf_changed":false,"wp_typography_post_enhancements_disabled":false,"footnotes":""},"class_list":["post-43380","page","type-page","status-publish","has-post-thumbnail","hentry"],"acf":[],"_links":{"self":[{"href":"https:\/\/www.selleriesaft.com\/fr\/wp-json\/wp\/v2\/pages\/43380","targetHints":{"allow":["GET"]}}],"collection":[{"href":"https:\/\/www.selleriesaft.com\/fr\/wp-json\/wp\/v2\/pages"}],"about":[{"href":"https:\/\/www.selleriesaft.com\/fr\/wp-json\/wp\/v2\/types\/page"}],"author":[{"embeddable":true,"href":"https:\/\/www.selleriesaft.com\/fr\/wp-json\/wp\/v2\/users\/2"}],"replies":[{"embeddable":true,"href":"https:\/\/www.selleriesaft.com\/fr\/wp-json\/wp\/v2\/comments?post=43380"}],"version-history":[{"count":0,"href":"https:\/\/www.selleriesaft.com\/fr\/wp-json\/wp\/v2\/pages\/43380\/revisions"}],"wp:featuredmedia":[{"embeddable":true,"href":"https:\/\/www.selleriesaft.com\/fr\/wp-json\/wp\/v2\/media\/45561"}],"wp:attachment":[{"href":"https:\/\/www.selleriesaft.com\/fr\/wp-json\/wp\/v2\/media?parent=43380"}],"curies":[{"name":"wp","href":"https:\/\/api.w.org\/{rel}","templated":true}]}}