{"id":6892,"date":"2020-06-21T23:59:17","date_gmt":"2020-06-21T21:59:17","guid":{"rendered":"https:\/\/www.selleriesaft.com\/?page_id=6892"},"modified":"2025-12-19T12:25:16","modified_gmt":"2025-12-19T11:25:16","slug":"bleuets-sauvages","status":"publish","type":"page","link":"https:\/\/www.selleriesaft.com\/fr\/wilde-blaubeeren\/","title":{"rendered":"Bleu\u00adets sauvages"},"content":{"rendered":"<div data-elementor-type=\"wp-page\" data-elementor-id=\"6892\" class=\"elementor elementor-6892\" data-elementor-post-type=\"page\">\n\t\t\t\t<div class=\"elementor-element elementor-element-30fc864 e-flex e-con-boxed e-con e-parent\" data-id=\"30fc864\" data-element_type=\"container\" data-e-type=\"container\" data-settings=\"{&quot;background_background&quot;:&quot;classic&quot;}\">\n\t\t\t\t\t<div class=\"e-con-inner\">\n\t\t\t\t<div class=\"elementor-element elementor-element-87114b8 elementor-widget elementor-widget-text-editor\" data-id=\"87114b8\" data-element_type=\"widget\" data-e-type=\"widget\" data-widget_type=\"text-editor.default\">\n\t\t\t\t\t\t\t\t\t<h1>Bleu\u00adets sauvages&nbsp;<\/h1><p>\u00c9co\u00adno\u00admi\u00adsez 5 % avec le code pro\u00admo&nbsp;: <strong>SELLERIESAFT<\/strong><\/p>\t\t\t\t\t\t\t\t<\/div>\n\t\t\t\t\t<\/div>\n\t\t\t\t<\/div>\n\t\t<div class=\"elementor-element elementor-element-26adfca e-flex e-con-boxed e-con e-parent\" data-id=\"26adfca\" data-element_type=\"container\" data-e-type=\"container\" data-settings=\"{&quot;background_background&quot;:&quot;classic&quot;}\">\n\t\t\t\t\t<div class=\"e-con-inner\">\n\t\t\t\t<div class=\"elementor-element elementor-element-b5902dc elementor-widget elementor-widget-text-editor\" data-id=\"b5902dc\" data-element_type=\"widget\" data-e-type=\"widget\" data-widget_type=\"text-editor.default\">\n\t\t\t\t\t\t\t\t\t<p>Les bleu\u00adets sau\u00adva\u00adges sont indis\u00adpens\u00adables \u00e0 la pr\u00e9\u00adpa\u00adra\u00adti\u00adon du <a href=\"https:\/\/www.selleriesaft.com\/fr\/smoothie-detox-aux-metaux-lourds\/\">Smoothies d\u00e9tox aux m\u00e9taux lourds<\/a>. Les esp\u00e8\u00adces cor\u00adrec\u00adtes sont Vac\u00adci\u00adni\u00adum angusti\u00adfo\u00adli\u00adum ou Vac\u00adci\u00adni\u00adum myr\u00adtil\u00adlo\u00adides. Les myr\u00adtil\u00adles sau\u00adva\u00adges euro\u00adp\u00e9\u00aden\u00adnes (Vac\u00adci\u00adni\u00adum myrt\u00adil\u00adlus) ne sont pas id\u00e9a\u00adles pour la d\u00e9to\u00adxi\u00adfi\u00adca\u00adti\u00adon des m\u00e9taux lourds, mais pos\u00ads\u00e8\u00addent n\u00e9an\u00admo\u00adins des pro\u00adpri\u00e9\u00adt\u00e9s importan\u00adtes qui sur\u00adpas\u00adsent lar\u00adge\u00adment cel\u00adles des myr\u00adtil\u00adles cultiv\u00e9es.<\/p>\t\t\t\t\t\t\t\t<\/div>\n\t\t<div class=\"elementor-element elementor-element-ae52aa8 e-flex e-con-boxed e-con e-child\" data-id=\"ae52aa8\" data-element_type=\"container\" data-e-type=\"container\" data-settings=\"{&quot;background_background&quot;:&quot;classic&quot;}\">\n\t\t\t\t\t<div class=\"e-con-inner\">\n\t\t\t\t<div class=\"elementor-element elementor-element-8583417 elementor-widget elementor-widget-image\" data-id=\"8583417\" data-element_type=\"widget\" data-e-type=\"widget\" data-widget_type=\"image.default\">\n\t\t\t\t\t\t\t\t\t\t\t\t\t\t\t\t<a href=\"https:\/\/www.obst-oswald.at\/de\/shop\/tk-wilde-waldheidelbeeren-aus-kanada-sorte-vaccinium-angustifolium\/\" target=\"_blank\" rel=\"noopener\">\n\t\t\t\t\t\t\t<img loading=\"lazy\" decoding=\"async\" width=\"300\" height=\"177\" src=\"https:\/\/www.selleriesaft.com\/wp-content\/uploads\/2024\/03\/Wilde-Blaubeeren-aus-Kanada-2-300x177.avif\" class=\"attachment-medium size-medium wp-image-45515\" alt srcset=\"https:\/\/www.selleriesaft.com\/wp-content\/uploads\/2024\/03\/Wilde-Blaubeeren-aus-Kanada-2-300x177.avif 300w, https:\/\/www.selleriesaft.com\/wp-content\/uploads\/2024\/03\/Wilde-Blaubeeren-aus-Kanada-2-768x452.avif 768w, https:\/\/www.selleriesaft.com\/wp-content\/uploads\/2024\/03\/Wilde-Blaubeeren-aus-Kanada-2-18x12.avif 18w, https:\/\/www.selleriesaft.com\/wp-content\/uploads\/2024\/03\/Wilde-Blaubeeren-aus-Kanada-2.avif 839w\" sizes=\"auto, (max-width: 300px) 100vw, 300px\" title>\t\t\t\t\t\t\t\t<\/a>\n\t\t\t\t\t\t\t\t\t\t\t\t\t\t\t<\/div>\n\t\t\t\t<div class=\"elementor-element elementor-element-c7fce78 elementor-widget elementor-widget-text-editor\" data-id=\"c7fce78\" data-element_type=\"widget\" data-e-type=\"widget\" data-widget_type=\"text-editor.default\">\n\t\t\t\t\t\t\t\t\t<h2>Vac\u00adci\u00adni\u00adum angustifolium<\/h2><p><strong>Les myr\u00adtil\u00adles sau\u00adva\u00adges id\u00e9a\u00adles pour le smoothie d\u00e9tox aux m\u00e9taux lourds.<\/strong><\/p><p>\u00c9co\u00adno\u00admi\u00adsez 5 % avec le code&nbsp;promo&nbsp;:<\/p><p><strong>SELLERIESAFT<\/strong><\/p>\t\t\t\t\t\t\t\t<\/div>\n\t\t\t\t<div class=\"elementor-element elementor-element-9c76a38 elementor-align-center elementor-widget elementor-widget-button\" data-id=\"9c76a38\" data-element_type=\"widget\" data-e-type=\"widget\" data-widget_type=\"button.default\">\n\t\t\t\t\t\t\t\t\t\t<a class=\"elementor-button elementor-button-link elementor-size-sm\" href=\"https:\/\/www.obst-oswald.at\/de\/shop\/tk-wilde-waldheidelbeeren-aus-kanada-sorte-vaccinium-angustifolium\/\" target=\"_blank\" rel=\"nofollow noopener\">\n\t\t\t\t\t\t<span class=\"elementor-button-content-wrapper\">\n\t\t\t\t\t\t\t\t\t<span class=\"elementor-button-text\">Ache\u00adter<\/span>\n\t\t\t\t\t<\/span>\n\t\t\t\t\t<\/a>\n\t\t\t\t\t\t\t\t<\/div>\n\t\t\t\t\t<\/div>\n\t\t\t\t<\/div>\n\t\t\t\t<div class=\"elementor-element elementor-element-955f8e7 elementor-widget elementor-widget-text-editor\" data-id=\"955f8e7\" data-element_type=\"widget\" data-e-type=\"widget\" data-widget_type=\"text-editor.default\">\n\t\t\t\t\t\t\t\t\t<p>Les bleu\u00adets sau\u00adva\u00adges sont riches en anti\u00adoxy\u00addants et pr\u00e9\u00adsen\u00adtent de nombreux bien\u00adfaits pour la san\u00adt\u00e9. Ils peu\u00advent aider \u00e0 r\u00e9dui\u00adre le ris\u00adque de mala\u00addie car\u00addiaque, \u00e0 ren\u00adforcer le sys\u00adt\u00e8me immu\u00adni\u00adtaire et \u00e0 r\u00e9dui\u00adre le cholest\u00e9rol.<\/p><p>Les myr\u00adtil\u00adles sau\u00adva\u00adges sont \u00e9ga\u00adle\u00adment une excel\u00adlen\u00adte source de fibres et ont un fai\u00adble indi\u00adce gly\u00adc\u00e9\u00admi\u00adque, ce qui signi\u00adfie qu\u2019el\u00adles ne pro\u00advo\u00adquent pas une aug\u00admen\u00adta\u00adti\u00adon rapi\u00adde de la gly\u00adc\u00e9\u00admie. Ils con\u00advi\u00aden\u00adnent donc par\u00adti\u00adcu\u00adli\u00e8\u00adre\u00adment aux per\u00adson\u00adnes souf\u00adfrant de dia\u00adb\u00e8\u00adte ou ayant beso\u00adin de con\u00adtr\u00f4\u00adler leur glyc\u00e9mie.<\/p><p>Si vous cher\u00adchez une fa\u00e7on sai\u00adne de pimen\u00adter vot\u00adre ali\u00admen\u00adta\u00adti\u00adon, pen\u00adsez aux bleu\u00adets sau\u00adva\u00adges. Vous pou\u00advez les d\u00e9gus\u00adter pures ou en smoothies <a href=\"https:\/\/www.selleriesaft.com\/fr\/smoothie-detox-aux-metaux-lourds\/\">Smoothie d\u00e9tox aux m\u00e9taux lourds<\/a> ou uti\u00adli\u00adser dans d\u2019au\u00adt\u00adres&nbsp;plats.<\/p><p>Non seu\u00adle\u00adment les bleu\u00adets sau\u00adva\u00adges sont riches en nut\u00adri\u00adments et pr\u00e9\u00adsen\u00adtent de nombreux bien\u00adfaits pour la san\u00adt\u00e9, mais ils sont \u00e9ga\u00adle\u00adment d\u00e9li\u00adcieux et polyvalents.<\/p><p>Avec des bleu\u00adets sur\u00adgel\u00e9s cana\u00addi\u00adens, <a href=\"https:\/\/www.selleriesaft.com\/fr\/vimergie-2\/#wild-blueberry\">Poud\u00adre de myr\u00adtil\u00adle de Vimer\u00adgy<\/a> et les jus de bleu\u00adets Wyman\u2019s, vous pou\u00advez pro\u00adfi\u00adter des bien\u00adfaits des bleu\u00adets sau\u00adva\u00adges pour la san\u00adt\u00e9 m\u00eame lors\u00adqu\u2019ils ne sont pas de saison.<\/p><p>Lors\u00adque vous ache\u00adtez des bleu\u00adets sau\u00adva\u00adges frais, assu\u00adrez-vous qu\u2019ils sont de hau\u00adte qualit\u00e9.<\/p><p>Dans l\u2019ensemble, les bleu\u00adets sau\u00adva\u00adges con\u00adsti\u00adtu\u00adent un excel\u00adlent ali\u00adment qui peut con\u00adtri\u00adbuer \u00e0 am\u00e9\u00adlio\u00adrer la san\u00adt\u00e9 et \u00e0 pr\u00e9\u00adve\u00adnir les mala\u00addies. Si vous cher\u00adchez une fa\u00e7on sai\u00adne de pimen\u00adter vot\u00adre ali\u00admen\u00adta\u00adti\u00adon, vous devriez abso\u00adlu\u00adment envi\u00adsa\u00adger d\u2019in\u00adcor\u00adpo\u00adrer des myr\u00adtil\u00adles sau\u00adva\u00adges \u00e0 vot\u00adre ali\u00admen\u00adta\u00adti\u00adon quo\u00adti\u00addi\u00aden\u00adne. Jet\u00adez \u00e9ga\u00adle\u00adment un \u0153il au n\u00f4t\u00adre <a href=\"https:\/\/www.selleriesaft.com\/fr\/jour\/bleuets\/\">recet\u00adtes de myr\u00adtil\u00adles con\u00adfor\u00admes<\/a>&nbsp;Vous y trou\u00adverez d\u2019autres fa\u00e7ons d\u2019incorporer les bleu\u00adets sau\u00adva\u00adges \u00e0 vot\u00adre alimentation.<\/p>\t\t\t\t\t\t\t\t<\/div>\n\t\t\t\t\t<\/div>\n\t\t\t\t<\/div>\n\t\t\t\t<\/div>","protected":false},"excerpt":{"rendered":"<p>Wilde Blaubeeren\u00a0 Spare 5 % mit Gutscheincode: SELLERIESAFT Wilde Blaubeeren sind essenziell zum Zubereiten des Heavy Metal Detox Smoothies. Richtig sind die Formen Vaccinium angustifolium oder Vaccinium myrtilloides. Die europ\u00e4ischen wilden Blaubeeren, auch Heidelbeeren genannt (Vaccinium myrtillus \/ Bilberry) sind f\u00fcr die Schwermetall-Ausleitung nicht optimal, bergen aber trotzdem noch gro\u00dfe Kr\u00e4fte in sich, die denen [&hellip;]<\/p>\n","protected":false},"author":1,"featured_media":0,"parent":0,"menu_order":0,"comment_status":"closed","ping_status":"closed","template":"","meta":{"_acf_changed":false,"wp_typography_post_enhancements_disabled":false,"footnotes":""},"class_list":["post-6892","page","type-page","status-publish","hentry"],"acf":[],"_links":{"self":[{"href":"https:\/\/www.selleriesaft.com\/fr\/wp-json\/wp\/v2\/pages\/6892","targetHints":{"allow":["GET"]}}],"collection":[{"href":"https:\/\/www.selleriesaft.com\/fr\/wp-json\/wp\/v2\/pages"}],"about":[{"href":"https:\/\/www.selleriesaft.com\/fr\/wp-json\/wp\/v2\/types\/page"}],"author":[{"embeddable":true,"href":"https:\/\/www.selleriesaft.com\/fr\/wp-json\/wp\/v2\/users\/1"}],"replies":[{"embeddable":true,"href":"https:\/\/www.selleriesaft.com\/fr\/wp-json\/wp\/v2\/comments?post=6892"}],"version-history":[{"count":0,"href":"https:\/\/www.selleriesaft.com\/fr\/wp-json\/wp\/v2\/pages\/6892\/revisions"}],"wp:attachment":[{"href":"https:\/\/www.selleriesaft.com\/fr\/wp-json\/wp\/v2\/media?parent=6892"}],"curies":[{"name":"wp","href":"https:\/\/api.w.org\/{rel}","templated":true}]}}