{"id":13,"date":"2019-05-28T01:17:46","date_gmt":"2019-05-27T23:17:46","guid":{"rendered":"https:\/\/www.selleriesaft.com\/?page_id=13"},"modified":"2025-10-18T23:55:23","modified_gmt":"2025-10-18T21:55:23","slug":"impronta","status":"publish","type":"page","link":"https:\/\/www.selleriesaft.com\/it\/impressum\/","title":{"rendered":"impron\u00adta"},"content":{"rendered":"<div data-elementor-type=\"wp-page\" data-elementor-id=\"13\" class=\"elementor elementor-13\" data-elementor-post-type=\"page\">\n\t\t\t\t<div class=\"elementor-element elementor-element-d422765 e-flex e-con-boxed e-con e-parent\" data-id=\"d422765\" data-element_type=\"container\" data-e-type=\"container\" data-settings=\"{&quot;background_background&quot;:&quot;classic&quot;}\">\n\t\t\t\t\t<div class=\"e-con-inner\">\n\t\t\t\t<div class=\"elementor-element elementor-element-0dcc007 elementor-widget elementor-widget-text-editor\" data-id=\"0dcc007\" data-element_type=\"widget\" data-e-type=\"widget\" data-widget_type=\"text-editor.default\">\n\t\t\t\t\t\t\t\t\t<h1>impron\u00adta<\/h1><p><b>Secon\u00addo \u00a7 5&nbsp;TMG<\/b><\/p><p>Meli\u00adke Ill\u00adner<br>Rin\u00adnen\u00adbach\u00adstra\u00ad\u00dfe 16\/1<br>73760 Ost\u00adfil\u00addern<\/p><p><b>Con\u00adtat\u00adto<\/b><\/p><p>E\u2011mail: moin@selleriesaft.com<\/p><p><strong>Par\u00adti\u00adta&nbsp;IVA<\/strong><\/p><p>DE452435743<\/p><h2>Dis\u00adclai\u00admer<\/h2><p><strong>Responsa\u00adbi\u00adli\u00adt\u00e0 per i contenuti<\/strong><\/p><p>In qua\u00adli\u00adt\u00e0 di for\u00adni\u00adto\u00adre di ser\u00advi\u00adzi sia\u00admo responsa\u00adbi\u00adli dei nos\u00adtri con\u00adte\u00adnuti su ques\u00adte pagi\u00adne in con\u00adfor\u00admi\u00adt\u00e0 con le leg\u00adgi gene\u00adra\u00adli ai sen\u00adsi del \u00a7 7 com\u00adma 1 TMG. Tut\u00adta\u00advia, ai sen\u00adsi degli artt. da 8 a 10 TMG, in qua\u00adli\u00adt\u00e0 di for\u00adni\u00adto\u00adre di ser\u00advi\u00adzi non sia\u00admo obbli\u00adga\u00adti a moni\u00adtor\u00ada\u00adre le infor\u00adma\u00adzio\u00adni di ter\u00adzi tras\u00admes\u00adse o memo\u00adriz\u00adza\u00adte o a inda\u00adga\u00adre su cir\u00adcos\u00adtan\u00adze che indi\u00adca\u00adno atti\u00advi\u00adt\u00e0 illegali.<\/p><p>Rest\u00ada\u00adno imp\u00adre\u00adgiudi\u00adca\u00adti gli obblighi di rimo\u00adzio\u00adne o di bloc\u00adco del\u00adl\u2019\u00aduti\u00adliz\u00adzo del\u00adle infor\u00adma\u00adzio\u00adni pre\u00advis\u00adti dal\u00adle leg\u00adgi gene\u00adra\u00adli. Tut\u00adta\u00advia, una responsa\u00adbi\u00adli\u00adt\u00e0 in ques\u00adto sen\u00adso \u00e8 pos\u00adsi\u00adbi\u00adle solo a par\u00adti\u00adre dal momen\u00adto in cui si vie\u00adne a cono\u00adscen\u00adza di una con\u00adcre\u00adta vio\u00adla\u00adzio\u00adne del\u00adla leg\u00adge. Se venis\u00adsi\u00admo a cono\u00adscen\u00adza di even\u00adtua\u00adli vio\u00adla\u00adzio\u00adni lega\u00adli cor\u00adrispon\u00adden\u00adti, rimuo\u00adve\u00adremo imme\u00addia\u00adta\u00admen\u00adte ques\u00adto contenuto.<\/p><p><strong>Responsa\u00adbi\u00adli\u00adt\u00e0 per i collegamenti<\/strong><\/p><p>La nos\u00adt\u00adra offer\u00adta con\u00adtiene col\u00adle\u00adgamen\u00adti a siti web ester\u00adni di ter\u00adzi sui cui con\u00adte\u00adnuti non abbia\u00admo alcu\u00adna influ\u00aden\u00adza. Per\u00adtan\u00adto non pos\u00adsia\u00admo assu\u00admer\u00adci alcu\u00adna responsa\u00adbi\u00adli\u00adt\u00e0 per ques\u00adti con\u00adte\u00adnuti ester\u00adni. Per il con\u00adten\u00aduto del\u00adle pagi\u00adne col\u00adle\u00adga\u00adte \u00e8 semp\u00adre responsa\u00adbi\u00adle il ris\u00adpet\u00adtivo for\u00adni\u00adto\u00adre o ges\u00adto\u00adre del\u00adle pagi\u00adne. Al momen\u00adto del col\u00adle\u00adgamen\u00adto le pagi\u00adne col\u00adle\u00adga\u00adte sono sta\u00adte con\u00adtroll\u00ada\u00adte per even\u00adtua\u00adli vio\u00adla\u00adzio\u00adni lega\u00adli. Il con\u00adten\u00aduto ille\u00adga\u00adle non era evi\u00adden\u00adte al momen\u00adto del collegamento.<\/p><p>Tut\u00adta\u00advia, un con\u00adtrol\u00adlo per\u00adma\u00adnen\u00adte del con\u00adten\u00aduto del\u00adle pagi\u00adne col\u00adle\u00adga\u00adte non \u00e8 ragio\u00adne\u00advo\u00adle sen\u00adza pro\u00adve con\u00adcre\u00adte di una vio\u00adla\u00adzio\u00adne del\u00adla leg\u00adge. Se venis\u00adsi\u00admo a cono\u00adscen\u00adza di even\u00adtua\u00adli vio\u00adla\u00adzio\u00adni lega\u00adli, rimuo\u00adve\u00adremo imme\u00addia\u00adta\u00admen\u00adte tali collegamenti.<\/p><p><strong>diritto d\u2019au\u00adto\u00adre<\/strong><\/p><p>I con\u00adte\u00adnuti e le ope\u00adre crea\u00adte dai gesto\u00adri del sito su ques\u00adte pagi\u00adne sono sog\u00adget\u00adti al diritto d\u2019au\u00adto\u00adre tedes\u00adco. La ripro\u00addu\u00adzi\u00ado\u00adne, l\u2019e\u00adla\u00adbo\u00adra\u00adzio\u00adne, la dis\u00adtri\u00adbu\u00adzi\u00ado\u00adne e qual\u00adsi\u00ada\u00adsi tipo di sfrut\u00adta\u00admen\u00adto al di fuo\u00adri dei limi\u00adti del\u00adla leg\u00adge sul diritto d\u2019au\u00adto\u00adre richie\u00addo\u00adno il con\u00adsen\u00adso scritto del ris\u00adpet\u00adtivo auto\u00adre o crea\u00adto\u00adre. Down\u00adload e copie di ques\u00adta pagi\u00adna sono con\u00adsen\u00adti\u00adti solo per uso pri\u00adva\u00adto e non commerciale.<\/p><p>Se il con\u00adten\u00aduto di ques\u00adto sito non \u00e8 sta\u00adto crea\u00adto dal ges\u00adto\u00adre, ven\u00adgo\u00adno ris\u00adpett\u00ada\u00adti i dirit\u00adti d\u2019au\u00adto\u00adre di ter\u00adzi. In par\u00adti\u00adco\u00adla\u00adre i con\u00adte\u00adnuti di ter\u00adzi sono con\u00adtras\u00adseg\u00adna\u00adti come tali. Se tut\u00adta\u00advia dove\u00adssi veni\u00adre a cono\u00adscen\u00adza di una vio\u00adla\u00adzio\u00adne del diritto d\u2019au\u00adto\u00adre, ti chie\u00addia\u00admo di inform\u00adar\u00adci di con\u00adse\u00adguen\u00adza. Se venis\u00adsi\u00admo a cono\u00adscen\u00adza di even\u00adtua\u00adli vio\u00adla\u00adzio\u00adni lega\u00adli, rimuo\u00adve\u00adremo imme\u00addia\u00adta\u00admen\u00adte tali contenuti.<\/p>\t\t\t\t\t\t\t\t<\/div>\n\t\t\t\t\t<\/div>\n\t\t\t\t<\/div>\n\t\t\t\t<\/div>","protected":false},"excerpt":{"rendered":"<p>Impressum Angaben gem\u00e4\u00df \u00a7 5 TMG Melike IllnerRinnenbachstra\u00dfe 16\/173760 Ostfildern Kontakt E-Mail: moin@selleriesaft.com USt-IdNr. DE452435743 Disclaimer Haftung f\u00fcr Inhalte Als Diensteanbieter sind wir gem\u00e4\u00df \u00a7 7 Abs.1 TMG f\u00fcr eigene Inhalte auf diesen Seiten nach den allgemeinen Gesetzen verantwortlich. Nach \u00a7\u00a7 8 bis 10 TMG sind wir als Diensteanbieter jedoch nicht verpflichtet, \u00fcbermittelte oder gespeicherte [&hellip;]<\/p>\n","protected":false},"author":1,"featured_media":0,"parent":0,"menu_order":0,"comment_status":"closed","ping_status":"closed","template":"","meta":{"_acf_changed":false,"wp_typography_post_enhancements_disabled":false,"footnotes":""},"class_list":["post-13","page","type-page","status-publish","hentry"],"acf":[],"_links":{"self":[{"href":"https:\/\/www.selleriesaft.com\/it\/wp-json\/wp\/v2\/pages\/13","targetHints":{"allow":["GET"]}}],"collection":[{"href":"https:\/\/www.selleriesaft.com\/it\/wp-json\/wp\/v2\/pages"}],"about":[{"href":"https:\/\/www.selleriesaft.com\/it\/wp-json\/wp\/v2\/types\/page"}],"author":[{"embeddable":true,"href":"https:\/\/www.selleriesaft.com\/it\/wp-json\/wp\/v2\/users\/1"}],"replies":[{"embeddable":true,"href":"https:\/\/www.selleriesaft.com\/it\/wp-json\/wp\/v2\/comments?post=13"}],"version-history":[{"count":0,"href":"https:\/\/www.selleriesaft.com\/it\/wp-json\/wp\/v2\/pages\/13\/revisions"}],"wp:attachment":[{"href":"https:\/\/www.selleriesaft.com\/it\/wp-json\/wp\/v2\/media?parent=13"}],"curies":[{"name":"paro\u00adla chiave","href":"https:\/\/api.w.org\/{rel}","templated":true}]}}