{"id":27026,"date":"2022-06-07T12:16:48","date_gmt":"2022-06-07T10:16:48","guid":{"rendered":"https:\/\/www.selleriesaft.com\/?page_id=27026"},"modified":"2024-03-24T23:10:27","modified_gmt":"2024-03-24T22:10:27","slug":"sedanoforza","status":"publish","type":"page","link":"https:\/\/www.selleriesaft.com\/it\/vimergy\/celeryforce\/","title":{"rendered":"Cele\u00adry\u00adforce\u00ae di Vimergy"},"content":{"rendered":"<h2 class=\"wp-block-heading\">Le cap\u00adsu\u00adle Cele\u00adry\u00adforce di Vimer\u00adgy \u2013 una panoramica<\/h2>\n\n\n\n<p>In un momen\u00adto in cui il nos\u00adtro cor\u00adpo \u00e8 cos\u00adtan\u00adte\u00admen\u00adte espos\u00adto ad ele\u00adva\u00adti livel\u00adli di stress, \u00e8 importan\u00adte for\u00adnirg\u00adli i nut\u00adri\u00aden\u00adti neces\u00adsa\u00adri. \u00c8 qui che ent\u00adra\u00adno in gio\u00adco gli inte\u00adgra\u00adto\u00adri ali\u00admen\u00adta\u00adri, come le cap\u00adsu\u00adle Cele\u00adry\u00adForce\u00ae di Vimer\u00adgy, che for\u00adnis\u00adco\u00adno una ric\u00adchez\u00adza di vit\u00adami\u00adne, mine\u00adra\u00adli e ami\u00adnoa\u00adci\u00addi essenziali.<\/p>\n\n\n\n<h2 class=\"wp-block-heading\">Cele\u00adry\u00adforce meri\u00adta un pos\u00adto nella mia lis\u00adta del\u00adla&nbsp;spesa?<\/h2>\n\n\n\n<p>Gli inte\u00adgra\u00adto\u00adri come le cap\u00adsu\u00adle Cele\u00adry\u00adForce Vimer\u00adgy han\u00adno mol\u00adti van\u00adtag\u00adgi. Cos\u00adti\u00adtuis\u00adco\u00adno un modo sem\u00adpli\u00adce per otte\u00adne\u00adre ulte\u00adrio\u00adri sostan\u00adze nut\u00adri\u00adti\u00adve e posso\u00adno esse\u00adre ordi\u00adna\u00adti como\u00adda\u00admen\u00adte online, ad esem\u00adpio pres\u00adso una farm\u00adacia per cor\u00adrispon\u00adden\u00adza. Ma vale la pena acquistarli?<\/p>\n\n\n\n<h3 class=\"wp-block-heading\">I van\u00adtag\u00adgi<\/h3>\n\n\n\n<p>Le cap\u00adsu\u00adle di Vimer\u00adgy off\u00adro\u00adno mol\u00adti van\u00adtag\u00adgi, a comin\u00adcia\u00adre dal fat\u00adto che sono dis\u00adpo\u00adni\u00adbi\u00adli in una como\u00adda cap\u00adsu\u00adla vege\u00adta\u00adria\u00adna. Con\u00adten\u00adgo\u00adno anche una mis\u00adce\u00adla di gli\u00adci\u00adna\u00adto di magne\u00adsio, L\u2011taurina e coli\u00adna, che garan\u00adtis\u00adco\u00adno un meta\u00adbo\u00adlis\u00admo sano, una nor\u00adma\u00adle fun\u00adzio\u00adne mus\u00adco\u00adla\u00adre e una nor\u00adma\u00adle atti\u00advi\u00adt\u00e0 mentale.<\/p>\n\n\n\n<h3 class=\"wp-block-heading\">La pra\u00adti\u00adci\u00adt\u00e0<\/h3>\n\n\n\n<p>Anche usa\u00adre le cap\u00adsu\u00adle \u00e8 faci\u00adle. Sono \u201ccon mani\u00adche\u201d, il che signi\u00adfi\u00adca che posso\u00adno esse\u00adre facilm\u00aden\u00adte inge\u00adri\u00adti. Posso\u00adno anche esse\u00adre facilm\u00aden\u00adte inte\u00adgra\u00adti nella tua rou\u00adti\u00adne quo\u00adti\u00addia\u00adna e off\u00adro\u00adno una sem\u00adpli\u00adce aggi\u00adunta ad uno sti\u00adle di vita vario e&nbsp;sano.<\/p>\n\n\n\n<h2 class=\"wp-block-heading\">Cosa pu\u00f2 fare Cele\u00adry\u00adforce per la mia salute?<\/h2>\n\n\n\n<p>Le cap\u00adsu\u00adle Cele\u00adry\u00adForce sono pi\u00f9 di un sem\u00adpli\u00adce inte\u00adgra\u00adto\u00adre. Off\u00adro\u00adno una serie di bene\u00adfi\u00adci per la salu\u00adte che van\u00adno da una miglio\u00adre diges\u00adtio\u00adne a una miglio\u00adre concentrazione.<\/p>\n\n\n\n<h3 class=\"wp-block-heading\">I prin\u00adci\u00adpi attivi<\/h3>\n\n\n\n<p>Gli ingre\u00addi\u00aden\u00adti atti\u00advi nel\u00adle cap\u00adsu\u00adle sono diver\u00adsi e accu\u00adra\u00adta\u00admen\u00adte sele\u00adzio\u00adna\u00adti. Ques\u00adti includo\u00adno la coli\u00adna, che aiu\u00adta a man\u00adte\u00adnere la nor\u00adma\u00adle fun\u00adzio\u00adna\u00adli\u00adt\u00e0 epa\u00adti\u00adca, e l\u2019i\u00adno\u00adsi\u00adto\u00adlo, un com\u00adpo\u00adnen\u00adte del\u00adla mis\u00adce\u00adla, che dov\u00adreb\u00adbe esse\u00adre assun\u00adto ent\u00adro la dose giorn\u00ada\u00adlie\u00adra rac\u00adco\u00adman\u00adda\u00adta poi\u00adch\u00e9 \u00e8 un nut\u00adri\u00aden\u00adte importan\u00adte per il cer\u00advel\u00adlo. Le cap\u00adsu\u00adle con\u00adten\u00adgo\u00adno anche L\u2011glutammina, un ammi\u00adnoa\u00adci\u00addo ampia\u00admen\u00adte dis\u00adtri\u00adbui\u00adto nel\u00adl\u2019or\u00adga\u00adnis\u00admo e che svol\u00adge num\u00ade\u00adro\u00adse fun\u00adzio\u00adni, tra cui il soste\u00adg\u00adno del sis\u00adte\u00adma immunitario.<\/p>\n\n\n\n<h3 class=\"wp-block-heading\">Ecco come i nut\u00adri\u00aden\u00adti influ\u00aden\u00adza\u00adno il&nbsp;corpo<\/h3>\n\n\n\n<p>I nut\u00adri\u00aden\u00adti han\u00adno un effet\u00adto siner\u00adgi\u00adco sul cor\u00adpo. Aiuta\u00adno a sos\u00adtene\u00adre la nor\u00adma\u00adle fun\u00adzio\u00adne del\u00adle cel\u00adlu\u00adle e a pro\u00adt\u00adeg\u00adge\u00adre il cor\u00adpo dal\u00adlo stress ossi\u00adda\u00adtivo. Sup\u00adport\u00ada\u00adno anche un sis\u00adte\u00adma ner\u00advo\u00adso sano e con\u00adtri\u00adbuis\u00adco\u00adno alla nor\u00adma\u00adle fun\u00adzio\u00adne cognitiva.<\/p>\n\n\n\n<h3 class=\"wp-block-heading\">I bene\u00adfi\u00adci per la salu\u00adte del suc\u00adco di sedano<\/h3>\n\n\n\n<p>Bere suc\u00adco di sed\u00ada\u00adno off\u00adre mol\u00adti bene\u00adfi\u00adci per la salu\u00adte. \u00c8 ric\u00adco di vit\u00adami\u00adne e mine\u00adra\u00adli e for\u00adnis\u00adce una fon\u00adte natu\u00adra\u00adle di antios\u00adsi\u00addan\u00adti. Pu\u00f2 anche aiut\u00ada\u00adre a disin\u00adtos\u00adsi\u00adca\u00adre il cor\u00adpo, aiut\u00ada\u00adre la diges\u00adtio\u00adne e aumen\u00adta\u00adre l\u2019energia.<\/p>\n\n\n\n<h2 class=\"wp-block-heading\">Qua\u00adli sono i valo\u00adri nut\u00adri\u00adzio\u00adna\u00adli di Celeryforce?<\/h2>\n\n\n\n<p>Nono\u00adstan\u00adte i bene\u00adfi\u00adci offer\u00adti dal\u00adle cap\u00adsu\u00adle Cele\u00adry\u00adForce, \u00e8 importan\u00adte nota\u00adre che gli inte\u00adgra\u00adto\u00adri ali\u00admen\u00adta\u00adri non sosti\u00adtuis\u00adco\u00adno una die\u00adta equi\u00adli\u00adbra\u00adta e sana. Dov\u00adreb\u00adbe\u00adro esse\u00adre vis\u00adti come un com\u00adple\u00admen\u00adto di uno sti\u00adle di vita sano e non come l\u2019unico meto\u00addo per otte\u00adne\u00adre nutrienti.<\/p>\n\n\n\n<h3 class=\"wp-block-heading\">Altri pro\u00addot\u00adti Vimer\u00adgy e i loro vantaggi<\/h3>\n\n\n\n<p>Vimer\u00adgy off\u00adre una gam\u00adma di altri pro\u00addot\u00adti che con\u00adten\u00adgo\u00adno anche pre\u00adzio\u00adse sostan\u00adze nut\u00adri\u00adti\u00adve. Ques\u00adti includo\u00adno pro\u00addot\u00adti con tau\u00adri\u00adna, un ammi\u00adnoa\u00adci\u00addo che sup\u00adporta il sis\u00adte\u00adma ner\u00advo\u00adso e con\u00adtri\u00adbuis\u00adce alla salu\u00adte del&nbsp;cuore.<\/p>\n\n\n\n<h3 class=\"wp-block-heading\">Reinte\u00adgrare i nut\u00adri\u00aden\u00adti attra\u00adver\u00adso una die\u00adta equilibrata<\/h3>\n\n\n\n<p>Quin\u00addi, anche se le cap\u00adsu\u00adle posso\u00adno esse\u00adre un uti\u00adle inte\u00adgra\u00adto\u00adre, \u00e8 comun\u00adque importan\u00adte man\u00adte\u00adnere una die\u00adta equi\u00adli\u00adbra\u00adta. Una die\u00adta ric\u00adca di frut\u00adta, ver\u00addu\u00adra, cerea\u00adli inte\u00adgra\u00adli, pro\u00adte\u00adine mag\u00adre e gras\u00adsi sani pu\u00f2 for\u00adnir\u00adci la mag\u00adgi\u00ador par\u00adte dei nut\u00adri\u00aden\u00adti di cui abbia\u00admo biso\u00adg\u00adno e non dov\u00adreb\u00adbe super\u00ada\u00adre l\u2019apporto giorn\u00ada\u00adlie\u00adro raccomandato.<\/p>\n\n\n\n<h3 class=\"wp-block-heading\">Una die\u00adta sana non sosti\u00adtuis\u00adce gli inte\u00adgra\u00adto\u00adri ali\u00admen\u00adta\u00adri e viceversa<\/h3>\n\n\n\n<p>\u00c8 importan\u00adte capi\u00adre che una die\u00adta sana e gli inte\u00adgra\u00adto\u00adri dov\u00adreb\u00adbe\u00adro anda\u00adre di pari pas\u00adso, ma gli inte\u00adgra\u00adto\u00adri non sosti\u00adtuis\u00adco\u00adno una die\u00adta equi\u00adli\u00adbra\u00adta. Ment\u00adre una die\u00adta sana ci for\u00adnis\u00adce la mag\u00adgi\u00ador par\u00adte dei nut\u00adri\u00aden\u00adti di cui abbia\u00admo biso\u00adg\u00adno, le cap\u00adsu\u00adle NEM come Cele\u00adry\u00adForce posso\u00adno aiut\u00ada\u00adre a col\u00adma\u00adre even\u00adtua\u00adli lacu\u00adne e port\u00adare la nos\u00adt\u00adra salu\u00adte al livel\u00adlo successivo.<\/p>\n\n\n\n<p><strong>Sed\u00adano\u00adfor\u00adza<\/strong>\u00ae \u00e8 una mis\u00adce\u00adla di vit\u00adami\u00adne, mine\u00adra\u00adli e aminoacidi.<\/p>\n\n\n\n<h2 class=\"wp-block-heading\">Qual \u00e8 lo sco\u00adpo di Celeryforce\u00ae?<\/h2>\n\n\n\n<p>Aiu\u00adta a man\u00adte\u00adnere il nor\u00adma\u00adle fun\u00adzio\u00adna\u00admen\u00adto del sis\u00adte\u00adma ner\u00advo\u00adso e dei mus\u00adco\u00adli. Inolt\u00adre, miglio\u00adra la fun\u00adzio\u00adne cel\u00adlu\u00adla\u00adre, il sis\u00adte\u00adma immu\u00adni\u00adta\u00adrio e la salu\u00adte cardiovascolare.<\/p>\n\n\n\n<p><strong>Sed\u00adano\u00adfor\u00adza<\/strong>\u00ae for\u00adnis\u00adce un modo sem\u00adpli\u00adce per assor\u00adbi\u00adre le vit\u00adami\u00adne, i mine\u00adra\u00adli e gli ami\u00adnoa\u00adci\u00addi essen\u00adzia\u00adli neces\u00adsa\u00adri a mol\u00adte aree vita\u00adli del cor\u00adpo per fun\u00adzio\u00adna\u00adre correttamente.<\/p>\n\n\n\n<h2 class=\"wp-block-heading\">Cele\u00adry\u00adforce \u00e8 un sosti\u00adtu\u00adto del suc\u00adco di sedano?<\/h2>\n\n\n\n<p>Cele\u00adry\u00adforce\u00ae non sosti\u00adtuis\u00adce il suc\u00adco di sed\u00ada\u00adno e non con\u00adtiene il sed\u00ada\u00adno stes\u00adso. Miglio\u00adra le pro\u00adprie\u00adt\u00e0 cura\u00adti\u00adve del suc\u00adco di sed\u00ada\u00adno poi\u00adch\u00e9 ent\u00adram\u00adbi si poten\u00adzia\u00adno a vicen\u00adda. Cele\u00adry\u00adforce \u00e8 un inte\u00adgra\u00adto\u00adre ali\u00admen\u00adta\u00adre e la mis\u00adce\u00adla in esso con\u00adte\u00adnu\u00adta deve esse\u00adre vis\u00adta come un com\u00adple\u00admen\u00adto di una die\u00adta equilibrata.<\/p>\n\n\n\n<h2 class=\"wp-block-heading\">Puoi assu\u00adme\u00adre Cele\u00adry\u00adforce\u00ae con\u00adtem\u00adpo\u00adra\u00adnea\u00admen\u00adte al suc\u00adco di sedano?<\/h2>\n\n\n\n<p>No, il suc\u00adco di sed\u00ada\u00adno va semp\u00adre bevu\u00adto sepa\u00adra\u00adta\u00admen\u00adte affin\u00adch\u00e9 pos\u00adsa svi\u00adluppa\u00adre i suoi effet\u00adti bene\u00adfi\u00adci. Vimer\u00adgy Cele\u00adry\u00adforce\u00ae \u00e8 ide\u00adal\u00admen\u00adte assun\u00adto 30 minu\u00adti pri\u00adma o dopo Sesa. Se ques\u00adta pau\u00adsa dal sed\u00ada\u00adno non \u00e8 pos\u00adsi\u00adbi\u00adle al mat\u00adti\u00adno, ha comun\u00adque un buon effet\u00adto nel pome\u00adrig\u00adgio, poi\u00adch\u00e9 in quel momen\u00adto i sali di sodio con\u00adte\u00adnuti nel sesa sono anco\u00adra attivi.<\/p>\n\n\n\n<p>Aiu\u00adta nella for\u00adma\u00adzio\u00adne di segna\u00adli neu\u00adro\u00adtras\u00admett\u00adi\u00adto\u00adri sani, fun\u00adzio\u00adni mus\u00adco\u00adla\u00adri sane, tras\u00admis\u00adsio\u00adne ner\u00advo\u00adsa sana e per\u00adsi\u00adno fun\u00adzio\u00adni cel\u00adlu\u00adla\u00adri&nbsp;sane.<\/p>\n\n\n\n<p><strong>Ingre\u00addi\u00aden\u00adti:<\/strong><\/p>\n\n\n\n<ul class=\"wp-block-list\">\n<li>Gli\u00adci\u00adna\u00adto di magnesio<\/li>\n\n\n\n<li>Ino\u00adsi\u00adto\u00adlo<\/li>\n\n\n\n<li>L\u2011glutammina<\/li>\n\n\n\n<li>L\u2011taurina<\/li>\n\n\n\n<li>Coli\u00adna<\/li>\n\n\n\n<li>Riem\u00adpi\u00adtivo di cellulosa<\/li>\n\n\n\n<li>Invo\u00adlu\u00adcro del\u00adla cap\u00adsu\u00adla cap\u00adsu\u00adla vege\u00adta\u00adle (cel\u00adlu\u00adlosa,&nbsp;acqua)<\/li>\n\n\n\n<li>Emul\u00adsio\u00adn\u00adan\u00adte lecitina (gira\u00adso\u00adle)<\/li>\n<\/ul>\n\n\n\n<p><strong>Infor\u00adma\u00adzio\u00adni aggiuntive:<\/strong><\/p>\n\n\n\n<ul class=\"wp-block-list\">\n<li>La coli\u00adna \u00e8 un mem\u00adbro del\u00adla fami\u00adglia del\u00adle vit\u00adami\u00adne B che sup\u00adporta la salu\u00adte del\u00adle cel\u00adlu\u00adle e fa par\u00adte del\u00adla mis\u00adce\u00adla Cele\u00adry\u00adforce\u00ae, che deve esse\u00adre tenu\u00adta fuo\u00adri dal\u00adla por\u00adta\u00adta dei bam\u00adbi\u00adni piccoli.<\/li>\n\n\n\n<li>La coli\u00adna \u00e8 essen\u00adzia\u00adle per la pro\u00addu\u00adzi\u00ado\u00adne del neu\u00adro\u00adtras\u00admett\u00adi\u00adto\u00adre acetilcolina<\/li>\n\n\n\n<li>La coli\u00adna aiu\u00adta con una sana tras\u00admis\u00adsio\u00adne ner\u00advo\u00adsa ed \u00e8 essen\u00adzia\u00adle per il tras\u00adpor\u00adto e il meta\u00adbo\u00adlis\u00admo dei lipidi<\/li>\n\n\n\n<li>L\u2019i\u00adno\u00adsi\u00adto\u00adlo favo\u00adris\u00adce la sana fun\u00adzio\u00adne cel\u00adlu\u00adla\u00adre, ma dov\u00adreb\u00adbe esse\u00adre assun\u00adto in com\u00adbi\u00adna\u00adzio\u00adne con una die\u00adta varia\u00adta ed equi\u00adli\u00adbra\u00adta e uno sti\u00adle di vita&nbsp;sano.<\/li>\n\n\n\n<li>L\u2019inositolo \u00e8 essen\u00adzia\u00adle per una sana segnalazio\u00adne dei neurotrasmettitori<\/li>\n\n\n\n<li>Il magne\u00adsio \u00e8 un importan\u00adte cofat\u00adto\u00adre per olt\u00adre 300 sis\u00adte\u00admi enzi\u00adma\u00adti\u00adci. Il magne\u00adsio \u00e8 essen\u00adzia\u00adle per la fun\u00adzio\u00adne mito\u00adcon\u00addria\u00adle e per la sin\u00adte\u00adsi del DNA e dell\u2019RNA<\/li>\n\n\n\n<li>Il magne\u00adsio \u00e8 fon\u00adda\u00admen\u00adta\u00adle per l\u2019at\u00adti\u00adva\u00adzio\u00adne del\u00adl\u2019a\u00adde\u00adni\u00adla\u00adto cic\u00adla\u00adsi, che \u00e8 un importan\u00adte rego\u00adla\u00adto\u00adre del\u00adl\u2019at\u00adti\u00advi\u00adt\u00e0 cel\u00adlu\u00adla\u00adre ed \u00e8 essen\u00adzia\u00adle per una sana fun\u00adzio\u00adne muscolare<\/li>\n\n\n\n<li>La L\u2011glutammina raf\u00adfor\u00adza la fun\u00adzio\u00adne di un sis\u00adte\u00adma immu\u00adni\u00adta\u00adrio&nbsp;sano<\/li>\n\n\n\n<li>La L\u2011Taurina \u00e8 importan\u00adte per la salu\u00adte cel\u00adlu\u00adla\u00adre e sup\u00adporta anche la salu\u00adte cardiovascolare<\/li>\n\n\n\n<li>Ques\u00adto non \u00e8 suc\u00adco di sed\u00ada\u00adno in pol\u00advere e non pu\u00f2 sosti\u00adtui\u00adre il sesa quotidiano<\/li>\n\n\n\n<li>Non OGM, sen\u00adza glu\u00adti\u00adne, kos\u00adher, sen\u00adza mais, sen\u00adza soia, vega\u00adno,&nbsp;paleo<\/li>\n\n\n\n<li>Nien\u00adte aci\u00addo citri\u00adco e nien\u00adte gelatina<\/li>\n<\/ul>\n\n\n\n<p><strong>Dos\u00adag\u00adgio:<\/strong><\/p>\n\n\n\n<p>Secon\u00addo le indi\u00adca\u00adzio\u00adni sul\u00adla con\u00adfe\u00adzio\u00adne, assu\u00adme\u00adre in qual\u00adsi\u00ada\u00adsi momen\u00adto del\u00adla gior\u00adna\u00adta o almeno 30 minu\u00adti pri\u00adma o dopo aver bevu\u00adto suc\u00adco di sedano.<\/p>\n\n\n\n<p><strong>Un avvi\u00adso:<br><\/strong>La dose giorn\u00ada\u00adlie\u00adra rac\u00adco\u00adman\u00adda\u00adta non deve esse\u00adre supera\u00adta. Gli inte\u00adgra\u00adto\u00adri ali\u00admen\u00adta\u00adri non van\u00adno inte\u00adsi come sosti\u00adtu\u00adti di una die\u00adta varia\u00adta. Una die\u00adta equi\u00adli\u00adbra\u00adta e uno sti\u00adle di vita sano sono importan\u00adti e i NEM come la mis\u00adce\u00adla Cele\u00adry\u00adforce\u00ae posso\u00adno svol\u00adge\u00adre un ruo\u00adlo di sup\u00adporto, ma non devo\u00adno esse\u00adre uti\u00adliz\u00adza\u00adti in sosti\u00adtu\u00adzi\u00ado\u00adne. Tene\u00adre fuo\u00adri dal\u00adla por\u00adta\u00adta dei bambini.<\/p>","protected":false},"excerpt":{"rendered":"<p>Die Celeryforce von Vimergy Kapseln &#8211; Ein \u00dcberblick In einer Zeit, in der unser K\u00f6rper st\u00e4ndig hohen Belastungen ausgesetzt ist, ist es wichtig, ihm die n\u00f6tigen N\u00e4hrstoffe zuzuf\u00fchren. Hier kommen Nahrungserg\u00e4nzungsmittel ins Spiel, wie zum Beispiel die CeleryForce\u00ae von Vimergy Kapseln, die eine F\u00fclle von Vitaminen, Mineralien und essenziellen Aminos\u00e4uren bieten. Hat Celeryforce&nbsp;einen Platz auf [&hellip;]<\/p>\n","protected":false},"author":1,"featured_media":27095,"parent":38482,"menu_order":0,"comment_status":"closed","ping_status":"closed","template":"","meta":{"_acf_changed":false,"wp_typography_post_enhancements_disabled":false,"footnotes":""},"class_list":["post-27026","page","type-page","status-publish","has-post-thumbnail","hentry"],"acf":[],"_links":{"self":[{"href":"https:\/\/www.selleriesaft.com\/it\/wp-json\/wp\/v2\/pages\/27026","targetHints":{"allow":["GET"]}}],"collection":[{"href":"https:\/\/www.selleriesaft.com\/it\/wp-json\/wp\/v2\/pages"}],"about":[{"href":"https:\/\/www.selleriesaft.com\/it\/wp-json\/wp\/v2\/types\/page"}],"author":[{"embeddable":true,"href":"https:\/\/www.selleriesaft.com\/it\/wp-json\/wp\/v2\/users\/1"}],"replies":[{"embeddable":true,"href":"https:\/\/www.selleriesaft.com\/it\/wp-json\/wp\/v2\/comments?post=27026"}],"version-history":[{"count":0,"href":"https:\/\/www.selleriesaft.com\/it\/wp-json\/wp\/v2\/pages\/27026\/revisions"}],"up":[{"embeddable":true,"href":"https:\/\/www.selleriesaft.com\/it\/wp-json\/wp\/v2\/pages\/38482"}],"wp:featuredmedia":[{"embeddable":true,"href":"https:\/\/www.selleriesaft.com\/it\/wp-json\/wp\/v2\/media\/27095"}],"wp:attachment":[{"href":"https:\/\/www.selleriesaft.com\/it\/wp-json\/wp\/v2\/media?parent=27026"}],"curies":[{"name":"paro\u00adla chiave","href":"https:\/\/api.w.org\/{rel}","templated":true}]}}