{"id":27221,"date":"2022-06-10T20:49:43","date_gmt":"2022-06-10T18:49:43","guid":{"rendered":"https:\/\/www.selleriesaft.com\/?page_id=27221"},"modified":"2024-03-26T11:40:45","modified_gmt":"2024-03-26T10:40:45","slug":"zinco","status":"publish","type":"page","link":"https:\/\/www.selleriesaft.com\/it\/vimergy\/zinc\/","title":{"rendered":"Vimer\u00adgy Zinc (sol\u00adfato di zin\u00adco liquido)"},"content":{"rendered":"<p>Al gior\u00adno d\u2019oggi, mol\u00adte per\u00adso\u00adne sof\u00adf\u00adro\u00adno di caren\u00adza di zin\u00adco. Ecco per\u00adch\u00e9 \u00e8 opport\u00adu\u00adno assu\u00adme\u00adre ogni gior\u00adno un pre\u00adpa\u00adra\u00adto di zin\u00adco di alta qua\u00adli\u00adt\u00e0 sot\u00adto for\u00adma di Vimer\u00adgy Zinc (sol\u00adfato di zin\u00adco liqui\u00addo). Lo zin\u00adco \u00e8 un mine\u00adra\u00adle par\u00adti\u00adco\u00adlar\u00admen\u00adte importan\u00adte che man\u00adtiene innu\u00adme\u00adre\u00advo\u00adli fun\u00adzio\u00adni nel\u00adl\u2019or\u00adga\u00adnis\u00admo e svol\u00adge un ruo\u00adlo chia\u00adve. Sen\u00adza lo zin\u00adco non esis\u00adter\u00adeb\u00adbe un meta\u00adbo\u00adlis\u00admo sano e anche il sis\u00adte\u00adma immu\u00adni\u00adta\u00adrio \u00e8 sup\u00adport\u00adato dai suoi com\u00adpo\u00adnen\u00adti antiossidanti.<\/p>\n\n\n\n<h2 class=\"wp-block-heading\">Il fega\u00adto ha biso\u00adg\u00adno di sol\u00adfato di zin\u00adco liqui\u00addo per le sue fun\u00adzio\u00adni protettive<\/h2>\n\n\n\n<p>Il fega\u00adto fa affi\u00adda\u00admen\u00adto sul\u00adlo zin\u00adco per svol\u00adge\u00adre i suoi num\u00adero\u00adsi lavo\u00adri. Lo zin\u00adco \u00e8 neces\u00adsa\u00adrio per tut\u00adte le olt\u00adre 2.000 fun\u00adzio\u00adni del fega\u00adto. Le riser\u00adve di zin\u00adco nel fega\u00adto si esau\u00adri\u00ads\u00adco\u00adno rapi\u00adda\u00admen\u00adte per\u00adch\u00e9 a cau\u00adsa del\u00adl\u2019e\u00adle\u00adva\u00adto stress men\u00adta\u00adle e fisi\u00adco vie\u00adne con\u00adsu\u00adma\u00adto mol\u00adto zin\u00adco. Una quan\u00adti\u00adt\u00e0 suf\u00adfi\u00adci\u00aden\u00adte di zin\u00adco non vie\u00adne pi\u00f9 ass\u00ador\u00adbi\u00adta attra\u00adver\u00adso gli ali\u00admen\u00adti per\u00adch\u00e9 i ter\u00adre\u00adni col\u00adtiva\u00adbi\u00adli non sono suf\u00adfi\u00adci\u00aden\u00adte\u00admen\u00adte for\u00adni\u00adti di zin\u00adco. Il sol\u00adfato di zin\u00adco \u00e8 in gra\u00addo di com\u00adbat\u00adte\u00adre i virus e l\u2019esposizione odier\u00adna sta rapi\u00adda\u00admen\u00adte esau\u00adren\u00addo ques\u00adte scor\u00adte. Se il livel\u00adlo di zin\u00adco nel fega\u00adto \u00e8 suf\u00adfi\u00adci\u00aden\u00adte\u00admen\u00adte ele\u00adva\u00adto, il sis\u00adte\u00adma immu\u00adni\u00adta\u00adrio del fega\u00adto pu\u00f2 com\u00adbat\u00adte\u00adre gli invasori.<\/p>\n\n\n\n<h2 class=\"wp-block-heading\">Lo zin\u00adco \u00e8 importan\u00adte per la tiro\u00adide e le ghi\u00adan\u00addo\u00adle surrenali<\/h2>\n\n\n\n<p><strong>Sol\u00adfato di zin\u00adco liqui\u00addo<\/strong> inolt\u00adre raf\u00adfor\u00adza e sta\u00adbi\u00adliz\u00adza la tiro\u00adide <a href=\"https:\/\/www.selleriesaft.com\/it\/giorno\/ghiandole-surrenali\/\">ghi\u00adan\u00addo\u00adle sur\u00adrenali<\/a>. \u00c8 importan\u00adte anche per la fer\u00adti\u00adli\u00adt\u00e0. \u00c8 anche un anti\u00adset\u00adti\u00adco per agen\u00adti pato\u00adge\u00adni come <a href=\"https:\/\/www.selleriesaft.com\/it\/ebv-protokoll-nach-anthony-william\/\">Epstein Barr<\/a> e fuo\u00adco di San\u00adt\u2019An\u00adto\u00adnio, quin\u00addi l\u2019as\u00adsun\u00adzio\u00adne ne sop\u00adp\u00adrime la cre\u00adsci\u00adta nel cor\u00adpo e allo stes\u00adso tem\u00adpo aiu\u00adta a ridur\u00adre l\u2019in\u00adfiam\u00adma\u00adzio\u00adne e la cre\u00adsci\u00adta di nodu\u00adli, tumo\u00adri e&nbsp;cisti.<\/p>\n\n\n\n<h2 class=\"wp-block-heading\">Il sol\u00adfato di zin\u00adco \u00e8 uti\u00adle per raf\u00adfred\u00addo\u00adre e influenza<\/h2>\n\n\n\n<p>Lo zin\u00adco raf\u00adfor\u00adza il sis\u00adte\u00adma immu\u00adni\u00adta\u00adrio raf\u00adfor\u00adz\u00adan\u00addo i glo\u00adbu\u00adli bian\u00adchi come lin\u00adfo\u00adci\u00adti, basofi\u00adli, neu\u00adtro\u00adfi\u00adli, eosi\u00adno\u00adfi\u00adli, macro\u00adf\u00adagi e mono\u00adci\u00adti in modo che poss\u00ada\u00adno rile\u00adva\u00adre e dis\u00adtrug\u00adge\u00adre gli agen\u00adti pato\u00adge\u00adni. Ai pri\u00admi seg\u00adni di raf\u00adfred\u00addo\u00adre e influ\u00aden\u00adza \u00e8 mol\u00adto uti\u00adle <a href=\"https:\/\/www.selleriesaft.com\/it\/zink-schock-therapie-nach-anthony-william\/\">Ter\u00ada\u00adpia d\u2019ur\u00adto con zin\u00adco<\/a> con <strong>Zin\u00adco Vimer\u00adgy<\/strong> da pro\u00adva\u00adre. Per fare ques\u00adto, gli adul\u00adti goc\u00adcio\u00adla\u00adno 2 pipet\u00adte di sol\u00adfato di zin\u00adco liqui\u00addo nella par\u00adte pos\u00adte\u00adrio\u00adre del\u00adla boc\u00adca ogni 3 ore. Aspet\u00adta un atti\u00admo e poi deglu\u00adti\u00adsci. Puoi far\u00adlo fino a cin\u00adque o sei vol\u00adte al gior\u00adno per due giorni.<\/p>\n\n\n\n<p><strong>Ingre\u00addi\u00aden\u00adti del\u00adlo zin\u00adco Vimergy<\/strong><\/p>\n\n\n\n<p><a href=\"https:\/\/www.selleriesaft.com\/it\/glicerina\/\" target=\"_blank\" data-type=\"URL\" data-id=\"https:\/\/www.selleriesaft.com\/glycerin\" rel=\"noreferrer noopener nofollow sponsored\">Gli\u00adce\u00adri\u00adna<\/a> (da lino), acqua depura\u00adta, sol\u00adfato di zin\u00adco, suc\u00adco di mela biologico<\/p>\n\n\n\n<h2 class=\"wp-block-heading\">Mag\u00adgio\u00adri det\u00adtag\u00adli su Vimer\u00adgy Zinc (sol\u00adfato di zin\u00adco liquido)<\/h2>\n\n\n\n<ul class=\"wp-block-list\">\n<li>Lo zin\u00adco \u00e8 un mine\u00adra\u00adle essen\u00adzia\u00adle per la salu\u00adte&nbsp;umana<\/li>\n\n\n\n<li>Sup\u00adporta un meta\u00adbo\u00adlis\u00admo e un sis\u00adte\u00adma immu\u00adni\u00adta\u00adrio&nbsp;sani<\/li>\n\n\n\n<li>Lo zin\u00adco \u00e8 un antiossidante<\/li>\n\n\n\n<li>Lo zin\u00adco sup\u00adporta una sana sin\u00adte\u00adsi del DNA\/espressione genica<\/li>\n\n\n\n<li>Nuo\u00advo for\u00adma\u00adto da 115 ml! Con\u00adtiene 7,5 mg di sol\u00adfato di zin\u00adco in una porzione.<\/li>\n\n\n\n<li>Il nos\u00adtro sol\u00adfato di zin\u00adco bio\u00adlo\u00adgi\u00adco con\u00adtiene solo sol\u00adfato di zin\u00adco, gli\u00adce\u00adri\u00adna bio\u00adlo\u00adgi\u00adca, acqua puri\u00adfi\u00adca\u00adta e un toc\u00adco di suc\u00adco di mela bio\u00adlo\u00adgi\u00adco per dare sapore!<\/li>\n\n\n\n<li>Sen\u00adza alcol, sen\u00adza glu\u00adti\u00adne, non OGM, kos\u00adher, sen\u00adza mais, vega\u00adno e paleo-friendly<\/li>\n\n\n\n<li>Nes\u00adsun aci\u00addo citri\u00adco o riem\u00adpi\u00adti\u00advi, addi\u00adti\u00advi o aro\u00admi naturali<\/li>\n<\/ul>\n\n\n\n<p><strong>Secon\u00addo il rego\u00adla\u00admen\u00adto UE sul\u00adle indi\u00adca\u00adzio\u00adni sul\u00adla salu\u00adte, per ques\u00adto pre\u00adpa\u00adra\u00adto sono con\u00adsen\u00adti\u00adte le seguen\u00adti indicazioni:<\/strong><\/p>\n\n\n\n<ul class=\"wp-block-list\">\n<li>Lo zin\u00adco con\u00adtri\u00adbuis\u00adce alla nor\u00adma\u00adle fun\u00adzio\u00adne cognitiva<\/li>\n\n\n\n<li>Lo zin\u00adco con\u00adtri\u00adbuis\u00adce alla nor\u00adma\u00adle sin\u00adte\u00adsi proteica<\/li>\n\n\n\n<li>Lo zin\u00adco con\u00adtri\u00adbuis\u00adce alla nor\u00adma\u00adle sin\u00adte\u00adsi del&nbsp;DNA<\/li>\n\n\n\n<li>Lo zin\u00adco aiu\u00adta a man\u00adte\u00adnere le unghie normali<\/li>\n\n\n\n<li>Lo Zin\u00adco con\u00adtri\u00adbuis\u00adce al man\u00adten\u00adimen\u00adto di capel\u00adli normali<\/li>\n\n\n\n<li>Lo zin\u00adco con\u00adtri\u00adbuis\u00adce al man\u00adten\u00adimen\u00adto di ossa normali<\/li>\n\n\n\n<li>Lo zin\u00adco con\u00adtri\u00adbuis\u00adce al nor\u00adma\u00adle meta\u00adbo\u00adlis\u00admo dei carboidrati<\/li>\n\n\n\n<li>Lo zin\u00adco aiu\u00adta a man\u00adte\u00adnere la pel\u00adle normale<\/li>\n\n\n\n<li>Lo Zin\u00adco con\u00adtri\u00adbuis\u00adce al nor\u00adma\u00adle meta\u00adbo\u00adlis\u00admo acido-base<\/li>\n\n\n\n<li>Lo zin\u00adco ha una fun\u00adzio\u00adne nella divi\u00adsio\u00adne cellulare<\/li>\n\n\n\n<li>Lo zin\u00adco con\u00adtri\u00adbuis\u00adce al nor\u00adma\u00adle meta\u00adbo\u00adlis\u00admo del\u00adla vit\u00adami\u00adna&nbsp;A<\/li>\n\n\n\n<li>Lo zin\u00adco con\u00adtri\u00adbuis\u00adce al nor\u00adma\u00adle meta\u00adbo\u00adlis\u00admo dei macronutrienti<\/li>\n\n\n\n<li>Lo zin\u00adco aiu\u00adta a pro\u00adt\u00adeg\u00adge\u00adre le cel\u00adlu\u00adle dal\u00adlo stress ossidativo<\/li>\n\n\n\n<li>Lo zin\u00adco con\u00adtri\u00adbuis\u00adce al nor\u00adma\u00adle meta\u00adbo\u00adlis\u00admo degli aci\u00addi grassi<\/li>\n\n\n\n<li>Lo zin\u00adco con\u00adtri\u00adbuis\u00adce a man\u00adte\u00adnere i nor\u00adma\u00adli livel\u00adli di tes\u00adto\u00adste\u00adro\u00adne nel sangue<\/li>\n\n\n\n<li>Lo zin\u00adco con\u00adtri\u00adbuis\u00adce alla nor\u00adma\u00adle fer\u00adti\u00adli\u00adt\u00e0 e riproduzione<\/li>\n\n\n\n<li>Lo zin\u00adco con\u00adtri\u00adbuis\u00adce al nor\u00adma\u00adle fun\u00adzio\u00adna\u00admen\u00adto del sis\u00adte\u00adma immunitario<\/li>\n\n\n\n<li>Lo zin\u00adco aiu\u00adta a man\u00adte\u00adnere una vis\u00adta normale<\/li>\n<\/ul>\n\n\n\n<p><strong>Dos\u00adag\u00adgio del liqui\u00addo sol\u00adfato di zin\u00adco Vimery:<\/strong><\/p>\n\n\n\n<p>2 pipet\u00adte (2 ml), tene\u00adre sot\u00adto la lin\u00adgua per 60 secon\u00addi, quin\u00addi deglut\u00adi\u00adre. Pren\u00addi\u00adlo 1\u20132 vol\u00adte al giorno.<\/p>\n\n\n\n<p>Nota: la quan\u00adti\u00adt\u00e0 di con\u00adsu\u00admo giorn\u00ada\u00adlie\u00adro rac\u00adco\u00adman\u00adda\u00adto indi\u00adca\u00adta non deve esse\u00adre supera\u00adta. Gli inte\u00adgra\u00adto\u00adri ali\u00admen\u00adta\u00adri non van\u00adno inte\u00adsi come sosti\u00adtu\u00adti di una die\u00adta varia\u00adta. Una die\u00adta equi\u00adli\u00adbra\u00adta e uno sti\u00adle di vita sano sono importan\u00adti. Tene\u00adre fuo\u00adri dal\u00adla por\u00adta\u00adta dei bam\u00adbi\u00adni. In caso di doman\u00adde, contat\u00adta\u00adre il pro\u00adprio med\u00adico o un pro\u00adfes\u00adsio\u00adnis\u00adta alternativo.<\/p>","protected":false},"excerpt":{"rendered":"<p>Heutzutage haben viele Menschen einen Zinkmangel. Deswegen ist es sinnvoll, t\u00e4glich ein hochwertiges Zinkpr\u00e4parat in Form von Vimergy Zink (Zinksulfat fl\u00fcssig) einzunehmen. Zink ist ein besonders wichtiges Mineral, das unz\u00e4hlige Funktionen im K\u00f6rper aufrechterh\u00e4lt und dabei eine Schl\u00fcsselposition einnimmt. Ohne Zink g\u00e4be es keinen gesunden Stoffwechsel und auch das Immunsystem wird durch seine antioxidativen Komponenten [&hellip;]<\/p>\n","protected":false},"author":2,"featured_media":27224,"parent":38482,"menu_order":0,"comment_status":"closed","ping_status":"closed","template":"","meta":{"_acf_changed":false,"wp_typography_post_enhancements_disabled":false,"footnotes":""},"class_list":["post-27221","page","type-page","status-publish","has-post-thumbnail","hentry"],"acf":[],"_links":{"self":[{"href":"https:\/\/www.selleriesaft.com\/it\/wp-json\/wp\/v2\/pages\/27221","targetHints":{"allow":["GET"]}}],"collection":[{"href":"https:\/\/www.selleriesaft.com\/it\/wp-json\/wp\/v2\/pages"}],"about":[{"href":"https:\/\/www.selleriesaft.com\/it\/wp-json\/wp\/v2\/types\/page"}],"author":[{"embeddable":true,"href":"https:\/\/www.selleriesaft.com\/it\/wp-json\/wp\/v2\/users\/2"}],"replies":[{"embeddable":true,"href":"https:\/\/www.selleriesaft.com\/it\/wp-json\/wp\/v2\/comments?post=27221"}],"version-history":[{"count":0,"href":"https:\/\/www.selleriesaft.com\/it\/wp-json\/wp\/v2\/pages\/27221\/revisions"}],"up":[{"embeddable":true,"href":"https:\/\/www.selleriesaft.com\/it\/wp-json\/wp\/v2\/pages\/38482"}],"wp:featuredmedia":[{"embeddable":true,"href":"https:\/\/www.selleriesaft.com\/it\/wp-json\/wp\/v2\/media\/27224"}],"wp:attachment":[{"href":"https:\/\/www.selleriesaft.com\/it\/wp-json\/wp\/v2\/media?parent=27221"}],"curies":[{"name":"paro\u00adla chiave","href":"https:\/\/api.w.org\/{rel}","templated":true}]}}