{"id":6892,"date":"2020-06-21T23:59:17","date_gmt":"2020-06-21T21:59:17","guid":{"rendered":"https:\/\/www.selleriesaft.com\/?page_id=6892"},"modified":"2025-12-19T12:25:16","modified_gmt":"2025-12-19T11:25:16","slug":"mirtilli-selvatici","status":"publish","type":"page","link":"https:\/\/www.selleriesaft.com\/it\/wilde-blaubeeren\/","title":{"rendered":"Mir\u00adtil\u00adli selvatici"},"content":{"rendered":"<div data-elementor-type=\"wp-page\" data-elementor-id=\"6892\" class=\"elementor elementor-6892\" data-elementor-post-type=\"page\">\n\t\t\t\t<div class=\"elementor-element elementor-element-30fc864 e-flex e-con-boxed e-con e-parent\" data-id=\"30fc864\" data-element_type=\"container\" data-e-type=\"container\" data-settings=\"{&quot;background_background&quot;:&quot;classic&quot;}\">\n\t\t\t\t\t<div class=\"e-con-inner\">\n\t\t\t\t<div class=\"elementor-element elementor-element-87114b8 elementor-widget elementor-widget-text-editor\" data-id=\"87114b8\" data-element_type=\"widget\" data-e-type=\"widget\" data-widget_type=\"text-editor.default\">\n\t\t\t\t\t\t\t\t\t<h1>Mir\u00adtil\u00adli selvatici&nbsp;<\/h1><p>Rispar\u00admia 5 % con il codi\u00adce cou\u00adpon: <strong>SELLERIESAFT<\/strong><\/p>\t\t\t\t\t\t\t\t<\/div>\n\t\t\t\t\t<\/div>\n\t\t\t\t<\/div>\n\t\t<div class=\"elementor-element elementor-element-26adfca e-flex e-con-boxed e-con e-parent\" data-id=\"26adfca\" data-element_type=\"container\" data-e-type=\"container\" data-settings=\"{&quot;background_background&quot;:&quot;classic&quot;}\">\n\t\t\t\t\t<div class=\"e-con-inner\">\n\t\t\t\t<div class=\"elementor-element elementor-element-b5902dc elementor-widget elementor-widget-text-editor\" data-id=\"b5902dc\" data-element_type=\"widget\" data-e-type=\"widget\" data-widget_type=\"text-editor.default\">\n\t\t\t\t\t\t\t\t\t<p>I mir\u00adtil\u00adli sel\u00adva\u00adti\u00adci sono essen\u00adzia\u00adli per la pre\u00adpa\u00adra\u00adzio\u00adne del <a href=\"https:\/\/www.selleriesaft.com\/it\/frullato-disintossicante-dai-metalli-pesanti\/\">Frul\u00adla\u00adti disin\u00adtos\u00adsi\u00adcan\u00adti dai metal\u00adli pesan\u00adti<\/a>. Le for\u00adme cor\u00adret\u00adte sono Vac\u00adci\u00adni\u00adum angusti\u00adfo\u00adli\u00adum o Vac\u00adci\u00adni\u00adum myr\u00adtil\u00adlo\u00adides. I mir\u00adtil\u00adli sel\u00adva\u00adti\u00adci euro\u00adpei, chi\u00adama\u00adti anche mir\u00adtil\u00adli neri (Vac\u00adci\u00adni\u00adum myrt\u00adil\u00adlus \/ bil\u00adber\u00adry), non sono idea\u00adli per la disin\u00adtos\u00adsi\u00adca\u00adzio\u00adne dai metal\u00adli pesan\u00adti, ma pos\u00adsie\u00addo\u00adno comun\u00adque pro\u00adprie\u00adt\u00e0 signi\u00adfi\u00adca\u00adti\u00adve che super\u00adano di gran lun\u00adga quel\u00adle dei mir\u00adtil\u00adli coltivati.<\/p>\t\t\t\t\t\t\t\t<\/div>\n\t\t<div class=\"elementor-element elementor-element-ae52aa8 e-flex e-con-boxed e-con e-child\" data-id=\"ae52aa8\" data-element_type=\"container\" data-e-type=\"container\" data-settings=\"{&quot;background_background&quot;:&quot;classic&quot;}\">\n\t\t\t\t\t<div class=\"e-con-inner\">\n\t\t\t\t<div class=\"elementor-element elementor-element-8583417 elementor-widget elementor-widget-image\" data-id=\"8583417\" data-element_type=\"widget\" data-e-type=\"widget\" data-widget_type=\"image.default\">\n\t\t\t\t\t\t\t\t\t\t\t\t\t\t\t\t<a href=\"https:\/\/www.obst-oswald.at\/de\/shop\/tk-wilde-waldheidelbeeren-aus-kanada-sorte-vaccinium-angustifolium\/\" target=\"_blank\" rel=\"noopener\">\n\t\t\t\t\t\t\t<img loading=\"lazy\" decoding=\"async\" width=\"300\" height=\"177\" src=\"https:\/\/www.selleriesaft.com\/wp-content\/uploads\/2024\/03\/Wilde-Blaubeeren-aus-Kanada-2-300x177.avif\" class=\"attachment-medium size-medium wp-image-45515\" alt srcset=\"https:\/\/www.selleriesaft.com\/wp-content\/uploads\/2024\/03\/Wilde-Blaubeeren-aus-Kanada-2-300x177.avif 300w, https:\/\/www.selleriesaft.com\/wp-content\/uploads\/2024\/03\/Wilde-Blaubeeren-aus-Kanada-2-768x452.avif 768w, https:\/\/www.selleriesaft.com\/wp-content\/uploads\/2024\/03\/Wilde-Blaubeeren-aus-Kanada-2-18x12.avif 18w, https:\/\/www.selleriesaft.com\/wp-content\/uploads\/2024\/03\/Wilde-Blaubeeren-aus-Kanada-2.avif 839w\" sizes=\"auto, (max-width: 300px) 100vw, 300px\" title>\t\t\t\t\t\t\t\t<\/a>\n\t\t\t\t\t\t\t\t\t\t\t\t\t\t\t<\/div>\n\t\t\t\t<div class=\"elementor-element elementor-element-c7fce78 elementor-widget elementor-widget-text-editor\" data-id=\"c7fce78\" data-element_type=\"widget\" data-e-type=\"widget\" data-widget_type=\"text-editor.default\">\n\t\t\t\t\t\t\t\t\t<h2>Vac\u00adci\u00adni\u00adum angustifolia<\/h2><p><strong>I mir\u00adtil\u00adli sel\u00adva\u00adti\u00adci giu\u00ads\u00adti per il frul\u00adla\u00adto detox dai metal\u00adli pesanti.<\/strong><\/p><p>Rispar\u00admia 5 % con il codi\u00adce coupon:<\/p><p><strong>SELLERIESAFT<\/strong><\/p>\t\t\t\t\t\t\t\t<\/div>\n\t\t\t\t<div class=\"elementor-element elementor-element-9c76a38 elementor-align-center elementor-widget elementor-widget-button\" data-id=\"9c76a38\" data-element_type=\"widget\" data-e-type=\"widget\" data-widget_type=\"button.default\">\n\t\t\t\t\t\t\t\t\t\t<a class=\"elementor-button elementor-button-link elementor-size-sm\" href=\"https:\/\/www.obst-oswald.at\/de\/shop\/tk-wilde-waldheidelbeeren-aus-kanada-sorte-vaccinium-angustifolium\/\" target=\"_blank\" rel=\"nofollow noopener\">\n\t\t\t\t\t\t<span class=\"elementor-button-content-wrapper\">\n\t\t\t\t\t\t\t\t\t<span class=\"elementor-button-text\">Acquis\u00adta\u00adre<\/span>\n\t\t\t\t\t<\/span>\n\t\t\t\t\t<\/a>\n\t\t\t\t\t\t\t\t<\/div>\n\t\t\t\t\t<\/div>\n\t\t\t\t<\/div>\n\t\t\t\t<div class=\"elementor-element elementor-element-955f8e7 elementor-widget elementor-widget-text-editor\" data-id=\"955f8e7\" data-element_type=\"widget\" data-e-type=\"widget\" data-widget_type=\"text-editor.default\">\n\t\t\t\t\t\t\t\t\t<p>I mir\u00adtil\u00adli sel\u00adva\u00adti\u00adci sono ric\u00adchi di antios\u00adsi\u00addan\u00adti e han\u00adno una varie\u00adt\u00e0 di bene\u00adfi\u00adci per la salu\u00adte. Posso\u00adno aiut\u00ada\u00adre a ridur\u00adre il rischio di malat\u00adtie car\u00addia\u00adche, raf\u00adforz\u00ada\u00adre il sis\u00adte\u00adma immu\u00adni\u00adta\u00adrio e abbassa\u00adre il colesterolo.<\/p><p>I mir\u00adtil\u00adli sel\u00adva\u00adti\u00adci sono anche un\u2019ot\u00adti\u00adma fon\u00adte di fib\u00adre e han\u00adno un bas\u00adso indi\u00adce gli\u00adce\u00admi\u00adco, il che signi\u00adfi\u00adca che non caus\u00ada\u00adno un rapi\u00addo aumen\u00adto dei livel\u00adli di zuc\u00adche\u00adro nel san\u00adgue. Sono quin\u00addi par\u00adti\u00adco\u00adlar\u00admen\u00adte indi\u00adca\u00adti per le per\u00adso\u00adne che sof\u00adf\u00adro\u00adno di dia\u00adbe\u00adte o che han\u00adno biso\u00adg\u00adno di con\u00adtroll\u00ada\u00adre i livel\u00adli di zuc\u00adche\u00adro nel sangue.<\/p><p>Se stai cer\u00adcan\u00addo un modo sano per ren\u00adde\u00adre pi\u00f9 pic\u00adcan\u00adte la tua die\u00adta, pren\u00addi in con\u00adside\u00adra\u00adzio\u00adne i mir\u00adtil\u00adli sel\u00adva\u00adti\u00adci. Puoi gustar\u00adli puri o frul\u00adla\u00adti <a href=\"https:\/\/www.selleriesaft.com\/it\/frullato-disintossicante-dai-metalli-pesanti\/\">Frul\u00adla\u00adto disin\u00adtos\u00adsi\u00adcan\u00adte dai metal\u00adli pesan\u00adti<\/a> o uti\u00adliz\u00adza\u00adre in altri piatti.<\/p><p>Non solo i mir\u00adtil\u00adli sel\u00adva\u00adti\u00adci sono ric\u00adchi di sostan\u00adze nut\u00adri\u00adti\u00adve e han\u00adno mol\u00adti bene\u00adfi\u00adci per la salu\u00adte, ma sono anche deli\u00adzio\u00adsi e versatili.<\/p><p>Con mir\u00adtil\u00adli cana\u00adde\u00adsi con\u00adge\u00adla\u00adti, <a href=\"https:\/\/www.selleriesaft.com\/it\/vimergy-2\/#wild-blueberry\">Pol\u00advere di mir\u00adtil\u00adlo di Vimer\u00adgy<\/a> e i suc\u00adchi di mir\u00adtil\u00adli Wyman\u2019s, puoi rac\u00adco\u00adglie\u00adre i bene\u00adfi\u00adci per la salu\u00adte dei mir\u00adtil\u00adli sel\u00adva\u00adti\u00adci anche quan\u00addo non sono di stagione.<\/p><p>Quan\u00addo acquis\u00adti mir\u00adtil\u00adli sel\u00adva\u00adti\u00adci fre\u00adschi, assi\u00adcu\u00adra\u00adti che sia\u00adno di alta qualit\u00e0.<\/p><p>Nel comp\u00adles\u00adso, i mir\u00adtil\u00adli sel\u00adva\u00adti\u00adci sono un ali\u00admen\u00adto eccel\u00adlen\u00adte che pu\u00f2 aiut\u00ada\u00adre a miglio\u00adra\u00adre la salu\u00adte e pre\u00adve\u00adni\u00adre le malat\u00adtie. Se stai cer\u00adcan\u00addo un modo sano per ren\u00adde\u00adre pi\u00f9 pic\u00adcan\u00adte la tua die\u00adta, dov\u00adres\u00adti asso\u00adlu\u00adt\u00adamen\u00adte con\u00adsider\u00ada\u00adre di incor\u00adpora\u00adre i mir\u00adtil\u00adli sel\u00adva\u00adti\u00adci nella tua die\u00adta quo\u00adti\u00addia\u00adna. Dai un\u2019oc\u00adchia\u00adta anche al nos\u00adtro <a href=\"https:\/\/www.selleriesaft.com\/it\/giorno\/mirtilli-2\/\">ricet\u00adte di mir\u00adtil\u00adli con\u00adfor\u00admi<\/a>&nbsp;L\u00ec tro\u00adver\u00adai altri modi per incor\u00adpora\u00adre i mir\u00adtil\u00adli sel\u00adva\u00adti\u00adci nella tua&nbsp;dieta.<\/p>\t\t\t\t\t\t\t\t<\/div>\n\t\t\t\t\t<\/div>\n\t\t\t\t<\/div>\n\t\t\t\t<\/div>","protected":false},"excerpt":{"rendered":"<p>Wilde Blaubeeren\u00a0 Spare 5 % mit Gutscheincode: SELLERIESAFT Wilde Blaubeeren sind essenziell zum Zubereiten des Heavy Metal Detox Smoothies. Richtig sind die Formen Vaccinium angustifolium oder Vaccinium myrtilloides. Die europ\u00e4ischen wilden Blaubeeren, auch Heidelbeeren genannt (Vaccinium myrtillus \/ Bilberry) sind f\u00fcr die Schwermetall-Ausleitung nicht optimal, bergen aber trotzdem noch gro\u00dfe Kr\u00e4fte in sich, die denen [&hellip;]<\/p>\n","protected":false},"author":1,"featured_media":0,"parent":0,"menu_order":0,"comment_status":"closed","ping_status":"closed","template":"","meta":{"_acf_changed":false,"wp_typography_post_enhancements_disabled":false,"footnotes":""},"class_list":["post-6892","page","type-page","status-publish","hentry"],"acf":[],"_links":{"self":[{"href":"https:\/\/www.selleriesaft.com\/it\/wp-json\/wp\/v2\/pages\/6892","targetHints":{"allow":["GET"]}}],"collection":[{"href":"https:\/\/www.selleriesaft.com\/it\/wp-json\/wp\/v2\/pages"}],"about":[{"href":"https:\/\/www.selleriesaft.com\/it\/wp-json\/wp\/v2\/types\/page"}],"author":[{"embeddable":true,"href":"https:\/\/www.selleriesaft.com\/it\/wp-json\/wp\/v2\/users\/1"}],"replies":[{"embeddable":true,"href":"https:\/\/www.selleriesaft.com\/it\/wp-json\/wp\/v2\/comments?post=6892"}],"version-history":[{"count":0,"href":"https:\/\/www.selleriesaft.com\/it\/wp-json\/wp\/v2\/pages\/6892\/revisions"}],"wp:attachment":[{"href":"https:\/\/www.selleriesaft.com\/it\/wp-json\/wp\/v2\/media?parent=6892"}],"curies":[{"name":"paro\u00adla chiave","href":"https:\/\/api.w.org\/{rel}","templated":true}]}}