{"id":13,"date":"2019-05-28T01:17:46","date_gmt":"2019-05-27T23:17:46","guid":{"rendered":"https:\/\/www.selleriesaft.com\/?page_id=13"},"modified":"2025-10-18T23:55:23","modified_gmt":"2025-10-18T21:55:23","slug":"afdruk","status":"publish","type":"page","link":"https:\/\/www.selleriesaft.com\/nl\/impressum\/","title":{"rendered":"afdruk"},"content":{"rendered":"<div data-elementor-type=\"wp-page\" data-elementor-id=\"13\" class=\"elementor elementor-13\" data-elementor-post-type=\"page\">\n\t\t\t\t<div class=\"elementor-element elementor-element-d422765 e-flex e-con-boxed e-con e-parent\" data-id=\"d422765\" data-element_type=\"container\" data-e-type=\"container\" data-settings=\"{&quot;background_background&quot;:&quot;classic&quot;}\">\n\t\t\t\t\t<div class=\"e-con-inner\">\n\t\t\t\t<div class=\"elementor-element elementor-element-0dcc007 elementor-widget elementor-widget-text-editor\" data-id=\"0dcc007\" data-element_type=\"widget\" data-e-type=\"widget\" data-widget_type=\"text-editor.default\">\n\t\t\t\t\t\t\t\t\t<h1>afdruk<\/h1><p><b>Vol\u00adgens \u00a7 5&nbsp;TMG<\/b><\/p><p>Meli\u00adke Ill\u00adner<br>Rin\u00adnen\u00adbach\u00adstra\u00ad\u00dfe 16\/1<br>73760 Ost\u00adfil\u00addern<\/p><p><b>Cont\u00adact<\/b><\/p><p>E\u2011mailadres: moin@selleriesaft.com<\/p><p><strong>BTW-iden\u00adti\u00adfi\u00adca\u00adti\u00ade\u00adnum\u00admer<\/strong><\/p><p>DE452435743<\/p><h2>Vri\u00adj\u00adwa\u00adring<\/h2><p><strong>Aans\u00adpra\u00adke\u00adli\u00adjk\u00adheid voor inhoud<\/strong><\/p><p>Als dienst\u00adver\u00adle\u00adner zijn wij ver\u00adant\u00adwo\u00ador\u00adde\u00adli\u00adjk voor onze eigen inhoud op deze pagina\u2019s in overe\u00adenstem\u00adming met de alge\u00admene wet\u00adten in overe\u00adenstem\u00adming met arti\u00adkel 7, lid 1 TMG. Vol\u00adgens para\u00adgra\u00adfen 8 tot en met 10 TMG zijn wij als dienst\u00adver\u00adle\u00adner ech\u00adter niet verp\u00adlicht om ver\u00adzon\u00adden of opgesla\u00adgen infor\u00adma\u00adtie van der\u00adden te con\u00adtro\u00adle\u00adren of om omstan\u00addig\u00adhe\u00adden te onderz\u00adoe\u00adken die dui\u00adden op ille\u00adga\u00adle activiteiten.<\/p><p>Verp\u00adlicht\u00adin\u00adgen tot het ver\u00adwij\u00adde\u00adren of blok\u00adke\u00adren van het gebruik van infor\u00adma\u00adtie in overe\u00adenstem\u00adming met de alge\u00admene wet\u00adge\u00adving blij\u00adven ona\u00adan\u00adge\u00adtast. Aans\u00adpra\u00adke\u00adli\u00adjk\u00adheid in dit opzicht is ech\u00adter pas moge\u00adl\u00adijk van\u00adaf het moment van ken\u00adnis\u00adna\u00adme van een spe\u00adci\u00adfie\u00adke rechts\u00adovert\u00adre\u00adding. Als wij ken\u00adnis kri\u00adj\u00adgen van overe\u00aden\u00adkoms\u00adti\u00adge wet\u00adte\u00adli\u00adjke overt\u00adre\u00addin\u00adgen, zul\u00adlen wij deze inhoud onmid\u00addel\u00adli\u00adjk verwijderen.<\/p><p><strong>Aans\u00adpra\u00adke\u00adli\u00adjk\u00adheid voor&nbsp;links<\/strong><\/p><p>Ons aan\u00adbod bevat links naar exter\u00adne web\u00adsites van der\u00adden, op de inhoud waar\u00advan wij geen invloed heb\u00adben. Voor deze exter\u00adne inhoud kun\u00adnen wij daa\u00adrom geen aans\u00adpra\u00adke\u00adli\u00adjk\u00adheid aan\u00advaar\u00adden. Voor de inhoud van de gelink\u00adte pagina\u2019s is altijd de betref\u00adfen\u00adde aan\u00adbie\u00adder of explo\u00aditant van de pagina\u2019s ver\u00adant\u00adwo\u00ador\u00adde\u00adli\u00adjk. De gelink\u00adte pagina\u2019s wer\u00adden op het moment van lin\u00adken gecon\u00adtro\u00adleerd op moge\u00adl\u00adijke wet\u00adte\u00adli\u00adjke overt\u00adre\u00addin\u00adgen. Ille\u00adga\u00adle inhoud was op het moment van kop\u00adpelen niet zichtbaar.<\/p><p>Een per\u00adma\u00adnen\u00adte con\u00adtro\u00adle van de inhoud van de gelink\u00adte pagina\u2019s is ech\u00adter zon\u00adder con\u00adcreet bew\u00adijs van een wet\u00adte\u00adli\u00adjke overt\u00adre\u00adding onr\u00ade\u00adde\u00adli\u00adjk. Als wij ken\u00adnis kri\u00adj\u00adgen van wet\u00adte\u00adli\u00adjke overt\u00adre\u00addin\u00adgen, zul\u00adlen wij der\u00adge\u00adli\u00adjke links onmid\u00addel\u00adli\u00adjk verwijderen.<\/p><p><strong>auteurs\u00adrech\u00adten<\/strong><\/p><p>De inhoud en wer\u00adken op deze pagina\u2019s, gema\u00adakt door de explo\u00aditan\u00adten van de site, zijn onder\u00adwor\u00adpen aan het Duit\u00adse auteurs\u00adrecht. Voor repro\u00adduc\u00adtie, ver\u00adwerk\u00ading, dis\u00adtri\u00adbu\u00adtie en elke vorm van explo\u00adita\u00adtie bui\u00adten de gren\u00adzen van het auteurs\u00adrecht is de schrift\u00ade\u00adli\u00adjke toes\u00adtem\u00adming van de betref\u00adfen\u00adde auteur of maker ver\u00adeist. Down\u00adloads en kopie\u00ebn van deze pagi\u00adna zijn alleen toe\u00adge\u00ads\u00adta\u00adan voor pri\u00adv\u00e9, niet-com\u00admer\u00adcie\u00adel gebruik.<\/p><p>Als de inhoud op deze site niet door de explo\u00aditant is gema\u00adakt, wor\u00adden de auteurs\u00adrech\u00adten van der\u00adden gere\u00adspec\u00adteerd. Met name de inhoud van der\u00adden is als zoda\u00adnig gemar\u00adke\u00aderd. Mocht u toch ken\u00adnis nemen van een inb\u00adreuk op het auteurs\u00adrecht, dan verz\u00adoe\u00adken wij u ons hier\u00advan op de hoog\u00adte te stel\u00adlen. Als wij ken\u00adnis kri\u00adj\u00adgen van juri\u00addi\u00adsche overt\u00adre\u00addin\u00adgen, zul\u00adlen wij der\u00adge\u00adli\u00adjke inhoud onmid\u00addel\u00adli\u00adjk verwijderen.<\/p>\t\t\t\t\t\t\t\t<\/div>\n\t\t\t\t\t<\/div>\n\t\t\t\t<\/div>\n\t\t\t\t<\/div>","protected":false},"excerpt":{"rendered":"<p>Impressum Angaben gem\u00e4\u00df \u00a7 5 TMG Melike IllnerRinnenbachstra\u00dfe 16\/173760 Ostfildern Kontakt E-Mail: moin@selleriesaft.com USt-IdNr. DE452435743 Disclaimer Haftung f\u00fcr Inhalte Als Diensteanbieter sind wir gem\u00e4\u00df \u00a7 7 Abs.1 TMG f\u00fcr eigene Inhalte auf diesen Seiten nach den allgemeinen Gesetzen verantwortlich. Nach \u00a7\u00a7 8 bis 10 TMG sind wir als Diensteanbieter jedoch nicht verpflichtet, \u00fcbermittelte oder gespeicherte [&hellip;]<\/p>\n","protected":false},"author":1,"featured_media":0,"parent":0,"menu_order":0,"comment_status":"closed","ping_status":"closed","template":"","meta":{"_acf_changed":false,"wp_typography_post_enhancements_disabled":false,"footnotes":""},"class_list":["post-13","page","type-page","status-publish","hentry"],"acf":[],"_links":{"self":[{"href":"https:\/\/www.selleriesaft.com\/nl\/wp-json\/wp\/v2\/pages\/13","targetHints":{"allow":["GET"]}}],"collection":[{"href":"https:\/\/www.selleriesaft.com\/nl\/wp-json\/wp\/v2\/pages"}],"about":[{"href":"https:\/\/www.selleriesaft.com\/nl\/wp-json\/wp\/v2\/types\/page"}],"author":[{"embeddable":true,"href":"https:\/\/www.selleriesaft.com\/nl\/wp-json\/wp\/v2\/users\/1"}],"replies":[{"embeddable":true,"href":"https:\/\/www.selleriesaft.com\/nl\/wp-json\/wp\/v2\/comments?post=13"}],"version-history":[{"count":0,"href":"https:\/\/www.selleriesaft.com\/nl\/wp-json\/wp\/v2\/pages\/13\/revisions"}],"wp:attachment":[{"href":"https:\/\/www.selleriesaft.com\/nl\/wp-json\/wp\/v2\/media?parent=13"}],"curies":[{"name":"wp","href":"https:\/\/api.w.org\/{rel}","templated":true}]}}