{"id":27026,"date":"2022-06-07T12:16:48","date_gmt":"2022-06-07T10:16:48","guid":{"rendered":"https:\/\/www.selleriesaft.com\/?page_id=27026"},"modified":"2024-03-24T23:10:27","modified_gmt":"2024-03-24T22:10:27","slug":"selderijkracht","status":"publish","type":"page","link":"https:\/\/www.selleriesaft.com\/nl\/vimergy\/celeryforce\/","title":{"rendered":"Cele\u00adry\u00adforce\u00ae van Vimergy"},"content":{"rendered":"<h2 class=\"wp-block-heading\">De Cele\u00adry\u00adforce van Vimer\u00adgy cap\u00adsu\u00adles \u2013 een overzicht<\/h2>\n\n\n\n<p>In een tijd waa\u00adr\u00adin ons lichaam voort\u00addu\u00adrend wordt bloot\u00adge\u00adsteld aan hoge stress\u00adni\u00adveaus, is het belan\u00adgri\u00adjk om het van de nodi\u00adge voe\u00addings\u00adstof\u00adfen te voor\u00adzi\u00aden. Dit is waar voe\u00addings\u00adsup\u00adple\u00admen\u00adten een rol spe\u00adlen, zoals de CeleryForce\u00ae-capsules van Vimer\u00adgy, die een schat aan vit\u00adami\u00adnes, mine\u00adra\u00adlen en essen\u00adti\u00eb\u00adle ami\u00adno\u00adzu\u00adren leveren.<\/p>\n\n\n\n<h2 class=\"wp-block-heading\">Ver\u00addient Cele\u00adry\u00adforce een plek\u00adje op mijn boodschappenlijstje?<\/h2>\n\n\n\n<p>Sup\u00adple\u00admen\u00adten zoals Cele\u00adry\u00adForce Vimer\u00adgy-cap\u00adsu\u00adles heb\u00adben veel voor\u00adde\u00adlen. Ze zijn een gemak\u00adke\u00adli\u00adjke manier om extra voe\u00addings\u00adstof\u00adfen bin\u00adnen te kri\u00adj\u00adgen en kun\u00adnen gemak\u00adke\u00adli\u00adjk online wor\u00adden besteld, bij\u00advo\u00ador\u00adbeeld bij een postor\u00adder\u00adapo\u00adtheek. Maar zijn ze het waard om te&nbsp;kopen?<\/p>\n\n\n\n<h3 class=\"wp-block-heading\">De voor\u00adde\u00adlen<\/h3>\n\n\n\n<p>De cap\u00adsu\u00adles van Vimer\u00adgy bie\u00adden veel voor\u00adde\u00adlen, te begin\u00adnen met het feit dat ze in een han\u00addi\u00adge vege\u00adta\u00adri\u00adsche cap\u00adsu\u00adle zit\u00adten. Boven\u00addi\u00aden bevat\u00adten ze een meng\u00adsel van magne\u00adsi\u00adum\u00adgly\u00adci\u00adnaat, L\u2011taurine en cho\u00adli\u00adne, die zor\u00adgen voor een gezon\u00adde stof\u00adwis\u00adse\u00adling, een nor\u00adma\u00adle spier\u00adfunc\u00adtie en een nor\u00adma\u00adle men\u00adta\u00adle activiteit.<\/p>\n\n\n\n<h3 class=\"wp-block-heading\">De bruik\u00adbaar\u00adheid<\/h3>\n\n\n\n<p>Het gebruik van de cap\u00adsu\u00adles is ook een\u00advou\u00addig. Ze zijn voor\u00adzi\u00aden van een \u2018mou\u00adwen\u2019, wat bete\u00adkent dat ze gemak\u00adke\u00adli\u00adjk kun\u00adnen wor\u00adden ingeslikt. Boven\u00addi\u00aden kun\u00adnen ze een\u00advou\u00addig in uw dage\u00adli\u00adjk\u00adse rou\u00adti\u00adne wor\u00adden ge\u00efn\u00adte\u00adgre\u00aderd en bie\u00adden ze een een\u00advou\u00addi\u00adge aan\u00advul\u00adling op een geva\u00adrie\u00ader\u00adde en gezon\u00adde levensstijl.<\/p>\n\n\n\n<h2 class=\"wp-block-heading\">Wat kan Cele\u00adry\u00adforce voor mijn gezond\u00adheid&nbsp;doen?<\/h2>\n\n\n\n<p>De Cele\u00adry\u00adForce cap\u00adsu\u00adles zijn meer dan alleen een een\u00advou\u00addig sup\u00adple\u00adment. Ze bie\u00adden een sca\u00adla aan gezond\u00adheids\u00advo\u00ador\u00adde\u00adlen, vari\u00eb\u00adrend van een bete\u00adre spijs\u00adver\u00adte\u00adring tot een bete\u00adre concentratie.<\/p>\n\n\n\n<h3 class=\"wp-block-heading\">De actie\u00adve ingredi\u00ebnten<\/h3>\n\n\n\n<p>De actie\u00adve ingre\u00addi\u00ebn\u00adten in de cap\u00adsu\u00adles zijn divers en zorg\u00advul\u00addig gesel\u00adec\u00adteerd. Deze omvat\u00adten cho\u00adli\u00adne, dat helpt de nor\u00adma\u00adle lever\u00adfunc\u00adtie te behou\u00adden, en ino\u00adsi\u00adtol, een bestand\u00addeel van het meng\u00adsel, moet bin\u00adnen de aan\u00adbe\u00advo\u00adlen dage\u00adli\u00adjk\u00adse hoe\u00adve\u00adel\u00adheid wor\u00adden inge\u00adno\u00admen, omdat het een belan\u00adgri\u00adjke voe\u00addings\u00ads\u00adtof voor de her\u00adsenen is. De cap\u00adsu\u00adles bevat\u00adten ook L\u2011glutamine, een ami\u00adno\u00adzuur dat wijd ver\u00ads\u00adpreid is in het lichaam en vele func\u00adties heeft, waa\u00adron\u00adder het onder\u00adsteu\u00adnen van het immuunsysteem.<\/p>\n\n\n\n<h3 class=\"wp-block-heading\">Dit is hoe de voe\u00addings\u00adstof\u00adfen het lichaam be\u00efnvloeden<\/h3>\n\n\n\n<p>De voe\u00addings\u00adstof\u00adfen heb\u00adben een syn\u00ader\u00adge\u00adtisch effect op het lichaam. Ze hel\u00adpen de nor\u00adma\u00adle func\u00adtie van cel\u00adlen te onder\u00adsteu\u00adnen en het lichaam te bescher\u00admen tegen oxi\u00adda\u00adtie\u00adve stress. Ze onder\u00adsteu\u00adnen ook een gezond zen\u00aduwstel\u00adsel en dra\u00adgen bij aan een nor\u00adma\u00adle cogni\u00adtie\u00adve functie.<\/p>\n\n\n\n<h3 class=\"wp-block-heading\">De gezond\u00adheids\u00advo\u00ador\u00adde\u00adlen van selderijsap<\/h3>\n\n\n\n<p>Het drin\u00adken van sel\u00adde\u00adrie\u00adsap biedt veel gezond\u00adheids\u00advo\u00ador\u00adde\u00adlen. Het is rijk aan vit\u00adami\u00adnes en mine\u00adra\u00adlen en biedt een natu\u00adur\u00adli\u00adjke bron van anti\u00adoxidan\u00adten. Het kan ook hel\u00adpen het lichaam te ont\u00adgif\u00adten, de spijs\u00adver\u00adte\u00adring te bevor\u00adde\u00adren en de ener\u00adgie te verhogen.<\/p>\n\n\n\n<h2 class=\"wp-block-heading\">Wat zijn de voe\u00addings\u00adwaar\u00adden van Celeryforce?<\/h2>\n\n\n\n<p>Ondanks de voor\u00adde\u00adlen die Cele\u00adry\u00adForce-cap\u00adsu\u00adles bie\u00adden, is het belan\u00adgri\u00adjk op te mer\u00adken dat voe\u00addings\u00adsup\u00adple\u00admen\u00adten geen ver\u00advan\u00adging zijn voor een uit\u00adge\u00adba\u00adlan\u00adceerd en gezond die\u00adet. Ze moe\u00adten wor\u00adden gezi\u00aden als een aan\u00advul\u00adling op een gezon\u00adde levens\u00adsti\u00adjl en niet als de eni\u00adge manier om voe\u00addings\u00adstof\u00adfen bin\u00adnen te krijgen.<\/p>\n\n\n\n<h3 class=\"wp-block-heading\">Ande\u00adre Vimer\u00adgy-pro\u00adduc\u00adten en hun voordelen<\/h3>\n\n\n\n<p>Vimer\u00adgy biedt nog een reeks ande\u00adre pro\u00adduc\u00adten aan die ook waar\u00adde\u00advol\u00adle voe\u00addings\u00adstof\u00adfen bevat\u00adten. Daar\u00adtoe beho\u00adren pro\u00adduc\u00adten met tau\u00adri\u00adne, een ami\u00adno\u00adzuur dat het zen\u00aduwstel\u00adsel onder\u00adsteunt en bij\u00addraagt aan de gezond\u00adheid van het&nbsp;hart.<\/p>\n\n\n\n<h3 class=\"wp-block-heading\">Het aan\u00advul\u00adlen van voe\u00addings\u00adstof\u00adfen door een uit\u00adge\u00adba\u00adlan\u00adceerd&nbsp;dieet<\/h3>\n\n\n\n<p>Hoe\u00adwel de cap\u00adsu\u00adles dus een nut\u00adti\u00adge aan\u00advul\u00adling kun\u00adnen zijn, is het toch belan\u00adgri\u00adjk om een uit\u00adge\u00adba\u00adlan\u00adceerd die\u00adet te vol\u00adgen. Een die\u00adet rijk aan fruit, groen\u00adten, vol\u00adle gra\u00adnen, mage\u00adre eiwit\u00adten en gezon\u00adde vet\u00adten kan ons voor\u00adzi\u00aden van de mees\u00adte voe\u00addings\u00adstof\u00adfen die we nodig heb\u00adben en mag de aan\u00adbe\u00advo\u00adlen dage\u00adli\u00adjk\u00adse hoe\u00adve\u00adel\u00adheid niet overschrijden.<\/p>\n\n\n\n<h3 class=\"wp-block-heading\">Een gezond voe\u00addings\u00adpatroon is geen ver\u00advan\u00adging voor voe\u00addings\u00adsup\u00adple\u00admen\u00adten en omgekeerd<\/h3>\n\n\n\n<p>Het is belan\u00adgri\u00adjk om te begri\u00adj\u00adpen dat een gezond die\u00adet en sup\u00adple\u00admen\u00adten hand in hand moe\u00adten gaan, maar sup\u00adple\u00admen\u00adten zijn geen ver\u00advan\u00adging voor een uit\u00adge\u00adba\u00adlan\u00adceerd die\u00adet. Hoe\u00adwel een gezond die\u00adet ons voor\u00adziet van de mees\u00adte voe\u00addings\u00adstof\u00adfen die we nodig heb\u00adben, kun\u00adnen NEM-ach\u00adti\u00adge Cele\u00adry\u00adForce-cap\u00adsu\u00adles hel\u00adpen even\u00adtue\u00adle hia\u00adten op te vul\u00adlen en onze gezond\u00adheid naar een hoger niveau te tillen.<\/p>\n\n\n\n<p><strong>Sel\u00adde\u00adri\u00adj\u00adkracht<\/strong>\u00ae is een meng\u00adsel van vit\u00adami\u00adnen, mine\u00adra\u00adlen en aminozuren.<\/p>\n\n\n\n<h2 class=\"wp-block-heading\">Wat is de reik\u00adwijd\u00adte van Celeryforce\u00ae?<\/h2>\n\n\n\n<p>Het helpt de nor\u00adma\u00adle werk\u00ading van het zen\u00aduwstel\u00adsel en de spie\u00adren te behou\u00adden. Boven\u00addi\u00aden ver\u00adbe\u00adtert het de cel\u00adlu\u00adlai\u00adre func\u00adtie, het immu\u00adun\u00adsys\u00adteem en de car\u00addio\u00advas\u00adcu\u00adlai\u00adre gezondheid.<\/p>\n\n\n\n<p><strong>Sel\u00adde\u00adri\u00adj\u00adkracht<\/strong>\u00ae biedt een gemak\u00adke\u00adli\u00adjke manier om de essen\u00adti\u00eb\u00adle vit\u00adami\u00adnen, mine\u00adra\u00adlen en ami\u00adno\u00adzu\u00adren op te nemen die veel vita\u00adle delen van het lichaam nodig heb\u00adben om soe\u00adpel te kun\u00adnen functioneren.<\/p>\n\n\n\n<h2 class=\"wp-block-heading\">Is Cele\u00adry\u00adforce een ver\u00advan\u00adger voor selderiesap?<\/h2>\n\n\n\n<p>Cele\u00adry\u00adforce\u00ae ver\u00advangt het sel\u00adde\u00adr\u00adij\u00adsap niet en bevat zelf geen sel\u00adde\u00adrij. Het ver\u00adbe\u00adtert de gene\u00adzen\u00adde eigenschap\u00adpen van sel\u00adde\u00adrie\u00adsap, omdat bei\u00adde elka\u00adar vers\u00adter\u00adken. Cele\u00adry\u00adforce is een voe\u00addings\u00adsup\u00adple\u00adment en het meng\u00adsel dat het bevat moet gezi\u00aden wor\u00adden als een aan\u00advul\u00adling op een even\u00adwich\u00adti\u00adge voeding.<\/p>\n\n\n\n<h2 class=\"wp-block-heading\">Kun je Cele\u00adry\u00adforce\u00ae tege\u00adli\u00adjk met sel\u00adde\u00adr\u00adij\u00adsap gebruiken?<\/h2>\n\n\n\n<p>Nee, sel\u00adde\u00adrie\u00adsap moet altijd apart gedr\u00adon\u00adken wor\u00adden, zodat het zijn guns\u00adti\u00adge effec\u00adten kan ont\u00adwik\u00adkelen. Vimer\u00adgy Cele\u00adry\u00adforce\u00ae wordt bij voor\u00adkeur 30 minu\u00adten v\u00f3\u00f3r of na Sesa inge\u00adno\u00admen. Als dit tijds\u00adin\u00adter\u00adval bij sel\u00adde\u00adrij \u2019s mor\u00adgens niet moge\u00adl\u00adijk is, heeft het \u2019s mid\u00addags nog steeds een goed effect, omdat de natri\u00adum\u00adclus\u00adt\u00aderz\u00adou\u00adten in sesa dan nog actief zijn.<\/p>\n\n\n\n<p>Het helpt bij de vor\u00adming van gezon\u00adde neu\u00adro\u00adtrans\u00admit\u00adter\u00adsi\u00adgna\u00adlen, gezon\u00adde spier\u00adfunc\u00adties, gezon\u00adde zen\u00aduw\u00adtrans\u00admis\u00adsie en zelfs gezon\u00adde cel\u00adlu\u00adlai\u00adre functies.<\/p>\n\n\n\n<p><strong>Ingre\u00addi\u00ebn\u00adten:<\/strong><\/p>\n\n\n\n<ul class=\"wp-block-list\">\n<li>Magne\u00adsi\u00adum\u00adgly\u00adci\u00adnaat<\/li>\n\n\n\n<li>Ino\u00adsi\u00adtol<\/li>\n\n\n\n<li>L\u2011glutamine<\/li>\n\n\n\n<li>L\u2011taurine<\/li>\n\n\n\n<li>Cho\u00adli\u00adne<\/li>\n\n\n\n<li>Cel\u00adlu\u00adlo\u00adse-vul\u00adler<\/li>\n\n\n\n<li>Cap\u00adsu\u00adle\u00adwand vege\u00adta\u00adri\u00adsche cap\u00adsu\u00adle (cel\u00adlu\u00adlo\u00adse,&nbsp;water)<\/li>\n\n\n\n<li>Emul\u00adga\u00adtor leci\u00adthi\u00adne (zon\u00adne\u00adb\u00adlo\u00adem)<\/li>\n<\/ul>\n\n\n\n<p><strong>Extra infor\u00adma\u00adtie:<\/strong><\/p>\n\n\n\n<ul class=\"wp-block-list\">\n<li>Cho\u00adli\u00adne is een lid van de vit\u00adami\u00adne B\u2011familie die de cel\u00adge\u00adzond\u00adheid onder\u00adsteunt en maakt deel uit van het Celeryforce\u00ae-mengsel, dat bui\u00adten het bereik van klei\u00adne kin\u00adde\u00adren moet wor\u00adden gehouden.<\/li>\n\n\n\n<li>Cho\u00adli\u00adne is essen\u00adtie\u00adel voor de aan\u00admaak van de neu\u00adro\u00adtrans\u00admit\u00adter acetylcholine<\/li>\n\n\n\n<li>Cho\u00adli\u00adne helpt bij een gezon\u00adde zen\u00adu\u00adwo\u00adver\u00addracht en is essen\u00adtie\u00adel voor het trans\u00adport van lipi\u00adden en de stofwisseling<\/li>\n\n\n\n<li>Ino\u00adsi\u00adtol bevor\u00addert een gezon\u00adde cel\u00adfunc\u00adtie, maar moet wor\u00adden inge\u00adno\u00admen in com\u00adbi\u00adna\u00adtie met een geva\u00adrie\u00ader\u00adde en even\u00adwich\u00adti\u00adge voe\u00adding en een gezon\u00adde levensstijl.<\/li>\n\n\n\n<li>Ino\u00adsi\u00adtol is essen\u00adtie\u00adel voor een gezon\u00adde neurotransmittersignalering<\/li>\n\n\n\n<li>Magne\u00adsi\u00adum is een belan\u00adgri\u00adjke cofac\u00adtor voor meer dan 300 enzym\u00adsys\u00adte\u00admen. Magne\u00adsi\u00adum is essen\u00adtie\u00adel voor de mito\u00adchon\u00addria\u00adle func\u00adtie en voor de DNA- en RNA-synthese<\/li>\n\n\n\n<li>Magne\u00adsi\u00adum is cru\u00adcia\u00adal voor de acti\u00adve\u00adring van ade\u00adny\u00adla\u00adat\u00adcy\u00adcla\u00adse, een belan\u00adgri\u00adjke regu\u00adla\u00adtor van de cel\u00adlu\u00adlai\u00adre acti\u00advi\u00adteit en essen\u00adtie\u00adel voor een gezon\u00adde spierfunctie<\/li>\n\n\n\n<li>L\u2011Glutamine vers\u00adter\u00adkt de func\u00adtie van een gezond immuunsysteem<\/li>\n\n\n\n<li>L\u2011Taurine is belan\u00adgri\u00adjk voor de cel\u00adlu\u00adlai\u00adre gezond\u00adheid en onder\u00adsteunt ook de car\u00addio\u00advas\u00adcu\u00adlai\u00adre gezondheid<\/li>\n\n\n\n<li>Dit is geen sel\u00adde\u00adrie\u00ads\u00adap\u00adp\u00adoeder en kan de dage\u00adli\u00adjk\u00adse sesa niet vervangen<\/li>\n\n\n\n<li>Niet-GMO, glu\u00adten\u00advrij, koos\u00adjer, ma\u00efs\u00advrij, sojavrij, vega\u00adnis\u00adtisch, paleo<\/li>\n\n\n\n<li>Geen citro\u00aden\u00adzuur en geen gelatine<\/li>\n<\/ul>\n\n\n\n<p><strong>Dose\u00adring:<\/strong><\/p>\n\n\n\n<p>Vol\u00adgens de aan\u00adwi\u00adj\u00adzin\u00adgen op de ver\u00adpak\u00adking op elk moment van de dag inne\u00admen, of ten\u00admins\u00adte 30 minu\u00adten voor of na het drin\u00adken van selderiesap.<\/p>\n\n\n\n<p><strong>Een med\u00adede\u00adling:<br><\/strong>De aan\u00adbe\u00advo\u00adlen dage\u00adli\u00adjk\u00adse dosis mag niet over\u00adschre\u00adden wor\u00adden. Voe\u00addings\u00adsup\u00adple\u00admen\u00adten mogen niet wor\u00adden gebruikt als ver\u00advan\u00adging van een geva\u00adrie\u00ader\u00adde voe\u00adding. Een uit\u00adge\u00adba\u00adlan\u00adceerd die\u00adet en een gezon\u00adde levens\u00adsti\u00adjl zijn belan\u00adgri\u00adjk, en NEM zoals Cele\u00adry\u00adforce\u00ae blend kan een onder\u00adsteu\u00adnen\u00adde rol spe\u00adlen, maar mag niet als ver\u00advan\u00adging wor\u00adden gebruikt. Bui\u00adten het bereik van kin\u00adde\u00adren houden.<\/p>","protected":false},"excerpt":{"rendered":"<p>Die Celeryforce von Vimergy Kapseln &#8211; Ein \u00dcberblick In einer Zeit, in der unser K\u00f6rper st\u00e4ndig hohen Belastungen ausgesetzt ist, ist es wichtig, ihm die n\u00f6tigen N\u00e4hrstoffe zuzuf\u00fchren. Hier kommen Nahrungserg\u00e4nzungsmittel ins Spiel, wie zum Beispiel die CeleryForce\u00ae von Vimergy Kapseln, die eine F\u00fclle von Vitaminen, Mineralien und essenziellen Aminos\u00e4uren bieten. Hat Celeryforce&nbsp;einen Platz auf [&hellip;]<\/p>\n","protected":false},"author":1,"featured_media":27095,"parent":38482,"menu_order":0,"comment_status":"closed","ping_status":"closed","template":"","meta":{"_acf_changed":false,"wp_typography_post_enhancements_disabled":false,"footnotes":""},"class_list":["post-27026","page","type-page","status-publish","has-post-thumbnail","hentry"],"acf":[],"_links":{"self":[{"href":"https:\/\/www.selleriesaft.com\/nl\/wp-json\/wp\/v2\/pages\/27026","targetHints":{"allow":["GET"]}}],"collection":[{"href":"https:\/\/www.selleriesaft.com\/nl\/wp-json\/wp\/v2\/pages"}],"about":[{"href":"https:\/\/www.selleriesaft.com\/nl\/wp-json\/wp\/v2\/types\/page"}],"author":[{"embeddable":true,"href":"https:\/\/www.selleriesaft.com\/nl\/wp-json\/wp\/v2\/users\/1"}],"replies":[{"embeddable":true,"href":"https:\/\/www.selleriesaft.com\/nl\/wp-json\/wp\/v2\/comments?post=27026"}],"version-history":[{"count":0,"href":"https:\/\/www.selleriesaft.com\/nl\/wp-json\/wp\/v2\/pages\/27026\/revisions"}],"up":[{"embeddable":true,"href":"https:\/\/www.selleriesaft.com\/nl\/wp-json\/wp\/v2\/pages\/38482"}],"wp:featuredmedia":[{"embeddable":true,"href":"https:\/\/www.selleriesaft.com\/nl\/wp-json\/wp\/v2\/media\/27095"}],"wp:attachment":[{"href":"https:\/\/www.selleriesaft.com\/nl\/wp-json\/wp\/v2\/media?parent=27026"}],"curies":[{"name":"wp","href":"https:\/\/api.w.org\/{rel}","templated":true}]}}