{"id":27221,"date":"2022-06-10T20:49:43","date_gmt":"2022-06-10T18:49:43","guid":{"rendered":"https:\/\/www.selleriesaft.com\/?page_id=27221"},"modified":"2024-03-26T11:40:45","modified_gmt":"2024-03-26T10:40:45","slug":"zink","status":"publish","type":"page","link":"https:\/\/www.selleriesaft.com\/nl\/vimergy\/zinc\/","title":{"rendered":"Vimer\u00adgy Zink (zink\u00adsul\u00adfaat\u00adv\u00adlo\u00adei\u00ads\u00adtof)"},"content":{"rendered":"<p>Tegenwo\u00ador\u00addig heb\u00adben veel men\u00adsen een zink\u00adte\u00adkort. Daa\u00adrom is het zin\u00advol om dage\u00adli\u00adjks een hoog\u00adwaar\u00addig zink\u00adpre\u00adpa\u00adraat in de vorm van Vimer\u00adgy Zink (vlo\u00adei\u00adbaar zink\u00adsul\u00adfaat) te slik\u00adken. Zink is een bij\u00adzon\u00adder belan\u00adgri\u00adjk miner\u00adaal dat tal\u00adlo\u00adze func\u00adties in het lichaam onder\u00adhoudt en een sleu\u00adtel\u00adrol speelt. Zon\u00adder zink zou er geen gezond meta\u00adbo\u00adlis\u00adme zijn en wordt het immu\u00adun\u00adsys\u00adteem ook onder\u00adsteund door de anti\u00adoxi\u00adder\u00aden\u00adde componenten.<\/p>\n\n\n\n<h2 class=\"wp-block-heading\">De lever heeft zink\u00adsul\u00adfaat\u00adv\u00adlo\u00adei\u00ads\u00adtof nodig voor zijn bescher\u00admen\u00adde functies<\/h2>\n\n\n\n<p>De lever is voor zijn vele taken afhan\u00adke\u00adli\u00adjk van zink. Zink is nood\u00adza\u00adke\u00adli\u00adjk voor alle meer dan 2000 func\u00adties van de lever. De zink\u00adre\u00adser\u00adves in de lever raken snel uit\u00adge\u00adput omdat er door de hoge men\u00adta\u00adle en fysie\u00adke stress veel zink wordt opge\u00adbruikt. Er wordt niet meer vol\u00addoende zink via de voe\u00adding opge\u00adno\u00admen, omdat het bouw\u00adland niet vol\u00addoende van zink wordt voor\u00adzi\u00aden. Zink\u00adsul\u00adfaat is in staat virus\u00adsen te bestrij\u00adden en door de hui\u00addi\u00adge bloot\u00adstel\u00adling raken deze voor\u00adraden snel uit\u00adge\u00adput. Als er vol\u00addoende zink in de lever aan\u00adwe\u00adzig is, kan het immu\u00adun\u00adsys\u00adteem van de lever indrin\u00adgers bestrijden.<\/p>\n\n\n\n<h2 class=\"wp-block-heading\">Zink is belan\u00adgri\u00adjk voor de schild\u00adklier en de bijnieren<\/h2>\n\n\n\n<p><strong>Vlo\u00adei\u00adbaar zink\u00adsul\u00adfaat<\/strong> vers\u00adter\u00adkt en sta\u00adbi\u00adli\u00adse\u00adert ook de schild\u00adklier <a href=\"https:\/\/www.selleriesaft.com\/nl\/dag-2\/bijnieren\/\">bij\u00adnie\u00adren<\/a>. Het is ook belan\u00adgri\u00adjk voor de vrucht\u00adbaar\u00adheid. Het is ook een anti\u00adsep\u00adti\u00adcum voor ziek\u00adte\u00adver\u00adwek\u00adkers zoals <a href=\"https:\/\/www.selleriesaft.com\/nl\/ebv-protokoll-nach-anthony-william\/\">Epstein barr<\/a> en gor\u00addel\u00adroos, dus het inne\u00admen ervan onder\u00addrukt de gro\u00adei ervan in het lichaam en helpt tege\u00adli\u00adjker\u00adtijd de ontste\u00adkin\u00adgen en de gro\u00adei van knob\u00adbelt\u00adjes, tumo\u00adren en cys\u00adten te verminderen.<\/p>\n\n\n\n<h2 class=\"wp-block-heading\">Zink\u00adsul\u00adfaat is nut\u00adtig bij verk\u00adoud\u00adheid en&nbsp;griep<\/h2>\n\n\n\n<p>Zink vers\u00adter\u00adkt het immu\u00adun\u00adsys\u00adteem door wit\u00adte bloedcel\u00adlen zoals lym\u00adfo\u00adcy\u00adten, basofie\u00adlen, neu\u00adtro\u00adfie\u00adlen, eosi\u00adno\u00adfie\u00adlen, macro\u00adfa\u00adgen en mono\u00adcy\u00adten te vers\u00adter\u00adken, zodat ze ziek\u00adte\u00adver\u00adwek\u00adkers kun\u00adnen detec\u00adte\u00adren en ver\u00adnie\u00adti\u00adgen. Bij de eers\u00adte teke\u00adnen van verk\u00adoud\u00adheid en griep is het zeer nut\u00adtig <a href=\"https:\/\/www.selleriesaft.com\/nl\/zink-schock-therapie-nach-anthony-william\/\">Zink-shock\u00adthe\u00adra\u00adpie<\/a> met <strong>Vimer\u00adgy Zink<\/strong> om uit te pro\u00adbe\u00adren. Om dit te doen, drup\u00adpelen vol\u00adwas\u00adse\u00adnen elke 3 uur 2 pipet\u00adten vlo\u00adei\u00adbaar zink\u00adsul\u00adfaat ach\u00adter in de mond. Wacht een minuut en slik dan. Je kunt dit maxim\u00adaal vijf of zes keer per dag doen, gedu\u00adren\u00adde twee&nbsp;dagen.<\/p>\n\n\n\n<p><strong>Ingre\u00addi\u00ebn\u00adten van Vimer\u00adgy&nbsp;Zink<\/strong><\/p>\n\n\n\n<p><a href=\"https:\/\/www.selleriesaft.com\/nl\/glycerine\/\" target=\"_blank\" data-type=\"URL\" data-id=\"https:\/\/www.selleriesaft.com\/glycerin\" rel=\"noreferrer noopener nofollow sponsored\">Gly\u00adce\u00adri\u00adne<\/a> (uit vlas), gezuiverd water, zink\u00adsul\u00adfaat, bio\u00adlo\u00adgisch appelsap<\/p>\n\n\n\n<h2 class=\"wp-block-heading\">Meer details over Vimer\u00adgy Zink (zink\u00adsul\u00adfaat\u00adv\u00adlo\u00adei\u00ads\u00adtof)<\/h2>\n\n\n\n<ul class=\"wp-block-list\">\n<li>Zink is een essen\u00adtie\u00adel miner\u00adaal voor de men\u00adse\u00adli\u00adjke gezondheid<\/li>\n\n\n\n<li>Onder\u00adsteunt een gezon\u00adde stof\u00adwis\u00adse\u00adling en immuunsysteem<\/li>\n\n\n\n<li>Zink is een antioxidant<\/li>\n\n\n\n<li>Zink onder\u00adsteunt een gezon\u00adde DNA-syn\u00adthe\u00adse\/\u00adgen\u00adex\u00adpres\u00adsie<\/li>\n\n\n\n<li>Nieuw 115ml-for\u00admaat! Bevat 7,5 mg zink\u00adsul\u00adfaat in \u00e9\u00e9n portie.<\/li>\n\n\n\n<li>Ons bio\u00adlo\u00adgi\u00adsche zink\u00adsul\u00adfaat bevat alleen zink\u00adsul\u00adfaat, bio\u00adlo\u00adgi\u00adsche gly\u00adce\u00adri\u00adne, gezuiverd water en een vleug\u00adje bio\u00adlo\u00adgisch appel\u00adsap voor de&nbsp;smaak!<\/li>\n\n\n\n<li>Alco\u00adhol\u00advrij, glu\u00adten\u00advrij, non-GMO, koos\u00adjer, ma\u00efs\u00advrij, vega\u00adnis\u00adtisch en paleovriendelijk<\/li>\n\n\n\n<li>Geen citro\u00aden\u00adzuur of vul\u00adstof\u00adfen, addi\u00adtie\u00adven of natu\u00adur\u00adli\u00adjke smaakstoffen<\/li>\n<\/ul>\n\n\n\n<p><strong>Vol\u00adgens de EU-gezond\u00adheids\u00adclaim\u00adver\u00ador\u00adde\u00adning zijn voor dit pre\u00adpa\u00adraat de vol\u00adgen\u00adde ver\u00admel\u00addin\u00adgen toegestaan:<\/strong><\/p>\n\n\n\n<ul class=\"wp-block-list\">\n<li>Zink draagt bij aan een nor\u00adma\u00adle cogni\u00adtie\u00adve functie<\/li>\n\n\n\n<li>Zink draagt bij tot een nor\u00adma\u00adle eiwitsynthese<\/li>\n\n\n\n<li>Zink draagt bij aan de nor\u00adma\u00adle DNA-synthese<\/li>\n\n\n\n<li>Zink draagt bij aan het behoud van nor\u00adma\u00adle nagels<\/li>\n\n\n\n<li>Zink draagt bij tot het behoud van norm\u00adaal&nbsp;haar<\/li>\n\n\n\n<li>Zink draagt bij tot het behoud van nor\u00adma\u00adle botten<\/li>\n\n\n\n<li>Zink draagt bij aan een norm\u00adaal koolhydraatmetabolisme<\/li>\n\n\n\n<li>Zink helpt de nor\u00adma\u00adle huid te behouden<\/li>\n\n\n\n<li>Zink draagt bij tot een norm\u00adaal zuur-basemetabolisme<\/li>\n\n\n\n<li>Zink heeft een func\u00adtie bij de celdeling<\/li>\n\n\n\n<li>Zink draagt bij aan een norm\u00adaal vit\u00adami\u00adne A\u2011metabolisme<\/li>\n\n\n\n<li>Zink draagt bij tot een norm\u00adaal meta\u00adbo\u00adlis\u00adme van macronutri\u00ebnten<\/li>\n\n\n\n<li>Zink helpt cel\u00adlen te bescher\u00admen tegen oxi\u00adda\u00adtie\u00adve stress<\/li>\n\n\n\n<li>Zink draagt bij aan een norm\u00adaal vetzuurmetabolisme<\/li>\n\n\n\n<li>Zink draagt bij aan het behoud van een norm\u00adaal tes\u00adto\u00adste\u00adron\u00adge\u00adhal\u00adte in het&nbsp;bloed<\/li>\n\n\n\n<li>Zink draagt bij tot een nor\u00adma\u00adle vrucht\u00adbaar\u00adheid en voortplanting<\/li>\n\n\n\n<li>Zink draagt bij tot de nor\u00adma\u00adle werk\u00ading van het immuunsysteem<\/li>\n\n\n\n<li>Zink helpt het nor\u00adma\u00adle gezichts\u00adver\u00admo\u00adgen te behouden<\/li>\n<\/ul>\n\n\n\n<p><strong>Dose\u00adring van Vime\u00adry zinksulfaatvloeistof:<\/strong><\/p>\n\n\n\n<p>2 pipet\u00adten (2 ml), 60 secon\u00adden onder de tong hou\u00adden en dan doors\u00adlik\u00adken. Neem 1\u20132 maal&nbsp;daags.<\/p>\n\n\n\n<p>Let op: De aan\u00adge\u00adge\u00adven aan\u00adbe\u00advo\u00adlen dage\u00adli\u00adjk\u00adse con\u00adsump\u00adtie\u00adhoe\u00adve\u00adel\u00adheid mag niet over\u00adschre\u00adden wor\u00adden. Voe\u00addings\u00adsup\u00adple\u00admen\u00adten mogen niet wor\u00adden gebruikt als ver\u00advan\u00adging van een geva\u00adrie\u00ader\u00adde voe\u00adding. Een uit\u00adge\u00adba\u00adlan\u00adceerd die\u00adet en een gezon\u00adde levens\u00adsti\u00adjl zijn belan\u00adgri\u00adjk. Bui\u00adten het bereik van kin\u00adde\u00adren hou\u00adden. Als u vra\u00adgen heeft, kunt u cont\u00adact opne\u00admen met uw arts of alter\u00adna\u00adtie\u00adve behandelaar.<\/p>","protected":false},"excerpt":{"rendered":"<p>Heutzutage haben viele Menschen einen Zinkmangel. Deswegen ist es sinnvoll, t\u00e4glich ein hochwertiges Zinkpr\u00e4parat in Form von Vimergy Zink (Zinksulfat fl\u00fcssig) einzunehmen. Zink ist ein besonders wichtiges Mineral, das unz\u00e4hlige Funktionen im K\u00f6rper aufrechterh\u00e4lt und dabei eine Schl\u00fcsselposition einnimmt. Ohne Zink g\u00e4be es keinen gesunden Stoffwechsel und auch das Immunsystem wird durch seine antioxidativen Komponenten [&hellip;]<\/p>\n","protected":false},"author":2,"featured_media":27224,"parent":38482,"menu_order":0,"comment_status":"closed","ping_status":"closed","template":"","meta":{"_acf_changed":false,"wp_typography_post_enhancements_disabled":false,"footnotes":""},"class_list":["post-27221","page","type-page","status-publish","has-post-thumbnail","hentry"],"acf":[],"_links":{"self":[{"href":"https:\/\/www.selleriesaft.com\/nl\/wp-json\/wp\/v2\/pages\/27221","targetHints":{"allow":["GET"]}}],"collection":[{"href":"https:\/\/www.selleriesaft.com\/nl\/wp-json\/wp\/v2\/pages"}],"about":[{"href":"https:\/\/www.selleriesaft.com\/nl\/wp-json\/wp\/v2\/types\/page"}],"author":[{"embeddable":true,"href":"https:\/\/www.selleriesaft.com\/nl\/wp-json\/wp\/v2\/users\/2"}],"replies":[{"embeddable":true,"href":"https:\/\/www.selleriesaft.com\/nl\/wp-json\/wp\/v2\/comments?post=27221"}],"version-history":[{"count":0,"href":"https:\/\/www.selleriesaft.com\/nl\/wp-json\/wp\/v2\/pages\/27221\/revisions"}],"up":[{"embeddable":true,"href":"https:\/\/www.selleriesaft.com\/nl\/wp-json\/wp\/v2\/pages\/38482"}],"wp:featuredmedia":[{"embeddable":true,"href":"https:\/\/www.selleriesaft.com\/nl\/wp-json\/wp\/v2\/media\/27224"}],"wp:attachment":[{"href":"https:\/\/www.selleriesaft.com\/nl\/wp-json\/wp\/v2\/media?parent=27221"}],"curies":[{"name":"wp","href":"https:\/\/api.w.org\/{rel}","templated":true}]}}