{"id":6892,"date":"2020-06-21T23:59:17","date_gmt":"2020-06-21T21:59:17","guid":{"rendered":"https:\/\/www.selleriesaft.com\/?page_id=6892"},"modified":"2025-12-19T12:25:16","modified_gmt":"2025-12-19T11:25:16","slug":"wilde-bosbessen","status":"publish","type":"page","link":"https:\/\/www.selleriesaft.com\/nl\/wilde-blaubeeren\/","title":{"rendered":"Wil\u00adde bosbessen"},"content":{"rendered":"<div data-elementor-type=\"wp-page\" data-elementor-id=\"6892\" class=\"elementor elementor-6892\" data-elementor-post-type=\"page\">\n\t\t\t\t<div class=\"elementor-element elementor-element-30fc864 e-flex e-con-boxed e-con e-parent\" data-id=\"30fc864\" data-element_type=\"container\" data-e-type=\"container\" data-settings=\"{&quot;background_background&quot;:&quot;classic&quot;}\">\n\t\t\t\t\t<div class=\"e-con-inner\">\n\t\t\t\t<div class=\"elementor-element elementor-element-87114b8 elementor-widget elementor-widget-text-editor\" data-id=\"87114b8\" data-element_type=\"widget\" data-e-type=\"widget\" data-widget_type=\"text-editor.default\">\n\t\t\t\t\t\t\t\t\t<h1>Wil\u00adde bosbessen&nbsp;<\/h1><p>Bes\u00adpaar 5 % met cou\u00adpon\u00adcode: <strong>SELLERIESAFT<\/strong><\/p>\t\t\t\t\t\t\t\t<\/div>\n\t\t\t\t\t<\/div>\n\t\t\t\t<\/div>\n\t\t<div class=\"elementor-element elementor-element-26adfca e-flex e-con-boxed e-con e-parent\" data-id=\"26adfca\" data-element_type=\"container\" data-e-type=\"container\" data-settings=\"{&quot;background_background&quot;:&quot;classic&quot;}\">\n\t\t\t\t\t<div class=\"e-con-inner\">\n\t\t\t\t<div class=\"elementor-element elementor-element-b5902dc elementor-widget elementor-widget-text-editor\" data-id=\"b5902dc\" data-element_type=\"widget\" data-e-type=\"widget\" data-widget_type=\"text-editor.default\">\n\t\t\t\t\t\t\t\t\t<p>Wil\u00adde bos\u00adbes\u00adsen zijn essen\u00adtie\u00adel voor de berei\u00adding van de <a href=\"https:\/\/www.selleriesaft.com\/nl\/detox-smoothie-voor-zware-metalen\/\">Hea\u00advy Metal Detox-smoothies<\/a>. De cor\u00adrec\u00adte vor\u00admen zijn Vac\u00adci\u00adni\u00adum angusti\u00adfo\u00adli\u00adum of Vac\u00adci\u00adni\u00adum myr\u00adtil\u00adlo\u00adides. Euro\u00adpe\u00adse wil\u00adde bos\u00adbes\u00adsen, ook wel blau\u00adwe bes\u00adsen genoemd (Vac\u00adci\u00adni\u00adum myrt\u00adil\u00adlus \/ bos\u00adbes), zijn niet ide\u00adaal voor het ont\u00adgif\u00adten van zwa\u00adre meta\u00adlen, maar bezit\u00adten desal\u00adni\u00adet\u00adte\u00admin belan\u00adgri\u00adjke eigenschap\u00adpen die die van gekweek\u00adte bos\u00adbes\u00adsen ruim\u00adschoots overtreffen.<\/p>\t\t\t\t\t\t\t\t<\/div>\n\t\t<div class=\"elementor-element elementor-element-ae52aa8 e-flex e-con-boxed e-con e-child\" data-id=\"ae52aa8\" data-element_type=\"container\" data-e-type=\"container\" data-settings=\"{&quot;background_background&quot;:&quot;classic&quot;}\">\n\t\t\t\t\t<div class=\"e-con-inner\">\n\t\t\t\t<div class=\"elementor-element elementor-element-8583417 elementor-widget elementor-widget-image\" data-id=\"8583417\" data-element_type=\"widget\" data-e-type=\"widget\" data-widget_type=\"image.default\">\n\t\t\t\t\t\t\t\t\t\t\t\t\t\t\t\t<a href=\"https:\/\/www.obst-oswald.at\/de\/shop\/tk-wilde-waldheidelbeeren-aus-kanada-sorte-vaccinium-angustifolium\/\" target=\"_blank\" rel=\"noopener\">\n\t\t\t\t\t\t\t<img loading=\"lazy\" decoding=\"async\" width=\"300\" height=\"177\" src=\"https:\/\/www.selleriesaft.com\/wp-content\/uploads\/2024\/03\/Wilde-Blaubeeren-aus-Kanada-2-300x177.avif\" class=\"attachment-medium size-medium wp-image-45515\" alt srcset=\"https:\/\/www.selleriesaft.com\/wp-content\/uploads\/2024\/03\/Wilde-Blaubeeren-aus-Kanada-2-300x177.avif 300w, https:\/\/www.selleriesaft.com\/wp-content\/uploads\/2024\/03\/Wilde-Blaubeeren-aus-Kanada-2-768x452.avif 768w, https:\/\/www.selleriesaft.com\/wp-content\/uploads\/2024\/03\/Wilde-Blaubeeren-aus-Kanada-2-18x12.avif 18w, https:\/\/www.selleriesaft.com\/wp-content\/uploads\/2024\/03\/Wilde-Blaubeeren-aus-Kanada-2.avif 839w\" sizes=\"auto, (max-width: 300px) 100vw, 300px\" title>\t\t\t\t\t\t\t\t<\/a>\n\t\t\t\t\t\t\t\t\t\t\t\t\t\t\t<\/div>\n\t\t\t\t<div class=\"elementor-element elementor-element-c7fce78 elementor-widget elementor-widget-text-editor\" data-id=\"c7fce78\" data-element_type=\"widget\" data-e-type=\"widget\" data-widget_type=\"text-editor.default\">\n\t\t\t\t\t\t\t\t\t<h2>Vac\u00adci\u00adni\u00adum angustifolium<\/h2><p><strong>De juis\u00adte wil\u00adde bos\u00adbes\u00adsen voor de Hea\u00advy Metal Detox Smoothie.<\/strong><\/p><p>Bes\u00adpaar 5 % met couponcode:<\/p><p><strong>SELLERIESAFT<\/strong><\/p>\t\t\t\t\t\t\t\t<\/div>\n\t\t\t\t<div class=\"elementor-element elementor-element-9c76a38 elementor-align-center elementor-widget elementor-widget-button\" data-id=\"9c76a38\" data-element_type=\"widget\" data-e-type=\"widget\" data-widget_type=\"button.default\">\n\t\t\t\t\t\t\t\t\t\t<a class=\"elementor-button elementor-button-link elementor-size-sm\" href=\"https:\/\/www.obst-oswald.at\/de\/shop\/tk-wilde-waldheidelbeeren-aus-kanada-sorte-vaccinium-angustifolium\/\" target=\"_blank\" rel=\"nofollow noopener\">\n\t\t\t\t\t\t<span class=\"elementor-button-content-wrapper\">\n\t\t\t\t\t\t\t\t\t<span class=\"elementor-button-text\">Kopen<\/span>\n\t\t\t\t\t<\/span>\n\t\t\t\t\t<\/a>\n\t\t\t\t\t\t\t\t<\/div>\n\t\t\t\t\t<\/div>\n\t\t\t\t<\/div>\n\t\t\t\t<div class=\"elementor-element elementor-element-955f8e7 elementor-widget elementor-widget-text-editor\" data-id=\"955f8e7\" data-element_type=\"widget\" data-e-type=\"widget\" data-widget_type=\"text-editor.default\">\n\t\t\t\t\t\t\t\t\t<p>Wil\u00adde bos\u00adbes\u00adsen zijn rijk aan anti\u00adoxidan\u00adten en heb\u00adben ver\u00adschil\u00adlen\u00adde gezond\u00adheids\u00advo\u00ador\u00adde\u00adlen. Ze kun\u00adnen het risi\u00adco op hart\u00adziek\u00adten hel\u00adpen ver\u00admin\u00adde\u00adren, het immu\u00adun\u00adsys\u00adteem vers\u00adter\u00adken en het cho\u00adle\u00adste\u00adrol verlagen.<\/p><p>Wil\u00adde bos\u00adbes\u00adsen zijn ook een gewel\u00addi\u00adge bron van vezels en heb\u00adben een lage gly\u00adce\u00admi\u00adsche index, wat bete\u00adkent dat ze er niet voor zor\u00adgen dat de bloed\u00adsui\u00adker\u00adspie\u00adgel snel sti\u00adjgt. Ze zijn daa\u00adrom bij\u00adzon\u00adder geschikt voor men\u00adsen die aan dia\u00adbe\u00adtes lij\u00adden of hun bloed\u00adsui\u00adker\u00adspie\u00adgel onder con\u00adtro\u00adle moe\u00adten houden.<\/p><p>Als u op zoek bent naar een gezon\u00adde manier om uw die\u00adet op te fleu\u00adren, over\u00adweeg dan wil\u00adde bos\u00adbes\u00adsen. Je kunt er puur van genie\u00adten of in smoothies <a href=\"https:\/\/www.selleriesaft.com\/nl\/detox-smoothie-voor-zware-metalen\/\">Hea\u00advy Metal Detox-smoothie<\/a> of gebruik in ande\u00adre gerechten.<\/p><p>Wil\u00adde bos\u00adbes\u00adsen zijn niet alleen rijk aan voe\u00addings\u00adstof\u00adfen en heb\u00adben veel gezond\u00adheids\u00advo\u00ador\u00adde\u00adlen, maar ze zijn ook heer\u00adli\u00adjk en veelzijdig.<\/p><p>Met Cana\u00adde\u00adse bevro\u00adren bos\u00adbes\u00adsen, <a href=\"https:\/\/www.selleriesaft.com\/nl\/vimergy-2\/#wild-blueberry\">Bos\u00adbes\u00adsen\u00adpoe\u00adder van Vimer\u00adgy<\/a> en Wyman\u2019s Blueber\u00adry Juices kunt u pro\u00adfi\u00adte\u00adren van de gezond\u00adheids\u00advo\u00ador\u00adde\u00adlen van wil\u00adde bos\u00adbes\u00adsen, zelfs als ze niet in het seiz\u00adoen&nbsp;zijn.<\/p><p>Let er bij het kopen van ver\u00adse wil\u00adde bos\u00adbes\u00adsen op dat ze van hoge kwa\u00adli\u00adte\u00adit&nbsp;zijn.<\/p><p>Over het alge\u00admeen zijn wil\u00adde bos\u00adbes\u00adsen een uit\u00ads\u00adte\u00adkend voed\u00adsel dat de gezond\u00adheid kan hel\u00adpen ver\u00adbe\u00adte\u00adren en ziek\u00adten kan voor\u00adko\u00admen. Als u op zoek bent naar een gezon\u00adde manier om uw die\u00adet op te fleu\u00adren, moet u zeker over\u00adwe\u00adgen om wil\u00adde bos\u00adbes\u00adsen in uw dage\u00adli\u00adjk\u00adse die\u00adet op te nemen. Kijk ook eens naar die van ons <a href=\"https:\/\/www.selleriesaft.com\/nl\/dag-2\/bosbessen\/\">con\u00adfor\u00adme bos\u00adbes\u00adsen\u00adre\u00adcep\u00adten<\/a>&nbsp;Daar vindt u meer manie\u00adren om wil\u00adde bos\u00adbes\u00adsen in uw die\u00adet op te&nbsp;nemen.<\/p>\t\t\t\t\t\t\t\t<\/div>\n\t\t\t\t\t<\/div>\n\t\t\t\t<\/div>\n\t\t\t\t<\/div>","protected":false},"excerpt":{"rendered":"<p>Wilde Blaubeeren\u00a0 Spare 5 % mit Gutscheincode: SELLERIESAFT Wilde Blaubeeren sind essenziell zum Zubereiten des Heavy Metal Detox Smoothies. Richtig sind die Formen Vaccinium angustifolium oder Vaccinium myrtilloides. Die europ\u00e4ischen wilden Blaubeeren, auch Heidelbeeren genannt (Vaccinium myrtillus \/ Bilberry) sind f\u00fcr die Schwermetall-Ausleitung nicht optimal, bergen aber trotzdem noch gro\u00dfe Kr\u00e4fte in sich, die denen [&hellip;]<\/p>\n","protected":false},"author":1,"featured_media":0,"parent":0,"menu_order":0,"comment_status":"closed","ping_status":"closed","template":"","meta":{"_acf_changed":false,"wp_typography_post_enhancements_disabled":false,"footnotes":""},"class_list":["post-6892","page","type-page","status-publish","hentry"],"acf":[],"_links":{"self":[{"href":"https:\/\/www.selleriesaft.com\/nl\/wp-json\/wp\/v2\/pages\/6892","targetHints":{"allow":["GET"]}}],"collection":[{"href":"https:\/\/www.selleriesaft.com\/nl\/wp-json\/wp\/v2\/pages"}],"about":[{"href":"https:\/\/www.selleriesaft.com\/nl\/wp-json\/wp\/v2\/types\/page"}],"author":[{"embeddable":true,"href":"https:\/\/www.selleriesaft.com\/nl\/wp-json\/wp\/v2\/users\/1"}],"replies":[{"embeddable":true,"href":"https:\/\/www.selleriesaft.com\/nl\/wp-json\/wp\/v2\/comments?post=6892"}],"version-history":[{"count":0,"href":"https:\/\/www.selleriesaft.com\/nl\/wp-json\/wp\/v2\/pages\/6892\/revisions"}],"wp:attachment":[{"href":"https:\/\/www.selleriesaft.com\/nl\/wp-json\/wp\/v2\/media?parent=6892"}],"curies":[{"name":"wp","href":"https:\/\/api.w.org\/{rel}","templated":true}]}}